{"id":52983,"date":"2024-03-08T06:59:20","date_gmt":"2024-09-13T12:46:13","guid":{"rendered":"https:\/\/staging.nbg.eu\/product\/bore-tech-shotgun-blend\/"},"modified":"2024-09-13T12:46:58","modified_gmt":"2024-09-13T12:46:58","slug":"bore-tech-shotgun-blend","status":"publish","type":"product","link":"https:\/\/staging.nbg.eu\/hr\/proizvod\/bore-tech-shotgun-blend\/","title":{"rendered":"Bore Tech Shotgun Blend"},"content":{"rendered":"<p>\nBore Tech-ova mje\u0161avina za sa\u010dmarice je sredstvo za \u010di\u0161\u0107enje cijevi bez amonijaka. Ova biorazgradiva formula uklanja olovo, barut i plasti\u010dne ostatke \u010depova iz cijevi, prijelaznih konusa i izmjenjivih \u010dokova. Sigurna je za uporabu, bez mirisa i jednostavna za kori\u0161tenje. \u010cisti temeljito, \u0161to se mo\u017ee vidjeti na krpicama za \u010di\u0161\u0107enje.<\/p>\n","protected":false},"excerpt":{"rendered":"<p>Sna\u017eno sredstvo za \u010di\u0161\u0107enje cijevi sigurno uklanja olovo, ugljik i plasti\u010dne naslage.<\/p>\n","protected":false},"featured_media":52984,"template":"","meta":{"_acf_changed":false},"product_brand":[11147],"product_cat":[13550,13564],"product_tag":[],"class_list":{"0":"post-52983","1":"product","2":"type-product","3":"status-publish","4":"has-post-thumbnail","6":"product_brand-boretech","7":"product_cat-ciscenje-oruzja","8":"product_cat-sredstva-za-ciscenje","10":"first","11":"instock","12":"taxable","13":"shipping-taxable","14":"purchasable","15":"product-type-variable","16":"wvs-archive-product-wrapper"},"acf":[],"_links":{"self":[{"href":"https:\/\/staging.nbg.eu\/hr\/wp-json\/wp\/v2\/product\/52983","targetHints":{"allow":["GET"]}}],"collection":[{"href":"https:\/\/staging.nbg.eu\/hr\/wp-json\/wp\/v2\/product"}],"about":[{"href":"https:\/\/staging.nbg.eu\/hr\/wp-json\/wp\/v2\/types\/product"}],"wp:featuredmedia":[{"embeddable":true,"href":"https:\/\/staging.nbg.eu\/hr\/wp-json\/wp\/v2\/media\/52984"}],"wp:attachment":[{"href":"https:\/\/staging.nbg.eu\/hr\/wp-json\/wp\/v2\/media?parent=52983"}],"wp:term":[{"taxonomy":"product_brand","embeddable":true,"href":"https:\/\/staging.nbg.eu\/hr\/wp-json\/wp\/v2\/product_brand?post=52983"},{"taxonomy":"product_cat","embeddable":true,"href":"https:\/\/staging.nbg.eu\/hr\/wp-json\/wp\/v2\/product_cat?post=52983"},{"taxonomy":"product_tag","embeddable":true,"href":"https:\/\/staging.nbg.eu\/hr\/wp-json\/wp\/v2\/product_tag?post=52983"}],"curies":[{"name":"wp","href":"https:\/\/api.w.org\/{rel}","templated":true}]}}