{"id":529391,"date":"2025-09-02T20:23:55","date_gmt":"2025-09-02T17:23:55","guid":{"rendered":"https:\/\/staging.nbg.eu\/product\/magpul-zhukov-s-stock-for-ak-47-ak-74-mag585\/"},"modified":"2025-09-26T12:41:42","modified_gmt":"2025-09-26T09:41:42","slug":"magpul-zhukov-s-kundak-za-ak-47-ak-74-mag585","status":"publish","type":"product","link":"https:\/\/staging.nbg.eu\/hr\/proizvod\/magpul-zhukov-s-kundak-za-ak-47-ak-74-mag585\/","title":{"rendered":"Magpul &#8211; ZHUKOV-S kundak za AK-47 \/ AK-74 &#8211; MAG585"},"content":{"rendered":"<div class=\"product-description\">\n<h2>Magpul ZHUKOV-S\u00ae Kundak za AK-47 \/ AK-74 &#8211; MAG585<\/h2>\n<p>Magpul ZHUKOV-S\u00ae sklopivi kundak za AK47\/AKM\/AK74 karabine. Ovaj dizajn nudi:<\/p>\n<ul>\n<li>Pode\u0161avanje u 5 polo\u017eaja za odgovaraju\u0107u duljinu ruke<\/li>\n<li>Mehanizam za sklapanje na desnu stranu kompatibilan s optikom na lastinom repu<\/li>\n<li>Mogu\u0107nost pucanja i punjenja sa sklopljenim kundakom<\/li>\n<li>Dizajn niskog profila bez zapinjanja<\/li>\n<li>Gumeni jastu\u010di\u0107 koji upija trzaj<\/li>\n<li>Otvor za remen od 1,25&#8243; i kompatibilnost s QD priklju\u010dkom<\/li>\n<\/ul>\n<p>Te\u017eine 425g i duljine 223,5-289,5mm, ovaj kundak proizveden u SAD-u kombinira udobnost, funkcionalnost i izdr\u017eljivost. Napomena: Nije kompatibilan s jugoslavenskim AK, Norinco Type 56S\/MAK-90 ili glodanim prijemnicima.<\/p>\n<\/div>\n","protected":false},"excerpt":{"rendered":"<p>Magpul ZHUKOV-S: Sklopivi, podesivi kundak za AK s QD priklju\u010dcima.<\/p>\n","protected":false},"featured_media":491482,"template":"","meta":{"_acf_changed":false},"product_brand":[11536],"product_cat":[13503,13529,13569,13518],"product_tag":[],"class_list":{"0":"post-529391","1":"product","2":"type-product","3":"status-publish","4":"has-post-thumbnail","6":"product_brand-magpul","7":"product_cat-ak-tuning","8":"product_cat-kundaci","9":"product_cat-puska","10":"product_cat-rifle-tuning","12":"first","13":"instock","14":"taxable","15":"shipping-taxable","16":"purchasable","17":"product-type-variable","18":"wvs-archive-product-wrapper"},"acf":[],"_links":{"self":[{"href":"https:\/\/staging.nbg.eu\/hr\/wp-json\/wp\/v2\/product\/529391","targetHints":{"allow":["GET"]}}],"collection":[{"href":"https:\/\/staging.nbg.eu\/hr\/wp-json\/wp\/v2\/product"}],"about":[{"href":"https:\/\/staging.nbg.eu\/hr\/wp-json\/wp\/v2\/types\/product"}],"wp:featuredmedia":[{"embeddable":true,"href":"https:\/\/staging.nbg.eu\/hr\/wp-json\/wp\/v2\/media\/491482"}],"wp:attachment":[{"href":"https:\/\/staging.nbg.eu\/hr\/wp-json\/wp\/v2\/media?parent=529391"}],"wp:term":[{"taxonomy":"product_brand","embeddable":true,"href":"https:\/\/staging.nbg.eu\/hr\/wp-json\/wp\/v2\/product_brand?post=529391"},{"taxonomy":"product_cat","embeddable":true,"href":"https:\/\/staging.nbg.eu\/hr\/wp-json\/wp\/v2\/product_cat?post=529391"},{"taxonomy":"product_tag","embeddable":true,"href":"https:\/\/staging.nbg.eu\/hr\/wp-json\/wp\/v2\/product_tag?post=529391"}],"curies":[{"name":"wp","href":"https:\/\/api.w.org\/{rel}","templated":true}]}}