{"id":529273,"date":"2025-09-02T20:21:32","date_gmt":"2025-09-02T17:21:32","guid":{"rendered":"https:\/\/staging.nbg.eu\/product\/magpul-gl-enhanced-magazine-well-for-glock-19-gen-4-mag950\/"},"modified":"2025-09-26T12:31:37","modified_gmt":"2025-09-26T09:31:37","slug":"magpul-gl-poboljsano-grlo-spremnika-za-glock-19-gen-4-mag950","status":"publish","type":"product","link":"https:\/\/staging.nbg.eu\/hr\/proizvod\/magpul-gl-poboljsano-grlo-spremnika-za-glock-19-gen-4-mag950\/","title":{"rendered":"Magpul &#8211; GL poboljsano grlo spremnika za GLOCK 19 GEN 4 &#8211; MAG950"},"content":{"rendered":"<h2>Magpul GL pobolj\u0161ano le\u017ei\u0161te za spremnik za GLOCK\u00ae 19 Gen4 &#8211; MAG950<\/h2>\n<p>Pobolj\u0161ajte performanse va\u0161eg GLOCK 19 Gen4 s Magpulovim le\u017ei\u0161tem za spremnik. Dizajnirano za zahtjevne situacije, osigurava glatko umetanje i va\u0111enje spremnika. Glavne zna\u010dajke uklju\u010duju:<\/p>\n<ul>\n<li>Dizajn za dobro prikrivanje<\/li>\n<li>Optimizirano za standardne GLOCK spremnike i Magpul GL9\u00ae PMAG\u00ae spremnike<\/li>\n<li>Glatka rampa i geometrija rubova za jednostavno rukovanje spremnicima<\/li>\n<li>Proizvedeno u SAD-u<\/li>\n<\/ul>\n<p><strong>Napomena:<\/strong> Nije kompatibilno s GLOCK modularnim stra\u017enjim dijelovima rukohvata ili nekim spremnicima smanjenog kapaciteta. Preporu\u010duje se profesionalna ugradnja za uske pristajanja.<\/p>\n","protected":false},"excerpt":{"rendered":"<p>Pobolj\u0161ajte umetanje spremnika za GLOCK 19 Gen4 pomo\u0107u Magpulovog elegantnog lijevka za spremnik.<\/p>\n","protected":false},"featured_media":491113,"template":"","meta":{"_acf_changed":false},"product_brand":[11399,11536],"product_cat":[13570,13526],"product_tag":[],"class_list":{"0":"post-529273","1":"product","2":"type-product","3":"status-publish","4":"has-post-thumbnail","6":"product_brand-glock","7":"product_brand-magpul","8":"product_cat-dijelovi-za-pistolj","9":"product_cat-pistolj","11":"first","12":"instock","13":"taxable","14":"shipping-taxable","15":"purchasable","16":"product-type-simple"},"acf":[],"_links":{"self":[{"href":"https:\/\/staging.nbg.eu\/hr\/wp-json\/wp\/v2\/product\/529273","targetHints":{"allow":["GET"]}}],"collection":[{"href":"https:\/\/staging.nbg.eu\/hr\/wp-json\/wp\/v2\/product"}],"about":[{"href":"https:\/\/staging.nbg.eu\/hr\/wp-json\/wp\/v2\/types\/product"}],"wp:featuredmedia":[{"embeddable":true,"href":"https:\/\/staging.nbg.eu\/hr\/wp-json\/wp\/v2\/media\/491113"}],"wp:attachment":[{"href":"https:\/\/staging.nbg.eu\/hr\/wp-json\/wp\/v2\/media?parent=529273"}],"wp:term":[{"taxonomy":"product_brand","embeddable":true,"href":"https:\/\/staging.nbg.eu\/hr\/wp-json\/wp\/v2\/product_brand?post=529273"},{"taxonomy":"product_cat","embeddable":true,"href":"https:\/\/staging.nbg.eu\/hr\/wp-json\/wp\/v2\/product_cat?post=529273"},{"taxonomy":"product_tag","embeddable":true,"href":"https:\/\/staging.nbg.eu\/hr\/wp-json\/wp\/v2\/product_tag?post=529273"}],"curies":[{"name":"wp","href":"https:\/\/api.w.org\/{rel}","templated":true}]}}