{"id":52879,"date":"2024-03-08T09:51:57","date_gmt":"2024-03-08T09:51:57","guid":{"rendered":"https:\/\/staging.nbg.eu\/product\/bronze-spiral-shotgun-brush\/"},"modified":"2024-09-13T12:44:38","modified_gmt":"2024-09-13T12:44:38","slug":"broncana-spiralna-cetka-za-sacmare","status":"publish","type":"product","link":"https:\/\/staging.nbg.eu\/hr\/proizvod\/broncana-spiralna-cetka-za-sacmare\/","title":{"rendered":"Bron\u010dana Spiralna \u010cetka za Sa\u010dmare"},"content":{"rendered":"<p>\u010cetka za sa\u010dmaricu Bronze Spiral tvrtke Bore Tech ima spiralne \u010dekinje za u\u010dinkovito \u010di\u0161\u0107enje bez o\u0161te\u0107enja oru\u017eja. Izra\u0111ena je od fosforove bronce koja je sigurna za cijev, u\u010dinkovito uklanja tvrdokorne plasti\u010dne naslage i traje du\u017ee od standardnih \u017ei\u010danih \u010detki. Dostupna je za kalibre od 10 do .410, odgovara standardnim \u0161ipkama s navojem 5\/16-27.<\/p>\n","protected":false},"excerpt":{"rendered":"<p>Inovativna spiralna \u010detka za temeljito i sigurno \u010di\u0161\u0107enje cijevi sa\u010dmarice.<\/p>\n","protected":false},"featured_media":52880,"template":"","meta":{"_acf_changed":false},"product_brand":[11147],"product_cat":[13577,13550],"product_tag":[],"class_list":{"0":"post-52879","1":"product","2":"type-product","3":"status-publish","4":"has-post-thumbnail","6":"product_brand-boretech","7":"product_cat-cetke","8":"product_cat-ciscenje-oruzja","10":"first","11":"outofstock","12":"taxable","13":"shipping-taxable","14":"purchasable","15":"product-type-simple"},"acf":[],"_links":{"self":[{"href":"https:\/\/staging.nbg.eu\/hr\/wp-json\/wp\/v2\/product\/52879","targetHints":{"allow":["GET"]}}],"collection":[{"href":"https:\/\/staging.nbg.eu\/hr\/wp-json\/wp\/v2\/product"}],"about":[{"href":"https:\/\/staging.nbg.eu\/hr\/wp-json\/wp\/v2\/types\/product"}],"wp:featuredmedia":[{"embeddable":true,"href":"https:\/\/staging.nbg.eu\/hr\/wp-json\/wp\/v2\/media\/52880"}],"wp:attachment":[{"href":"https:\/\/staging.nbg.eu\/hr\/wp-json\/wp\/v2\/media?parent=52879"}],"wp:term":[{"taxonomy":"product_brand","embeddable":true,"href":"https:\/\/staging.nbg.eu\/hr\/wp-json\/wp\/v2\/product_brand?post=52879"},{"taxonomy":"product_cat","embeddable":true,"href":"https:\/\/staging.nbg.eu\/hr\/wp-json\/wp\/v2\/product_cat?post=52879"},{"taxonomy":"product_tag","embeddable":true,"href":"https:\/\/staging.nbg.eu\/hr\/wp-json\/wp\/v2\/product_tag?post=52879"}],"curies":[{"name":"wp","href":"https:\/\/api.w.org\/{rel}","templated":true}]}}