{"id":52777,"date":"2024-03-11T05:07:53","date_gmt":"2024-03-11T05:07:53","guid":{"rendered":"https:\/\/staging.nbg.eu\/product\/bore-tech-alloy-shotgun-stix-36\/"},"modified":"2024-09-13T11:36:14","modified_gmt":"2024-09-13T11:36:14","slug":"bore-tech-alloy-shotgun-stix-36","status":"publish","type":"product","link":"https:\/\/staging.nbg.eu\/hr\/proizvod\/bore-tech-alloy-shotgun-stix-36\/","title":{"rendered":"Bore Tech Alloy Shotgun Stix 36&#8243;"},"content":{"rendered":"<p>\nBore Tech Alloy Shotgun Stix 36&#8243; karakteristike:<\/p>\n<ul>\n<li>Ergonomska ru\u010dka sa \u0161ipkom od legure za zrakoplovstvo, sigurnom za cijev<\/li>\n<li>Krutost za sa\u010dmarice kalibra 410-10<\/li>\n<li>36&#8243; radna duljina (jednodijelna konfiguracija)<\/li>\n<li>\u017denski kraj sa standardnim navojem 5\/16-27<\/li>\n<li>Kompatibilno s nastavcima za krpe za sa\u010dmarice i bron\u010danim \u010detkama za cijev<\/li>\n<\/ul>\n<p>\u010ci\u0161\u0107enje cijevi s ovom izdr\u017eljivom, svestranom \u0161ipkom za \u010di\u0161\u0107enje.<\/p>\n","protected":false},"excerpt":{"rendered":"<p>Kruta 91,4 cm aluminijska \u0161ipka za sa\u010dmarice kalibra 410-10. Ergonomska ru\u010dka.<\/p>\n","protected":false},"featured_media":52778,"template":"","meta":{"_acf_changed":false},"product_brand":[],"product_cat":[13550,13509],"product_tag":[],"class_list":{"0":"post-52777","1":"product","2":"type-product","3":"status-publish","4":"has-post-thumbnail","6":"product_cat-ciscenje-oruzja","7":"product_cat-cistaci","9":"first","10":"outofstock","11":"taxable","12":"shipping-taxable","13":"purchasable","14":"product-type-simple"},"acf":[],"_links":{"self":[{"href":"https:\/\/staging.nbg.eu\/hr\/wp-json\/wp\/v2\/product\/52777","targetHints":{"allow":["GET"]}}],"collection":[{"href":"https:\/\/staging.nbg.eu\/hr\/wp-json\/wp\/v2\/product"}],"about":[{"href":"https:\/\/staging.nbg.eu\/hr\/wp-json\/wp\/v2\/types\/product"}],"wp:featuredmedia":[{"embeddable":true,"href":"https:\/\/staging.nbg.eu\/hr\/wp-json\/wp\/v2\/media\/52778"}],"wp:attachment":[{"href":"https:\/\/staging.nbg.eu\/hr\/wp-json\/wp\/v2\/media?parent=52777"}],"wp:term":[{"taxonomy":"product_brand","embeddable":true,"href":"https:\/\/staging.nbg.eu\/hr\/wp-json\/wp\/v2\/product_brand?post=52777"},{"taxonomy":"product_cat","embeddable":true,"href":"https:\/\/staging.nbg.eu\/hr\/wp-json\/wp\/v2\/product_cat?post=52777"},{"taxonomy":"product_tag","embeddable":true,"href":"https:\/\/staging.nbg.eu\/hr\/wp-json\/wp\/v2\/product_tag?post=52777"}],"curies":[{"name":"wp","href":"https:\/\/api.w.org\/{rel}","templated":true}]}}