{"id":527588,"date":"2025-09-02T20:20:53","date_gmt":"2025-09-02T17:20:53","guid":{"rendered":"https:\/\/staging.nbg.eu\/product\/strike-industries-ak-rear-sight-rail-black-si-akrr\/"},"modified":"2025-09-25T22:26:52","modified_gmt":"2025-09-25T19:26:52","slug":"strike-industries-ak-straznja-trbusasta-tracnica-crna-si-akrr","status":"publish","type":"product","link":"https:\/\/staging.nbg.eu\/hr\/proizvod\/strike-industries-ak-straznja-trbusasta-tracnica-crna-si-akrr\/","title":{"rendered":"Strike Industries &#8211; AK straznja trbusasta tracnica &#8211; Crna &#8211; SI-AKRR"},"content":{"rendered":"<div class=\"product-description\">\n<h2>Strike Industries &#8211; AK Stra\u017enji ciljnik s \u0161inom &#8211; Crni &#8211; SI-AKRR<\/h2>\n<p>Nadogradite svoj AK karabin sa Strike Industries stra\u017enjim ciljnikom s \u0161inom. Ovaj dodatak nudi:<\/p>\n<ul>\n<li>Picatinny kompatibilno montiranje za optike niskog profila<\/li>\n<li>Izra\u0111eno od 6061 zrakoplovnog aluminija<\/li>\n<li>Dvostruka funkcionalnost kao standardni ciljnik za pu\u0161ku<\/li>\n<li>Mogu\u0107nosti vertikalnog i horizontalnog pode\u0161avanja<\/li>\n<li>Lagana konstrukcija od samo 38g<\/li>\n<\/ul>\n<p>S du\u017einom od 99,7mm i \u0161irinom od 21mm, ova crna \u0161ina zamjenjuje stra\u017enji ciljnik va\u0161eg AK-a. Ima bo\u010dna udubljenja za prilago\u0111eno bojanje i odr\u017eava odgovaraju\u0107i razmak za kori\u0161tenje mehani\u010dkih ciljnika kada se ne montiraju optike.<\/p>\n<p>Pobolj\u0161ajte svestranost i preciznost va\u0161eg AK-a s ovim dodatkom za va\u0161u pu\u0161ku.<\/p>\n<\/div>\n","protected":false},"excerpt":{"rendered":"<p>Stra\u017enji ciljnik za optiku za AK. Izdr\u017eljivi aluminij, kompatibilan s Picatinny \u0161inom.<\/p>\n","protected":false},"featured_media":490583,"template":"","meta":{"_acf_changed":false},"product_brand":[],"product_cat":[13503],"product_tag":[],"class_list":{"0":"post-527588","1":"product","2":"type-product","3":"status-publish","4":"has-post-thumbnail","6":"product_cat-ak-tuning","8":"first","9":"instock","10":"taxable","11":"shipping-taxable","12":"purchasable","13":"product-type-simple"},"acf":[],"_links":{"self":[{"href":"https:\/\/staging.nbg.eu\/hr\/wp-json\/wp\/v2\/product\/527588","targetHints":{"allow":["GET"]}}],"collection":[{"href":"https:\/\/staging.nbg.eu\/hr\/wp-json\/wp\/v2\/product"}],"about":[{"href":"https:\/\/staging.nbg.eu\/hr\/wp-json\/wp\/v2\/types\/product"}],"wp:featuredmedia":[{"embeddable":true,"href":"https:\/\/staging.nbg.eu\/hr\/wp-json\/wp\/v2\/media\/490583"}],"wp:attachment":[{"href":"https:\/\/staging.nbg.eu\/hr\/wp-json\/wp\/v2\/media?parent=527588"}],"wp:term":[{"taxonomy":"product_brand","embeddable":true,"href":"https:\/\/staging.nbg.eu\/hr\/wp-json\/wp\/v2\/product_brand?post=527588"},{"taxonomy":"product_cat","embeddable":true,"href":"https:\/\/staging.nbg.eu\/hr\/wp-json\/wp\/v2\/product_cat?post=527588"},{"taxonomy":"product_tag","embeddable":true,"href":"https:\/\/staging.nbg.eu\/hr\/wp-json\/wp\/v2\/product_tag?post=527588"}],"curies":[{"name":"wp","href":"https:\/\/api.w.org\/{rel}","templated":true}]}}