{"id":52240,"date":"2024-03-12T18:05:32","date_gmt":"2024-09-13T11:32:42","guid":{"rendered":"https:\/\/staging.nbg.eu\/product\/bore-tech-x-count-patches-multiple-sizes\/"},"modified":"2024-09-13T11:33:52","modified_gmt":"2024-09-13T11:33:52","slug":"bore-tech-x-count-krpice-razlicite-velicine","status":"publish","type":"product","link":"https:\/\/staging.nbg.eu\/hr\/proizvod\/bore-tech-x-count-krpice-razlicite-velicine\/","title":{"rendered":"Bore Tech X-Count Krpice (Razli\u010dite Veli\u010dine)"},"content":{"rendered":"<p>Bore Tech X-Count\u2122 krpice: Karakteristike:<\/p>\n<ul>\n<li>100% pamu\u010dni flanel<\/li>\n<li>Dvostruko \u010dupavljeni materijal koji se ne para<\/li>\n<li>Dobra sposobnost \u010di\u0161\u0107enja<\/li>\n<li>Dobra apsorpcija otapala<\/li>\n<li>Proizvedeno u Americi<\/li>\n<li>Pogodno za razli\u010dite vrste oru\u017eja i kalibre<\/li>\n<li>Dolazi u pakiranju koje se mo\u017ee objesiti i ponovno zatvoriti<\/li>\n<\/ul>\n","protected":false},"excerpt":{"rendered":"<p>Vrhunske pamu\u010dne krpice za \u010di\u0161\u0107enje oru\u017eja, razli\u010ditih veli\u010dina. Proizvedeno u SAD-u.<\/p>\n","protected":false},"featured_media":52241,"template":"","meta":{"_acf_changed":false},"product_brand":[11147],"product_cat":[13550,13576],"product_tag":[],"class_list":{"0":"post-52240","1":"product","2":"type-product","3":"status-publish","4":"has-post-thumbnail","6":"product_brand-boretech","7":"product_cat-ciscenje-oruzja","8":"product_cat-zakrpe","10":"first","11":"instock","12":"taxable","13":"shipping-taxable","14":"purchasable","15":"product-type-variable","16":"wvs-archive-product-wrapper"},"acf":[],"_links":{"self":[{"href":"https:\/\/staging.nbg.eu\/hr\/wp-json\/wp\/v2\/product\/52240","targetHints":{"allow":["GET"]}}],"collection":[{"href":"https:\/\/staging.nbg.eu\/hr\/wp-json\/wp\/v2\/product"}],"about":[{"href":"https:\/\/staging.nbg.eu\/hr\/wp-json\/wp\/v2\/types\/product"}],"wp:featuredmedia":[{"embeddable":true,"href":"https:\/\/staging.nbg.eu\/hr\/wp-json\/wp\/v2\/media\/52241"}],"wp:attachment":[{"href":"https:\/\/staging.nbg.eu\/hr\/wp-json\/wp\/v2\/media?parent=52240"}],"wp:term":[{"taxonomy":"product_brand","embeddable":true,"href":"https:\/\/staging.nbg.eu\/hr\/wp-json\/wp\/v2\/product_brand?post=52240"},{"taxonomy":"product_cat","embeddable":true,"href":"https:\/\/staging.nbg.eu\/hr\/wp-json\/wp\/v2\/product_cat?post=52240"},{"taxonomy":"product_tag","embeddable":true,"href":"https:\/\/staging.nbg.eu\/hr\/wp-json\/wp\/v2\/product_tag?post=52240"}],"curies":[{"name":"wp","href":"https:\/\/api.w.org\/{rel}","templated":true}]}}