{"id":52061,"date":"2024-03-12T19:00:56","date_gmt":"2024-09-13T11:29:38","guid":{"rendered":"https:\/\/staging.nbg.eu\/product\/bore-tech-rimfire-blend\/"},"modified":"2024-09-13T11:30:22","modified_gmt":"2024-09-13T11:30:22","slug":"bore-tech-rimfire-mjesavina","status":"publish","type":"product","link":"https:\/\/staging.nbg.eu\/hr\/proizvod\/bore-tech-rimfire-mjesavina\/","title":{"rendered":"Bore Tech Rimfire Mje\u0161avina"},"content":{"rendered":"<div class=\"product-description\">\n<h2>Bore Tech sredstvo za \u010di\u0161\u0107enje cijevi malog kalibra<\/h2>\n<p>Formulirano za strijelce malog kalibra, ovo sredstvo za \u010di\u0161\u0107enje uklanja olovo, ostatke baruta i vosak metaka. Koriste ga natjecatelji i proizvo\u0111a\u010di pu\u0161aka.<\/p>\n<ul>\n<li>Bez amonijaka i mirisa<\/li>\n<li>100% biorazgradivo<\/li>\n<li>Uklanja slojeve olova, voska i naslage ugljika<\/li>\n<li>Potrebno minimalno \u010detkanje<\/li>\n<li>Sigurno za sve vrste cijevi<\/li>\n<\/ul>\n<p>Isprobajte Bore Tech liniju proizvoda za \u010di\u0161\u0107enje.<\/p>\n<\/div>\n","protected":false},"excerpt":{"rendered":"<p>U\u010dinkovito sredstvo za \u010di\u0161\u0107enje pu\u0161aka malog kalibra uklanja olovo, vosak i ugljik. Bez amonijaka.<\/p>\n","protected":false},"featured_media":52062,"template":"","meta":{"_acf_changed":false},"product_brand":[11147],"product_cat":[13550,13564],"product_tag":[],"class_list":{"0":"post-52061","1":"product","2":"type-product","3":"status-publish","4":"has-post-thumbnail","6":"product_brand-boretech","7":"product_cat-ciscenje-oruzja","8":"product_cat-sredstva-za-ciscenje","10":"first","11":"instock","12":"taxable","13":"shipping-taxable","14":"purchasable","15":"product-type-variable","16":"wvs-archive-product-wrapper"},"acf":[],"_links":{"self":[{"href":"https:\/\/staging.nbg.eu\/hr\/wp-json\/wp\/v2\/product\/52061","targetHints":{"allow":["GET"]}}],"collection":[{"href":"https:\/\/staging.nbg.eu\/hr\/wp-json\/wp\/v2\/product"}],"about":[{"href":"https:\/\/staging.nbg.eu\/hr\/wp-json\/wp\/v2\/types\/product"}],"wp:featuredmedia":[{"embeddable":true,"href":"https:\/\/staging.nbg.eu\/hr\/wp-json\/wp\/v2\/media\/52062"}],"wp:attachment":[{"href":"https:\/\/staging.nbg.eu\/hr\/wp-json\/wp\/v2\/media?parent=52061"}],"wp:term":[{"taxonomy":"product_brand","embeddable":true,"href":"https:\/\/staging.nbg.eu\/hr\/wp-json\/wp\/v2\/product_brand?post=52061"},{"taxonomy":"product_cat","embeddable":true,"href":"https:\/\/staging.nbg.eu\/hr\/wp-json\/wp\/v2\/product_cat?post=52061"},{"taxonomy":"product_tag","embeddable":true,"href":"https:\/\/staging.nbg.eu\/hr\/wp-json\/wp\/v2\/product_tag?post=52061"}],"curies":[{"name":"wp","href":"https:\/\/api.w.org\/{rel}","templated":true}]}}