{"id":51875,"date":"2024-03-12T19:14:59","date_gmt":"2024-09-13T11:27:06","guid":{"rendered":"https:\/\/staging.nbg.eu\/product\/bore-tech-cu2-copper-remover\/"},"modified":"2024-09-13T11:27:50","modified_gmt":"2024-09-13T11:27:50","slug":"bore-tech-cu2-odstranjivac-bakra","status":"publish","type":"product","link":"https:\/\/staging.nbg.eu\/hr\/proizvod\/bore-tech-cu2-odstranjivac-bakra\/","title":{"rendered":"Bore Tech CU+2 Odstranjiva\u010d Bakra"},"content":{"rendered":"<div class=\"product-description\">\n<h2>Bore Tech CU+2 sredstvo za uklanjanje bakra<\/h2>\n<p>Cu+2 sredstvo za uklanjanje bakra je patentirano rje\u0161enje. Ovo sredstvo nadma\u0161uje tradicionalna otapala na bazi petro-amonijaka i nudi:<\/p>\n<ul>\n<li>100% sigurno za cijev i bez amonijaka<\/li>\n<li>Bez mirisa i biorazgradivo<\/li>\n<li>Brzo i potpuno uklanjanje bakra<\/li>\n<li>Proces u dva koraka za \u010di\u0161\u0107enje<\/li>\n<li>Kratkoro\u010dna za\u0161tita od hr\u0111e<\/li>\n<\/ul>\n<p>Ovo je sredstvo za uklanjanje bakra koje je jednostavno za kori\u0161tenje i nije opasno.<\/p>\n<\/div>\n","protected":false},"excerpt":{"rendered":"<p>Patentirano sredstvo za uklanjanje bakra bez amonijaka. Brzo djeluje, sigurno je za cijev i bez mirisa.<\/p>\n","protected":false},"featured_media":51876,"template":"","meta":{"_acf_changed":false},"product_brand":[11147],"product_cat":[13550,13564],"product_tag":[],"class_list":{"0":"post-51875","1":"product","2":"type-product","3":"status-publish","4":"has-post-thumbnail","6":"product_brand-boretech","7":"product_cat-ciscenje-oruzja","8":"product_cat-sredstva-za-ciscenje","10":"first","11":"instock","12":"taxable","13":"shipping-taxable","14":"purchasable","15":"product-type-variable","16":"wvs-archive-product-wrapper"},"acf":[],"_links":{"self":[{"href":"https:\/\/staging.nbg.eu\/hr\/wp-json\/wp\/v2\/product\/51875","targetHints":{"allow":["GET"]}}],"collection":[{"href":"https:\/\/staging.nbg.eu\/hr\/wp-json\/wp\/v2\/product"}],"about":[{"href":"https:\/\/staging.nbg.eu\/hr\/wp-json\/wp\/v2\/types\/product"}],"wp:featuredmedia":[{"embeddable":true,"href":"https:\/\/staging.nbg.eu\/hr\/wp-json\/wp\/v2\/media\/51876"}],"wp:attachment":[{"href":"https:\/\/staging.nbg.eu\/hr\/wp-json\/wp\/v2\/media?parent=51875"}],"wp:term":[{"taxonomy":"product_brand","embeddable":true,"href":"https:\/\/staging.nbg.eu\/hr\/wp-json\/wp\/v2\/product_brand?post=51875"},{"taxonomy":"product_cat","embeddable":true,"href":"https:\/\/staging.nbg.eu\/hr\/wp-json\/wp\/v2\/product_cat?post=51875"},{"taxonomy":"product_tag","embeddable":true,"href":"https:\/\/staging.nbg.eu\/hr\/wp-json\/wp\/v2\/product_tag?post=51875"}],"curies":[{"name":"wp","href":"https:\/\/api.w.org\/{rel}","templated":true}]}}