{"id":51767,"date":"2024-03-13T05:48:23","date_gmt":"2024-03-13T05:48:23","guid":{"rendered":"https:\/\/staging.nbg.eu\/product\/bore-tech-c4-carbon-remover-4-oz\/"},"modified":"2024-09-13T10:07:15","modified_gmt":"2024-09-13T10:07:15","slug":"bore-tech-c4-odstranjivac-ugljika-4-oz","status":"publish","type":"product","link":"https:\/\/staging.nbg.eu\/hr\/proizvod\/bore-tech-c4-odstranjivac-ugljika-4-oz\/","title":{"rendered":"Bore Tech C4 Odstranjiva\u010d Ugljika &#8211; 4 Oz"},"content":{"rendered":"<div class=\"product-description\">\n<h2>Bore Tech C4 sredstvo za uklanjanje ugljika &#8211; 118 ml<\/h2>\n<p>Bore Tech C4 sredstvo za uklanjanje ugljika uklanja te\u0161ke naslage ugljika bez opasnosti, otrovnosti ili mirisa koji se nalaze u drugim sredstvima za \u010di\u0161\u0107enje. Sigurno je za cijevi, nije opasno i ne sadr\u017ei amonijak. Pogodno je za \u010di\u0161\u0107enje cijevi, nosa\u010da zatvara\u010da i drugih dijelova.<\/p>\n<\/div>\n","protected":false},"excerpt":{"rendered":"<p>Mo\u0107no, sigurno sredstvo za uklanjanje naslaga ugljika s vatrenog oru\u017eja. Brzo i u\u010dinkovito.<\/p>\n","protected":false},"featured_media":51768,"template":"","meta":{"_acf_changed":false},"product_brand":[11147],"product_cat":[13550,13564],"product_tag":[],"class_list":{"0":"post-51767","1":"product","2":"type-product","3":"status-publish","4":"has-post-thumbnail","6":"product_brand-boretech","7":"product_cat-ciscenje-oruzja","8":"product_cat-sredstva-za-ciscenje","10":"first","11":"instock","12":"taxable","13":"shipping-taxable","14":"purchasable","15":"product-type-variable","16":"wvs-archive-product-wrapper"},"acf":[],"_links":{"self":[{"href":"https:\/\/staging.nbg.eu\/hr\/wp-json\/wp\/v2\/product\/51767","targetHints":{"allow":["GET"]}}],"collection":[{"href":"https:\/\/staging.nbg.eu\/hr\/wp-json\/wp\/v2\/product"}],"about":[{"href":"https:\/\/staging.nbg.eu\/hr\/wp-json\/wp\/v2\/types\/product"}],"wp:featuredmedia":[{"embeddable":true,"href":"https:\/\/staging.nbg.eu\/hr\/wp-json\/wp\/v2\/media\/51768"}],"wp:attachment":[{"href":"https:\/\/staging.nbg.eu\/hr\/wp-json\/wp\/v2\/media?parent=51767"}],"wp:term":[{"taxonomy":"product_brand","embeddable":true,"href":"https:\/\/staging.nbg.eu\/hr\/wp-json\/wp\/v2\/product_brand?post=51767"},{"taxonomy":"product_cat","embeddable":true,"href":"https:\/\/staging.nbg.eu\/hr\/wp-json\/wp\/v2\/product_cat?post=51767"},{"taxonomy":"product_tag","embeddable":true,"href":"https:\/\/staging.nbg.eu\/hr\/wp-json\/wp\/v2\/product_tag?post=51767"}],"curies":[{"name":"wp","href":"https:\/\/api.w.org\/{rel}","templated":true}]}}