{"id":51622,"date":"2024-03-14T09:15:35","date_gmt":"2024-09-13T10:04:48","guid":{"rendered":"https:\/\/staging.nbg.eu\/product\/boretech-nylon-chamber-brush-multiple-calibers\/"},"modified":"2024-09-13T10:05:29","modified_gmt":"2024-09-13T10:05:29","slug":"boretech-najlonska-cetka-za-leziste-razliciti-kalibri","status":"publish","type":"product","link":"https:\/\/staging.nbg.eu\/hr\/proizvod\/boretech-najlonska-cetka-za-leziste-razliciti-kalibri\/","title":{"rendered":"BoreTech Najlonska \u010cetka za Le\u017ei\u0161te (Razli\u010diti Kalibri)"},"content":{"rendered":"<div class=\"product-description\">\n<h2>BoreTech najlonska \u010detka za le\u017ei\u0161te metka (Vi\u0161e kalibara)<\/h2>\n<p>Bore Tech najlonske \u010detke za le\u017ei\u0161te metka su sigurne i u\u010dinkovite. Ove \u010detke sigurne za le\u017ei\u0161te metka imaju sljede\u0107e zna\u010dajke:<\/p>\n<ul>\n<li>Kompatibilnost s sredstvima za brzo uklanjanje bakra<\/li>\n<li>Poja\u010dano \u010di\u0161\u0107enje s dodatnim naboranim najlonskim vlaknima<\/li>\n<li>Prilago\u0111eni promjeri vlakana za svaki kalibar<\/li>\n<li>Jezgra \u010detke koja nije od mesinga, dvostruko omotana s petljom na kraju<\/li>\n<li>Aluminijski klinovi zrakoplovne kvalitete za izdr\u017eljivost<\/li>\n<\/ul>\n<p>Uklanja la\u017ene indikacije one\u010di\u0161\u0107enja bakrom i plave mrlje povezane s \u010detkama od fosfor bronce. Dostupno u pojedina\u010dnim pakiranjima za .223\/5.56mm AR-15 i .308\/7.62mm AR-10.<\/p>\n<p>Bore Tech omogu\u0107uje br\u017ee i u\u010dinkovitije \u010di\u0161\u0107enje le\u017ei\u0161ta metka bez ugro\u017eavanja integriteta va\u0161eg vatrenog oru\u017eja.<\/p>\n<\/div>\n","protected":false},"excerpt":{"rendered":"<p>Sigurna, izdr\u017eljiva \u010detka od najlona za u\u010dinkovito \u010di\u0161\u0107enje vatrenog oru\u017eja.<\/p>\n","protected":false},"featured_media":51623,"template":"","meta":{"_acf_changed":false},"product_brand":[11147],"product_cat":[13577,13550],"product_tag":[],"class_list":{"0":"post-51622","1":"product","2":"type-product","3":"status-publish","4":"has-post-thumbnail","6":"product_brand-boretech","7":"product_cat-cetke","8":"product_cat-ciscenje-oruzja","9":"pa_model-ar-10-hr","10":"pa_model-ar-15-hr","12":"first","13":"instock","14":"taxable","15":"shipping-taxable","16":"purchasable","17":"product-type-variable","18":"wvs-archive-product-wrapper"},"acf":[],"_links":{"self":[{"href":"https:\/\/staging.nbg.eu\/hr\/wp-json\/wp\/v2\/product\/51622","targetHints":{"allow":["GET"]}}],"collection":[{"href":"https:\/\/staging.nbg.eu\/hr\/wp-json\/wp\/v2\/product"}],"about":[{"href":"https:\/\/staging.nbg.eu\/hr\/wp-json\/wp\/v2\/types\/product"}],"wp:featuredmedia":[{"embeddable":true,"href":"https:\/\/staging.nbg.eu\/hr\/wp-json\/wp\/v2\/media\/51623"}],"wp:attachment":[{"href":"https:\/\/staging.nbg.eu\/hr\/wp-json\/wp\/v2\/media?parent=51622"}],"wp:term":[{"taxonomy":"product_brand","embeddable":true,"href":"https:\/\/staging.nbg.eu\/hr\/wp-json\/wp\/v2\/product_brand?post=51622"},{"taxonomy":"product_cat","embeddable":true,"href":"https:\/\/staging.nbg.eu\/hr\/wp-json\/wp\/v2\/product_cat?post=51622"},{"taxonomy":"product_tag","embeddable":true,"href":"https:\/\/staging.nbg.eu\/hr\/wp-json\/wp\/v2\/product_tag?post=51622"}],"curies":[{"name":"wp","href":"https:\/\/api.w.org\/{rel}","templated":true}]}}