{"id":51497,"date":"2024-03-15T05:39:44","date_gmt":"2024-09-13T09:59:05","guid":{"rendered":"https:\/\/staging.nbg.eu\/product\/bore-tech-bullet-knock-out-set\/"},"modified":"2024-09-13T09:59:44","modified_gmt":"2024-09-13T09:59:44","slug":"bore-tech-bullet-knock-out-set","status":"publish","type":"product","link":"https:\/\/staging.nbg.eu\/hr\/proizvod\/bore-tech-bullet-knock-out-set\/","title":{"rendered":"Bore Tech Bullet Knock-out Set"},"content":{"rendered":"<p><strong>Bore Tech komplet za izbijanje metaka<\/strong> je alat za strijelce. Ovaj kompaktni komplet sadr\u017ei 4 mjedena vrha, dizajnirana za sigurno uklanjanje zaglavljenih metaka ili \u010dahura bez o\u0161te\u0107enja \u0161ipke za \u010di\u0161\u0107enje. Kompatibilan je s pu\u0161kama i pi\u0161toljima kalibra od .17 do .50.<\/p>\n","protected":false},"excerpt":{"rendered":"<p>Neophodan alat za uklanjanje zaglavljenih metaka. 4 mjedena vrha, kalibar .17-.50.<\/p>\n","protected":false},"featured_media":51498,"template":"","meta":{"_acf_changed":false},"product_brand":[11147],"product_cat":[13577,13550],"product_tag":[],"class_list":{"0":"post-51497","1":"product","2":"type-product","3":"status-publish","4":"has-post-thumbnail","6":"product_brand-boretech","7":"product_cat-cetke","8":"product_cat-ciscenje-oruzja","10":"first","11":"instock","12":"taxable","13":"shipping-taxable","14":"purchasable","15":"product-type-simple"},"acf":[],"_links":{"self":[{"href":"https:\/\/staging.nbg.eu\/hr\/wp-json\/wp\/v2\/product\/51497","targetHints":{"allow":["GET"]}}],"collection":[{"href":"https:\/\/staging.nbg.eu\/hr\/wp-json\/wp\/v2\/product"}],"about":[{"href":"https:\/\/staging.nbg.eu\/hr\/wp-json\/wp\/v2\/types\/product"}],"wp:featuredmedia":[{"embeddable":true,"href":"https:\/\/staging.nbg.eu\/hr\/wp-json\/wp\/v2\/media\/51498"}],"wp:attachment":[{"href":"https:\/\/staging.nbg.eu\/hr\/wp-json\/wp\/v2\/media?parent=51497"}],"wp:term":[{"taxonomy":"product_brand","embeddable":true,"href":"https:\/\/staging.nbg.eu\/hr\/wp-json\/wp\/v2\/product_brand?post=51497"},{"taxonomy":"product_cat","embeddable":true,"href":"https:\/\/staging.nbg.eu\/hr\/wp-json\/wp\/v2\/product_cat?post=51497"},{"taxonomy":"product_tag","embeddable":true,"href":"https:\/\/staging.nbg.eu\/hr\/wp-json\/wp\/v2\/product_tag?post=51497"}],"curies":[{"name":"wp","href":"https:\/\/api.w.org\/{rel}","templated":true}]}}