{"id":51435,"date":"2024-03-15T06:18:52","date_gmt":"2024-09-13T09:56:47","guid":{"rendered":"https:\/\/staging.nbg.eu\/product\/bore-tech-chameleon-gel-2-oz-tube\/"},"modified":"2024-09-13T09:57:26","modified_gmt":"2024-09-13T09:57:26","slug":"bore-tech-chameleon-gel-2-oz-tuba","status":"publish","type":"product","link":"https:\/\/staging.nbg.eu\/hr\/proizvod\/bore-tech-chameleon-gel-2-oz-tuba\/","title":{"rendered":"Bore Tech Chameleon Gel (2 Oz Tuba)"},"content":{"rendered":"<h2>Bore Tech Chameleon Gel (Tuba od 2 unce)<\/h2>\n<p>Bore Tech Chameleon Gel\u2122 je patentirano sredstvo za \u010di\u0161\u0107enje i poliranje vatrenog oru\u017eja. Ovaj gel koji mijenja boju uklanja naslage ugljika, bakra, olova i molibdena, ostavljaju\u0107i cijev \u010distom.<\/p>\n<ul>\n<li>Bez mirisa i biorazgradiv<\/li>\n<li>Siguran za sve vrste cijevi<\/li>\n<li>Nije potrebno mije\u0161anje<\/li>\n<li>Gel formula jednostavna za uporabu<\/li>\n<li>Tehnologija promjene boje za precizno \u010di\u0161\u0107enje<\/li>\n<\/ul>\n<p>Jedinstvena formula Chameleon Gela mijenja boju kako bi ukazala na vrstu naslaga:<\/p>\n<p>Plava\/zelena: Bakar<\/p>\n<p>Crna: Ugljik<\/p>\n<p>Siva: Olovo\/molibden<\/p>\n<p>Bijela: \u010cista cijev<\/p>\n<p>Odr\u017eavajte performanse va\u0161eg vatrenog oru\u017eja ovim sredstvom za \u010di\u0161\u0107enje. Dostupno u tubi od 2 unce.<\/p>\n","protected":false},"excerpt":{"rendered":"<p>Gel za \u010di\u0161\u0107enje koji mijenja boju uklanja naslage iz cijevi oru\u017eja.<\/p>\n","protected":false},"featured_media":51436,"template":"","meta":{"_acf_changed":false},"product_brand":[11147],"product_cat":[13550,13564],"product_tag":[],"class_list":{"0":"post-51435","1":"product","2":"type-product","3":"status-publish","4":"has-post-thumbnail","6":"product_brand-boretech","7":"product_cat-ciscenje-oruzja","8":"product_cat-sredstva-za-ciscenje","10":"first","11":"instock","12":"taxable","13":"shipping-taxable","14":"purchasable","15":"product-type-simple"},"acf":[],"_links":{"self":[{"href":"https:\/\/staging.nbg.eu\/hr\/wp-json\/wp\/v2\/product\/51435","targetHints":{"allow":["GET"]}}],"collection":[{"href":"https:\/\/staging.nbg.eu\/hr\/wp-json\/wp\/v2\/product"}],"about":[{"href":"https:\/\/staging.nbg.eu\/hr\/wp-json\/wp\/v2\/types\/product"}],"wp:featuredmedia":[{"embeddable":true,"href":"https:\/\/staging.nbg.eu\/hr\/wp-json\/wp\/v2\/media\/51436"}],"wp:attachment":[{"href":"https:\/\/staging.nbg.eu\/hr\/wp-json\/wp\/v2\/media?parent=51435"}],"wp:term":[{"taxonomy":"product_brand","embeddable":true,"href":"https:\/\/staging.nbg.eu\/hr\/wp-json\/wp\/v2\/product_brand?post=51435"},{"taxonomy":"product_cat","embeddable":true,"href":"https:\/\/staging.nbg.eu\/hr\/wp-json\/wp\/v2\/product_cat?post=51435"},{"taxonomy":"product_tag","embeddable":true,"href":"https:\/\/staging.nbg.eu\/hr\/wp-json\/wp\/v2\/product_tag?post=51435"}],"curies":[{"name":"wp","href":"https:\/\/api.w.org\/{rel}","templated":true}]}}