{"id":51413,"date":"2024-03-15T07:11:12","date_gmt":"2024-09-13T09:53:03","guid":{"rendered":"https:\/\/staging.nbg.eu\/product\/bore-tech-shield-xp-rust-preventive\/"},"modified":"2024-09-13T09:53:42","modified_gmt":"2024-09-13T09:53:42","slug":"bore-tech-shield-xp-zastita-od-hre","status":"publish","type":"product","link":"https:\/\/staging.nbg.eu\/hr\/proizvod\/bore-tech-shield-xp-zastita-od-hre\/","title":{"rendered":"Bore Tech Shield XP Za\u0161tita od Hr\u0111e"},"content":{"rendered":"<h2>Bore Tech Shield XP za\u0161tita od hr\u0111e<\/h2>\n<p>Za\u0161titite va\u0161e vatreno oru\u017eje s Bore Tech Shield XP za\u0161titom od hr\u0111e, formulom koja pru\u017ea za\u0161titu od hr\u0111e i korozije. Ovo rje\u0161enje koje nije uljno ni masno prodire duboko, istiskuje vlagu i neutralizira korozive, ostavljaju\u0107i nevidljivu barijeru koja ne privla\u010di krhotine.<\/p>\n<ul>\n<li>Pogodno za dugotrajno skladi\u0161tenje<\/li>\n<li>Sigurno za sve metale<\/li>\n<li>Prelazi 500 sati u ASTM testu vla\u017enosti<\/li>\n<li>Miris kokosa<\/li>\n<li>Boca s pumpom za raspr\u0161ivanje<\/li>\n<\/ul>\n<h3>Upute:<\/h3>\n<ol>\n<li>Ispraznite vatreno oru\u017eje i odmastite povr\u0161ine<\/li>\n<li>Nanesite Shield XP na metalne povr\u0161ine<\/li>\n<li>Pri\u010dekajte 15 minuta, nanesite drugi sloj ako je potrebno<\/li>\n<li>Prije upotrebe, provucite suhu krpu kroz cijev<\/li>\n<\/ol>\n<p>Shield XP: Za\u0161tita protiv hr\u0111e i korozije za va\u0161e vatreno oru\u017eje.<\/p>\n","protected":false},"excerpt":{"rendered":"<p>Dugotrajna za\u0161tita od hr\u0111e za vatreno oru\u017eje.<\/p>\n","protected":false},"featured_media":51309,"template":"","meta":{"_acf_changed":false},"product_brand":[11147],"product_cat":[13550,13538],"product_tag":[],"class_list":{"0":"post-51413","1":"product","2":"type-product","3":"status-publish","4":"has-post-thumbnail","6":"product_brand-boretech","7":"product_cat-ciscenje-oruzja","8":"product_cat-lubrikanti","10":"first","11":"instock","12":"taxable","13":"shipping-taxable","14":"purchasable","15":"product-type-simple"},"acf":[],"_links":{"self":[{"href":"https:\/\/staging.nbg.eu\/hr\/wp-json\/wp\/v2\/product\/51413","targetHints":{"allow":["GET"]}}],"collection":[{"href":"https:\/\/staging.nbg.eu\/hr\/wp-json\/wp\/v2\/product"}],"about":[{"href":"https:\/\/staging.nbg.eu\/hr\/wp-json\/wp\/v2\/types\/product"}],"wp:featuredmedia":[{"embeddable":true,"href":"https:\/\/staging.nbg.eu\/hr\/wp-json\/wp\/v2\/media\/51309"}],"wp:attachment":[{"href":"https:\/\/staging.nbg.eu\/hr\/wp-json\/wp\/v2\/media?parent=51413"}],"wp:term":[{"taxonomy":"product_brand","embeddable":true,"href":"https:\/\/staging.nbg.eu\/hr\/wp-json\/wp\/v2\/product_brand?post=51413"},{"taxonomy":"product_cat","embeddable":true,"href":"https:\/\/staging.nbg.eu\/hr\/wp-json\/wp\/v2\/product_cat?post=51413"},{"taxonomy":"product_tag","embeddable":true,"href":"https:\/\/staging.nbg.eu\/hr\/wp-json\/wp\/v2\/product_tag?post=51413"}],"curies":[{"name":"wp","href":"https:\/\/api.w.org\/{rel}","templated":true}]}}