{"id":51308,"date":"2024-03-15T07:47:20","date_gmt":"2024-09-13T09:49:33","guid":{"rendered":"https:\/\/staging.nbg.eu\/product\/boretech-eliminator-4-oz\/"},"modified":"2024-09-13T09:50:18","modified_gmt":"2024-09-13T09:50:18","slug":"boretech-eliminator-4-oz","status":"publish","type":"product","link":"https:\/\/staging.nbg.eu\/hr\/proizvod\/boretech-eliminator-4-oz\/","title":{"rendered":"BoreTech Eliminator &#8211; 4 Oz"},"content":{"rendered":"<div class=\"product-description\">\n<h2>BoreTech Eliminator &#8211; 118 ml<\/h2>\n<p>BoreTech Eliminator\u2122 sredstvo za \u010di\u0161\u0107enje cijevi. Ovo patentirano sredstvo brzo djeluje i sigurno je za cijev. Glavne zna\u010dajke uklju\u010duju:<\/p>\n<ul>\n<li>100% sigurno za cijev i biorazgradivo<\/li>\n<li>Bez amonijaka i mirisa<\/li>\n<li>Brzo uklanja ugljik, bakar, olovo i korozivne ostatke<\/li>\n<li>Nije opasno i jednostavno za kori\u0161tenje<\/li>\n<\/ul>\n<p>Eliminator sadr\u017ei kemijske surfaktante koji brzo razgra\u0111uju naslage ugljika te istovremeno oksidiraju i suspendiraju one\u010di\u0161\u0107enja bakrom. Ovo sprje\u010dava ponovno talo\u017eenje i osigurava temeljito \u010di\u0161\u0107enje.<\/p>\n<h3>Upute:<\/h3>\n<ol>\n<li>Namo\u010dite 3-4 krpe Eliminatorom i provucite kroz cijev u jednom smjeru<\/li>\n<li>Napravite 10-15 prolaza natopljenom najlonskom \u010detkom<\/li>\n<li>Ponovite korak 1 i ostavite da djeluje 3-5 minuta<\/li>\n<li>Provla\u010dite suhe krpe dok ne budu \u010diste<\/li>\n<li>Po potrebi ponovite<\/li>\n<li>Za skladi\u0161tenje nanesite Bore Tech Friction Guard XP ulje za oru\u017eje<\/li>\n<li>Prije upotrebe provucite suhu krpu<\/li>\n<\/ol>\n<p>Koristite BoreTech Eliminator za \u010di\u0161\u0107enje i za\u0161titu cijevi.<\/p>\n<\/div>\n","protected":false},"excerpt":{"rendered":"<p>BoreTech Eliminator: Sigurno, sna\u017eno sredstvo za \u010di\u0161\u0107enje cijevi. Uklanja naslage.<\/p>\n","protected":false},"featured_media":70970,"template":"","meta":{"_acf_changed":false},"product_brand":[11147],"product_cat":[13550,13564],"product_tag":[],"class_list":{"0":"post-51308","1":"product","2":"type-product","3":"status-publish","4":"has-post-thumbnail","6":"product_brand-boretech","7":"product_cat-ciscenje-oruzja","8":"product_cat-sredstva-za-ciscenje","10":"first","11":"instock","12":"taxable","13":"shipping-taxable","14":"purchasable","15":"product-type-variable","16":"wvs-archive-product-wrapper"},"acf":[],"_links":{"self":[{"href":"https:\/\/staging.nbg.eu\/hr\/wp-json\/wp\/v2\/product\/51308","targetHints":{"allow":["GET"]}}],"collection":[{"href":"https:\/\/staging.nbg.eu\/hr\/wp-json\/wp\/v2\/product"}],"about":[{"href":"https:\/\/staging.nbg.eu\/hr\/wp-json\/wp\/v2\/types\/product"}],"wp:featuredmedia":[{"embeddable":true,"href":"https:\/\/staging.nbg.eu\/hr\/wp-json\/wp\/v2\/media\/70970"}],"wp:attachment":[{"href":"https:\/\/staging.nbg.eu\/hr\/wp-json\/wp\/v2\/media?parent=51308"}],"wp:term":[{"taxonomy":"product_brand","embeddable":true,"href":"https:\/\/staging.nbg.eu\/hr\/wp-json\/wp\/v2\/product_brand?post=51308"},{"taxonomy":"product_cat","embeddable":true,"href":"https:\/\/staging.nbg.eu\/hr\/wp-json\/wp\/v2\/product_cat?post=51308"},{"taxonomy":"product_tag","embeddable":true,"href":"https:\/\/staging.nbg.eu\/hr\/wp-json\/wp\/v2\/product_tag?post=51308"}],"curies":[{"name":"wp","href":"https:\/\/api.w.org\/{rel}","templated":true}]}}