{"id":51204,"date":"2024-03-15T17:11:28","date_gmt":"2024-03-15T17:11:28","guid":{"rendered":"https:\/\/staging.nbg.eu\/product\/bore-tech-bore-guide-bolt-action-centerfire-8mm-416-cal\/"},"modified":"2024-09-13T09:47:25","modified_gmt":"2024-09-13T09:47:25","slug":"bore-tech-vodic-za-cijev-repetirka-centralnog-paljenja-8mm416-cal","status":"publish","type":"product","link":"https:\/\/staging.nbg.eu\/hr\/proizvod\/bore-tech-vodic-za-cijev-repetirka-centralnog-paljenja-8mm416-cal\/","title":{"rendered":"Bore Tech Vodi\u010d za Cijev &#8211; Repetirka Centralnog Paljenja (8mm\/.416 Cal)"},"content":{"rendered":"<div class=\"product-description\">\n<h2>Bore Tech vodilica cijevi &#8211; Za centerfire pu\u0161ke s repetiranjem (8mm\/.416 Cal)<\/h2>\n<p>Za\u0161titite va\u0161e vatreno oru\u017eje i \u0161ipku za \u010di\u0161\u0107enje s Bore Tech vodilicom cijevi. Ovaj alat za centerfire pu\u0161ke s repetiranjem osigurava:<\/p>\n<ul>\n<li>Precizno poravnanje \u0161ipki za \u010di\u0161\u0107enje s cijevi<\/li>\n<li>Sprje\u010davanje o\u0161te\u0107enja vatrenog oru\u017eja i \u0161ipke za \u010di\u0161\u0107enje<\/li>\n<li>Brtvljenje s gumenim vrhovima otpornim na otapala<\/li>\n<li>Bez curenja sredstva za \u010di\u0161\u0107enje cijevi u le\u017ei\u0161te metka i mehanizam<\/li>\n<\/ul>\n<p>Zna\u010dajke:<\/p>\n<ul>\n<li>CNC strojno obra\u0111ene i injekcijski oblikovane komponente<\/li>\n<li>Zelene boje za kalibre od 8mm do .416<\/li>\n<li>Odgovara ve\u0107ini pu\u0161aka s repetiranjem<\/li>\n<li>Pro\u0161ireni otvori za otapalo za lak\u0161u primjenu<\/li>\n<li>Podesivi ovratnik zatvara\u010da za kratke i duge akcije<\/li>\n<\/ul>\n<p>Ulo\u017eite u pravilno odr\u017eavanje vatrenog oru\u017eja s Bore Tech vodilicom cijevi.<\/p>\n<\/div>\n","protected":false},"excerpt":{"rendered":"<p>Precizni alat za \u010di\u0161\u0107enje za pu\u0161ke s kliznim zatvara\u010dem kalibra 8mm-.416. Sprje\u010dava o\u0161te\u0107enja.<\/p>\n","protected":false},"featured_media":51205,"template":"","meta":{"_acf_changed":false},"product_brand":[11147],"product_cat":[13550,13509],"product_tag":[],"class_list":{"0":"post-51204","1":"product","2":"type-product","3":"status-publish","4":"has-post-thumbnail","6":"product_brand-boretech","7":"product_cat-ciscenje-oruzja","8":"product_cat-cistaci","10":"first","11":"instock","12":"taxable","13":"shipping-taxable","14":"purchasable","15":"product-type-variable","16":"wvs-archive-product-wrapper"},"acf":[],"_links":{"self":[{"href":"https:\/\/staging.nbg.eu\/hr\/wp-json\/wp\/v2\/product\/51204","targetHints":{"allow":["GET"]}}],"collection":[{"href":"https:\/\/staging.nbg.eu\/hr\/wp-json\/wp\/v2\/product"}],"about":[{"href":"https:\/\/staging.nbg.eu\/hr\/wp-json\/wp\/v2\/types\/product"}],"wp:featuredmedia":[{"embeddable":true,"href":"https:\/\/staging.nbg.eu\/hr\/wp-json\/wp\/v2\/media\/51205"}],"wp:attachment":[{"href":"https:\/\/staging.nbg.eu\/hr\/wp-json\/wp\/v2\/media?parent=51204"}],"wp:term":[{"taxonomy":"product_brand","embeddable":true,"href":"https:\/\/staging.nbg.eu\/hr\/wp-json\/wp\/v2\/product_brand?post=51204"},{"taxonomy":"product_cat","embeddable":true,"href":"https:\/\/staging.nbg.eu\/hr\/wp-json\/wp\/v2\/product_cat?post=51204"},{"taxonomy":"product_tag","embeddable":true,"href":"https:\/\/staging.nbg.eu\/hr\/wp-json\/wp\/v2\/product_tag?post=51204"}],"curies":[{"name":"wp","href":"https:\/\/api.w.org\/{rel}","templated":true}]}}