{"id":51039,"date":"2024-03-16T18:40:45","date_gmt":"2024-09-13T09:25:00","guid":{"rendered":"https:\/\/staging.nbg.eu\/product\/bore-tech-bronze-stainless-chamber-brush\/"},"modified":"2024-09-13T09:25:41","modified_gmt":"2024-09-13T09:25:41","slug":"bore-tech-broncanehrajuci-celik-cetka-za-leziste","status":"publish","type":"product","link":"https:\/\/staging.nbg.eu\/hr\/proizvod\/bore-tech-broncanehrajuci-celik-cetka-za-leziste\/","title":{"rendered":"Bore Tech Bronca\/Nehr\u0111aju\u0107i \u010celik \u010cetka za Le\u017ei\u0161te"},"content":{"rendered":"<h2>Bore Tech \u010detka za komoru od bronce\/nehr\u0111aju\u0107eg \u010delika<\/h2>\n<p>Bore Tech \u010detke za komoru od bronce\/nehr\u0111aju\u0107eg \u010delika su sigurne za uporabu u komorama. Ove \u010detke se isti\u010du svojom konstrukcijom i zna\u010dajkama.<\/p>\n<ul>\n<li>Kombinacija krutih \u010dekinja od bronce i nehr\u0111aju\u0107eg \u010delika<\/li>\n<li>Dvostruko \u010di\u0161\u0107enje za br\u017ee i u\u010dinkovitije rezultate<\/li>\n<li>Dvostruko namotana jezgra \u010detke s petljama na krajevima<\/li>\n<li>Spojevi od aluminija zrakoplovne kvalitete<\/li>\n<li>Dostupno za .223\/5.56mm AR-15 i .308\/7.62mm AR-10<\/li>\n<\/ul>\n<p>Bore Tech \u010detke za \u010di\u0161\u0107enje komore.<\/p>\n<h3>Upute:<\/h3>\n<ol>\n<li>Pri\u010dvrstite \u010detku na \u0161ipku<\/li>\n<li>Navla\u017eite \u010detku sredstvom za \u010di\u0161\u0107enje (preporu\u010duju se C4 Carbon Remover ili Eliminator Bore Cleaner)<\/li>\n<li>Umetnite u komoru i rotirajte 6-12 puta<\/li>\n<li>Po potrebi ponovno nanesite otapalo i nastavite \u010detkati<\/li>\n<li>Obri\u0161ite komoru krpom<\/li>\n<li>O\u010distite \u010detke prije spremanja<\/li>\n<\/ol>\n","protected":false},"excerpt":{"rendered":"<p>U\u010dinkovita \u010detka s dvostrukom komorom s \u010dekinjama za AR-15 i AR-10 pu\u0161ke.<\/p>\n","protected":false},"featured_media":51040,"template":"","meta":{"_acf_changed":false},"product_brand":[11147],"product_cat":[13577,13550],"product_tag":[],"class_list":{"0":"post-51039","1":"product","2":"type-product","3":"status-publish","4":"has-post-thumbnail","6":"product_brand-boretech","7":"product_cat-cetke","8":"product_cat-ciscenje-oruzja","9":"pa_model-ar-10-hr","10":"pa_model-ar-15-hr","12":"first","13":"instock","14":"taxable","15":"shipping-taxable","16":"purchasable","17":"product-type-variable","18":"wvs-archive-product-wrapper"},"acf":[],"_links":{"self":[{"href":"https:\/\/staging.nbg.eu\/hr\/wp-json\/wp\/v2\/product\/51039","targetHints":{"allow":["GET"]}}],"collection":[{"href":"https:\/\/staging.nbg.eu\/hr\/wp-json\/wp\/v2\/product"}],"about":[{"href":"https:\/\/staging.nbg.eu\/hr\/wp-json\/wp\/v2\/types\/product"}],"wp:featuredmedia":[{"embeddable":true,"href":"https:\/\/staging.nbg.eu\/hr\/wp-json\/wp\/v2\/media\/51040"}],"wp:attachment":[{"href":"https:\/\/staging.nbg.eu\/hr\/wp-json\/wp\/v2\/media?parent=51039"}],"wp:term":[{"taxonomy":"product_brand","embeddable":true,"href":"https:\/\/staging.nbg.eu\/hr\/wp-json\/wp\/v2\/product_brand?post=51039"},{"taxonomy":"product_cat","embeddable":true,"href":"https:\/\/staging.nbg.eu\/hr\/wp-json\/wp\/v2\/product_cat?post=51039"},{"taxonomy":"product_tag","embeddable":true,"href":"https:\/\/staging.nbg.eu\/hr\/wp-json\/wp\/v2\/product_tag?post=51039"}],"curies":[{"name":"wp","href":"https:\/\/api.w.org\/{rel}","templated":true}]}}