{"id":50906,"date":"2024-01-30T18:05:11","date_gmt":"2024-09-13T09:11:50","guid":{"rendered":"https:\/\/staging.nbg.eu\/product\/blue-force-gear-vickers-padded-sling\/"},"modified":"2024-10-30T09:08:46","modified_gmt":"2024-10-30T09:08:46","slug":"blue-force-gear-vickers-podstavljeni-remen","status":"publish","type":"product","link":"https:\/\/staging.nbg.eu\/hr\/proizvod\/blue-force-gear-vickers-podstavljeni-remen\/","title":{"rendered":"Blue Force Gear Vickers Podstavljeni Remen"},"content":{"rendered":"<h2>Blue Force Gear Vickers podstavljena traka za pu\u0161ku<\/h2>\n<p>Vickers podstavljena traka za borbenu primjenu\u2122 je patentirana. Razvijena je u suradnji s Larryjem Vickersom, biv\u0161im \u010dlanom 1. SFOD-Delta. Ovu takti\u010dku traku s brzim pode\u0161avanjem koristi ameri\u010dka vojska.<\/p>\n<h2>Glavne zna\u010dajke:<\/h2>\n<ul>\n<li>2&#8243; ugra\u0111eni jastu\u010di\u0107 za dodatnu udobnost<\/li>\n<li>Konstrukcija od pjene zatvorenih \u0107elija<\/li>\n<li>Brzi pode\u0161iva\u010d za trenutne promjene duljine<\/li>\n<li>Glatki prijelaz iz polo\u017eaja za no\u0161enje u borbeni polo\u017eaj<\/li>\n<li>Proizvedeno u SAD-u od kvalitetnih materijala<\/li>\n<\/ul>\n<p>Vickers podstavljena traka nudi kombinaciju udobnosti i funkcionalnosti.<\/p>\n","protected":false},"excerpt":{"rendered":"<p>Brzo podesivi takti\u010dki remen s podstavljenom udobno\u0161\u0107u za pu\u0161ke.<\/p>\n","protected":false},"featured_media":50546,"template":"","meta":{"_acf_changed":false},"product_brand":[11122],"product_cat":[13536,13532],"product_tag":[],"class_list":{"0":"post-50906","1":"product","2":"type-product","3":"status-publish","4":"has-post-thumbnail","6":"product_brand-blue-force-gear","7":"product_cat-oprema","8":"product_cat-remeni","10":"first","11":"instock","12":"taxable","13":"shipping-taxable","14":"purchasable","15":"product-type-variable","16":"wvs-archive-product-wrapper"},"acf":[],"_links":{"self":[{"href":"https:\/\/staging.nbg.eu\/hr\/wp-json\/wp\/v2\/product\/50906","targetHints":{"allow":["GET"]}}],"collection":[{"href":"https:\/\/staging.nbg.eu\/hr\/wp-json\/wp\/v2\/product"}],"about":[{"href":"https:\/\/staging.nbg.eu\/hr\/wp-json\/wp\/v2\/types\/product"}],"wp:featuredmedia":[{"embeddable":true,"href":"https:\/\/staging.nbg.eu\/hr\/wp-json\/wp\/v2\/media\/50546"}],"wp:attachment":[{"href":"https:\/\/staging.nbg.eu\/hr\/wp-json\/wp\/v2\/media?parent=50906"}],"wp:term":[{"taxonomy":"product_brand","embeddable":true,"href":"https:\/\/staging.nbg.eu\/hr\/wp-json\/wp\/v2\/product_brand?post=50906"},{"taxonomy":"product_cat","embeddable":true,"href":"https:\/\/staging.nbg.eu\/hr\/wp-json\/wp\/v2\/product_cat?post=50906"},{"taxonomy":"product_tag","embeddable":true,"href":"https:\/\/staging.nbg.eu\/hr\/wp-json\/wp\/v2\/product_tag?post=50906"}],"curies":[{"name":"wp","href":"https:\/\/api.w.org\/{rel}","templated":true}]}}