{"id":50545,"date":"2024-04-18T08:10:02","date_gmt":"2024-09-13T09:07:51","guid":{"rendered":"https:\/\/staging.nbg.eu\/product\/blue-force-gear-hunting-sling\/"},"modified":"2024-09-13T09:08:39","modified_gmt":"2024-09-13T09:08:39","slug":"blue-force-gear-lovacki-remen","status":"publish","type":"product","link":"https:\/\/staging.nbg.eu\/hr\/proizvod\/blue-force-gear-lovacki-remen\/","title":{"rendered":"Blue Force Gear Lova\u010dki Remen"},"content":{"rendered":"<h2>Blue Force Gear remen za lov<\/h2>\n<p>Blue Force Gear remen za lov namijenjen je za pu\u0161ke i sa\u010dmarice. Ovaj remen kombinira kvalitetu dokazanu u borbi s lako\u0107om kori\u0161tenja, te odgovara tradicionalnim kop\u010dama za remene.<\/p>\n<h2>Glavne zna\u010dajke:<\/h2>\n<ul>\n<li>INVISTA\u2122 CORDURA\u00ae tkanje vojnog standarda obojeno u otopini<\/li>\n<li>Brzo pode\u0161avanje od 66 cm do 117 cm<\/li>\n<li>Uklju\u010dene kop\u010de s bo\u010dnim otpu\u0161tanjem<\/li>\n<li>Otporno na blije\u0111enje, savijanje, pucanje i otvrdnjavanje<\/li>\n<li>Prikladno za duge \u0161etnje i penjanje na \u010deke<\/li>\n<\/ul>\n<p>Ovaj remen omogu\u0107uje prelazak iz polo\u017eaja za no\u0161enje u polo\u017eaj za pucanje. Mo\u017ee osigurati va\u0161e oru\u017eje blizu tijela ili se olabaviti za brzo podizanje i pucanje.<\/p>\n","protected":false},"excerpt":{"rendered":"<p>Izdr\u017eljiv, podesivi remen za pu\u0161ke i sa\u010dmarice. Jednostavan za upotrebu.<\/p>\n","protected":false},"featured_media":50546,"template":"","meta":{"_acf_changed":false},"product_brand":[11122],"product_cat":[13536,13532],"product_tag":[],"class_list":{"0":"post-50545","1":"product","2":"type-product","3":"status-publish","4":"has-post-thumbnail","6":"product_brand-blue-force-gear","7":"product_cat-oprema","8":"product_cat-remeni","10":"first","11":"instock","12":"taxable","13":"shipping-taxable","14":"purchasable","15":"product-type-variable","16":"wvs-archive-product-wrapper"},"acf":[],"_links":{"self":[{"href":"https:\/\/staging.nbg.eu\/hr\/wp-json\/wp\/v2\/product\/50545","targetHints":{"allow":["GET"]}}],"collection":[{"href":"https:\/\/staging.nbg.eu\/hr\/wp-json\/wp\/v2\/product"}],"about":[{"href":"https:\/\/staging.nbg.eu\/hr\/wp-json\/wp\/v2\/types\/product"}],"wp:featuredmedia":[{"embeddable":true,"href":"https:\/\/staging.nbg.eu\/hr\/wp-json\/wp\/v2\/media\/50546"}],"wp:attachment":[{"href":"https:\/\/staging.nbg.eu\/hr\/wp-json\/wp\/v2\/media?parent=50545"}],"wp:term":[{"taxonomy":"product_brand","embeddable":true,"href":"https:\/\/staging.nbg.eu\/hr\/wp-json\/wp\/v2\/product_brand?post=50545"},{"taxonomy":"product_cat","embeddable":true,"href":"https:\/\/staging.nbg.eu\/hr\/wp-json\/wp\/v2\/product_cat?post=50545"},{"taxonomy":"product_tag","embeddable":true,"href":"https:\/\/staging.nbg.eu\/hr\/wp-json\/wp\/v2\/product_tag?post=50545"}],"curies":[{"name":"wp","href":"https:\/\/api.w.org\/{rel}","templated":true}]}}