{"id":50251,"date":"2024-04-18T10:53:56","date_gmt":"2024-09-13T08:58:58","guid":{"rendered":"https:\/\/staging.nbg.eu\/product\/blue-force-gear-gmt-sling\/"},"modified":"2024-09-13T08:59:47","modified_gmt":"2024-09-13T08:59:47","slug":"blue-force-gear-gmt-remen","status":"publish","type":"product","link":"https:\/\/staging.nbg.eu\/hr\/proizvod\/blue-force-gear-gmt-remen\/","title":{"rendered":"Blue Force Gear GMT Remen"},"content":{"rendered":"<h2>Blue Force Gear GMT remen<\/h2>\n<p>Blue Force Gear GMT remen pobolj\u0161ava nedostatke tradicionalnih remena s repom, nude\u0107i udobnost i funkcionalnost.<\/p>\n<h2>Glavne zna\u010dajke:<\/h2>\n<ul>\n<li>Prilago\u0111eno dvostruko su\u010delje s kop\u010dom izra\u0111eno od izdr\u017eljivog najlona oja\u010danog staklenim vlaknima<\/li>\n<li>Posebna CORDURA\u00ae najlonska traka za udobnost i smanjeno zapinjanje<\/li>\n<li>Jednostavno pode\u0161avanje: Povucite rep za zatezanje, uhvatite sferno dugme za otpu\u0161tanje<\/li>\n<li>U\u0161iveni grani\u010dnik na kraju repa sprje\u010dava slu\u010dajno otpu\u0161tanje oru\u017eja<\/li>\n<\/ul>\n<h2>Specifikacije:<\/h2>\n<ul>\n<li>Dostupno u \u0161irinama trake od 1&#8243; i 1,25&#8243;<\/li>\n<li>Kompatibilno s razli\u010ditim vatrenim oru\u017ejem, od ultralakih pu\u0161aka do sa\u010dmarica<\/li>\n<li>Duljina: 34&#8243; &#8211; 64&#8243;<\/li>\n<li>Hardver: Najlon DuPont Zytel\u00ae oja\u010dan staklenim vlaknima<\/li>\n<\/ul>\n<p>GMT remen predstavlja sljede\u0107i korak u dizajnu takti\u010dkih remena.<\/p>\n","protected":false},"excerpt":{"rendered":"<p>Inovativni takti\u010dki remen s prilagodljivim elementom otpornim na hr\u0111u i udobnom trakom.<\/p>\n","protected":false},"featured_media":50252,"template":"","meta":{"_acf_changed":false},"product_brand":[11122],"product_cat":[13536,13532],"product_tag":[],"class_list":{"0":"post-50251","1":"product","2":"type-product","3":"status-publish","4":"has-post-thumbnail","6":"product_brand-blue-force-gear","7":"product_cat-oprema","8":"product_cat-remeni","10":"first","11":"instock","12":"taxable","13":"shipping-taxable","14":"purchasable","15":"product-type-variable","16":"wvs-archive-product-wrapper"},"acf":[],"_links":{"self":[{"href":"https:\/\/staging.nbg.eu\/hr\/wp-json\/wp\/v2\/product\/50251","targetHints":{"allow":["GET"]}}],"collection":[{"href":"https:\/\/staging.nbg.eu\/hr\/wp-json\/wp\/v2\/product"}],"about":[{"href":"https:\/\/staging.nbg.eu\/hr\/wp-json\/wp\/v2\/types\/product"}],"wp:featuredmedia":[{"embeddable":true,"href":"https:\/\/staging.nbg.eu\/hr\/wp-json\/wp\/v2\/media\/50252"}],"wp:attachment":[{"href":"https:\/\/staging.nbg.eu\/hr\/wp-json\/wp\/v2\/media?parent=50251"}],"wp:term":[{"taxonomy":"product_brand","embeddable":true,"href":"https:\/\/staging.nbg.eu\/hr\/wp-json\/wp\/v2\/product_brand?post=50251"},{"taxonomy":"product_cat","embeddable":true,"href":"https:\/\/staging.nbg.eu\/hr\/wp-json\/wp\/v2\/product_cat?post=50251"},{"taxonomy":"product_tag","embeddable":true,"href":"https:\/\/staging.nbg.eu\/hr\/wp-json\/wp\/v2\/product_tag?post=50251"}],"curies":[{"name":"wp","href":"https:\/\/api.w.org\/{rel}","templated":true}]}}