{"id":50056,"date":"2024-04-21T18:34:24","date_gmt":"2024-09-13T08:44:06","guid":{"rendered":"https:\/\/staging.nbg.eu\/product\/blue-force-gear-molded-uwl-black\/"},"modified":"2024-09-13T08:44:44","modified_gmt":"2024-09-13T08:44:44","slug":"blue-force-gear-oblikovani-uwl-crni","status":"publish","type":"product","link":"https:\/\/staging.nbg.eu\/hr\/proizvod\/blue-force-gear-oblikovani-uwl-crni\/","title":{"rendered":"Blue Force Gear Oblikovani UWL &#8211; Crni"},"content":{"rendered":"<div class=\"product-description\">\n<h2>Blue Force Gear Oblikovani UWL &#8211; Crni<\/h2>\n<p>Oblikovani Univerzalni \u017di\u010dani Prsten (UWL) omogu\u0107uje pri\u010dvr\u0161\u0107ivanje remena na razli\u010dite to\u010dke oru\u017eja. Dizajniran je za remene \u0161irine do 3,2 cm, uklju\u010duju\u0107i Vickers remen, i prikladan je za u\u0161ice, utore i rupe na \u0161inama.<\/p>\n<h3>Glavne zna\u010dajke:<\/h3>\n<ul>\n<li>Kabel od nehr\u0111aju\u0107eg \u010delika presvu\u010den najlonom<\/li>\n<li>Tijelo od izdr\u017eljivog najlona 6-6<\/li>\n<li>\u017di\u010dana petlja 6,5 cm od baze do vrha<\/li>\n<li>Petlja za remen \u0161irine 3,2 cm kompatibilna s Vickers borbenim remenima<\/li>\n<li>Uti\u010dnica s gumbom za standardne okretne remene<\/li>\n<li>Krajevi kuglastog oblika zakovani izravno na \u017eicu<\/li>\n<\/ul>\n<p>Blue Force Gear Oblikovani UWL &#8211; Crni omogu\u0107uje pri\u010dvr\u0161\u0107ivanje remena na razli\u010dite na\u010dine.<\/p>\n<\/div>\n","protected":false},"excerpt":{"rendered":"<p>Svestrani nosa\u010d za remene \u0161irine 3,2 cm. Izdr\u017eljiv dizajn male te\u017eine.<\/p>\n","protected":false},"featured_media":50057,"template":"","meta":{"_acf_changed":false},"product_brand":[11122],"product_cat":[13536,13532],"product_tag":[],"class_list":{"0":"post-50056","1":"product","2":"type-product","3":"status-publish","4":"has-post-thumbnail","6":"product_brand-blue-force-gear","7":"product_cat-oprema","8":"product_cat-remeni","10":"first","11":"instock","12":"taxable","13":"shipping-taxable","14":"purchasable","15":"product-type-simple"},"acf":[],"_links":{"self":[{"href":"https:\/\/staging.nbg.eu\/hr\/wp-json\/wp\/v2\/product\/50056","targetHints":{"allow":["GET"]}}],"collection":[{"href":"https:\/\/staging.nbg.eu\/hr\/wp-json\/wp\/v2\/product"}],"about":[{"href":"https:\/\/staging.nbg.eu\/hr\/wp-json\/wp\/v2\/types\/product"}],"wp:featuredmedia":[{"embeddable":true,"href":"https:\/\/staging.nbg.eu\/hr\/wp-json\/wp\/v2\/media\/50057"}],"wp:attachment":[{"href":"https:\/\/staging.nbg.eu\/hr\/wp-json\/wp\/v2\/media?parent=50056"}],"wp:term":[{"taxonomy":"product_brand","embeddable":true,"href":"https:\/\/staging.nbg.eu\/hr\/wp-json\/wp\/v2\/product_brand?post=50056"},{"taxonomy":"product_cat","embeddable":true,"href":"https:\/\/staging.nbg.eu\/hr\/wp-json\/wp\/v2\/product_cat?post=50056"},{"taxonomy":"product_tag","embeddable":true,"href":"https:\/\/staging.nbg.eu\/hr\/wp-json\/wp\/v2\/product_tag?post=50056"}],"curies":[{"name":"wp","href":"https:\/\/api.w.org\/{rel}","templated":true}]}}