{"id":49635,"date":"2024-05-23T19:46:21","date_gmt":"2024-09-13T08:37:10","guid":{"rendered":"https:\/\/staging.nbg.eu\/product\/blue-force-gear-micro-trauma-kit-now\/"},"modified":"2024-09-13T08:37:55","modified_gmt":"2024-09-13T08:37:55","slug":"blue-force-gear-micro-traume-set-now","status":"publish","type":"product","link":"https:\/\/staging.nbg.eu\/hr\/proizvod\/blue-force-gear-micro-traume-set-now\/","title":{"rendered":"Blue Force Gear Micro Traume Set NOW!"},"content":{"rendered":"<div class=\"product-description\">\n<h2>Blue Force Gear Micro Trauma Kit NOW!<\/h2>\n<p>Micro Trauma Kit NOW! (Micro TKN) je kompaktno rje\u0161enje za svakodnevno no\u0161enje osnovnih medicinskih potrep\u0161tina. Namijenjen je policijskim slu\u017ebenicima, gra\u0111anima i lovcima, a ovaj komplet koji se nosi na pojasu osigurava brz pristup va\u017enim predmetima za prvu pomo\u0107.<\/p>\n<h2>Glavne zna\u010dajke:<\/h2>\n<ul>\n<li>Kompaktna veli\u010dina za udobno svakodnevno no\u0161enje<\/li>\n<li>Mogu\u0107nost izvla\u010denja jednom rukom s obje strane<\/li>\n<li>Opcije pri\u010dvr\u0161\u0107ivanja na MOLLE sustav ili pojas<\/li>\n<li>Ten-Speed tehnologija za sigurno spremanje<\/li>\n<li>Uklonjivi umetak za organizirano spremanje potrep\u0161tina<\/li>\n<li>Podesive \u010di\u010dak trake odgovaraju ve\u0107ini pojaseva<\/li>\n<\/ul>\n<p>Budite spremni za hitne slu\u010dajeve s Micro TKN-om &#8211; va\u0161im prijenosnim kompletom za hitne situacije.<\/p>\n<\/div>\n","protected":false},"excerpt":{"rendered":"<p>Kompaktni, spasila\u010dki trauma komplet za svakodnevno no\u0161enje na pojasu.<\/p>\n","protected":false},"featured_media":49636,"template":"","meta":{"_acf_changed":false},"product_brand":[11122],"product_cat":[13571,13536],"product_tag":[],"class_list":{"0":"post-49635","1":"product","2":"type-product","3":"status-publish","4":"has-post-thumbnail","6":"product_brand-blue-force-gear","7":"product_cat-medicinska-oprema","8":"product_cat-oprema","10":"first","11":"instock","12":"taxable","13":"shipping-taxable","14":"purchasable","15":"product-type-variable","16":"wvs-archive-product-wrapper"},"acf":[],"_links":{"self":[{"href":"https:\/\/staging.nbg.eu\/hr\/wp-json\/wp\/v2\/product\/49635","targetHints":{"allow":["GET"]}}],"collection":[{"href":"https:\/\/staging.nbg.eu\/hr\/wp-json\/wp\/v2\/product"}],"about":[{"href":"https:\/\/staging.nbg.eu\/hr\/wp-json\/wp\/v2\/types\/product"}],"wp:featuredmedia":[{"embeddable":true,"href":"https:\/\/staging.nbg.eu\/hr\/wp-json\/wp\/v2\/media\/49636"}],"wp:attachment":[{"href":"https:\/\/staging.nbg.eu\/hr\/wp-json\/wp\/v2\/media?parent=49635"}],"wp:term":[{"taxonomy":"product_brand","embeddable":true,"href":"https:\/\/staging.nbg.eu\/hr\/wp-json\/wp\/v2\/product_brand?post=49635"},{"taxonomy":"product_cat","embeddable":true,"href":"https:\/\/staging.nbg.eu\/hr\/wp-json\/wp\/v2\/product_cat?post=49635"},{"taxonomy":"product_tag","embeddable":true,"href":"https:\/\/staging.nbg.eu\/hr\/wp-json\/wp\/v2\/product_tag?post=49635"}],"curies":[{"name":"wp","href":"https:\/\/api.w.org\/{rel}","templated":true}]}}