{"id":49546,"date":"2024-07-29T13:10:43","date_gmt":"2024-09-12T16:17:09","guid":{"rendered":"https:\/\/staging.nbg.eu\/product\/cobra-buckle-conversion-kit\/"},"modified":"2024-09-12T16:17:48","modified_gmt":"2024-09-12T16:17:48","slug":"cobra-komplet-za-pretvorbu-kopce","status":"publish","type":"product","link":"https:\/\/staging.nbg.eu\/hr\/proizvod\/cobra-komplet-za-pretvorbu-kopce\/","title":{"rendered":"COBRA\u00ae Komplet za Pretvorbu Kop\u010de"},"content":{"rendered":"<div class=\"product-description\">\n<h2>COBRA\u00ae kop\u010da za nadogradnju GRID\u2122 pojasa<\/h2>\n<p>Nadogradite svoj GRID\u2122 pojas s na\u0161im kompletom za konverziju COBRA\u00ae kop\u010de, koji sadr\u017ei patentiranu COBRA\u00ae ProStyle kop\u010du nove generacije. Ovaj komplet dodaje funkciju brzog otpu\u0161tanja va\u0161em pojasu.<\/p>\n<h3>Glavne zna\u010dajke:<\/h3>\n<ul>\n<li>Prilago\u0111eni stab-lock za glatko zaklju\u010davanje i sprje\u010davanje slu\u010dajnog otvaranja<\/li>\n<li>Zadovoljava ANSI i CSA standarde<\/li>\n<li>Certificiran za otpornost na slanu maglu i pijesak<\/li>\n<li>Funkcija brzog otpu\u0161tanja za dodatnu prakti\u010dnost<\/li>\n<\/ul>\n<p><strong>Napomena:<\/strong> Ovaj komplet za nadogradnju ne dodaje sposobnost no\u0161enja tereta GRID pojasu. Za opcije s ocjenom nosivosti, razmotrite na\u0161 CHLK pojas.<\/p>\n<\/div>\n","protected":false},"excerpt":{"rendered":"<p>COBRA\u00ae kop\u010da komplet: Brzo-otpu\u0161taju\u0107a nadogradnja za GRID\u2122 pojas. Sigurno, elegantno.<\/p>\n","protected":false},"featured_media":49549,"template":"","meta":{"_acf_changed":false},"product_brand":[],"product_cat":[13536,13555],"product_tag":[],"class_list":{"0":"post-49546","1":"product","2":"type-product","3":"status-publish","4":"has-post-thumbnail","6":"product_cat-oprema","7":"product_cat-takticki-remeni","9":"first","10":"instock","11":"taxable","12":"shipping-taxable","13":"purchasable","14":"product-type-variable","15":"wvs-archive-product-wrapper"},"acf":[],"_links":{"self":[{"href":"https:\/\/staging.nbg.eu\/hr\/wp-json\/wp\/v2\/product\/49546","targetHints":{"allow":["GET"]}}],"collection":[{"href":"https:\/\/staging.nbg.eu\/hr\/wp-json\/wp\/v2\/product"}],"about":[{"href":"https:\/\/staging.nbg.eu\/hr\/wp-json\/wp\/v2\/types\/product"}],"wp:featuredmedia":[{"embeddable":true,"href":"https:\/\/staging.nbg.eu\/hr\/wp-json\/wp\/v2\/media\/49549"}],"wp:attachment":[{"href":"https:\/\/staging.nbg.eu\/hr\/wp-json\/wp\/v2\/media?parent=49546"}],"wp:term":[{"taxonomy":"product_brand","embeddable":true,"href":"https:\/\/staging.nbg.eu\/hr\/wp-json\/wp\/v2\/product_brand?post=49546"},{"taxonomy":"product_cat","embeddable":true,"href":"https:\/\/staging.nbg.eu\/hr\/wp-json\/wp\/v2\/product_cat?post=49546"},{"taxonomy":"product_tag","embeddable":true,"href":"https:\/\/staging.nbg.eu\/hr\/wp-json\/wp\/v2\/product_tag?post=49546"}],"curies":[{"name":"wp","href":"https:\/\/api.w.org\/{rel}","templated":true}]}}