{"id":49324,"date":"2024-07-29T18:42:30","date_gmt":"2024-09-12T16:12:54","guid":{"rendered":"https:\/\/staging.nbg.eu\/product\/large-utility-dapper-pouch\/"},"modified":"2024-09-12T16:13:37","modified_gmt":"2024-09-12T16:13:37","slug":"velika-visenamjenska-dapper-torbica","status":"publish","type":"product","link":"https:\/\/staging.nbg.eu\/hr\/proizvod\/velika-visenamjenska-dapper-torbica\/","title":{"rendered":"Velika Vi\u0161enamjenska Dapper Torbica"},"content":{"rendered":"<div class=\"product-description\">\n<h2>Velika vi\u0161enamjenska torbica<\/h2>\n<p>Na\u0161a velika vi\u0161enamjenska torbica dizajnirana je za no\u0161enje svakodnevnih predmeta i opreme. Mo\u017ee dr\u017eati punja\u010de, ra\u010dunalnu opremu, medicinske potrep\u0161tine i alate.<\/p>\n<ul>\n<li>Brza instalacija i uklanjanje na bilo kojem polju s petljama<\/li>\n<li>Dva plava zatvara\u010da za lak pristup<\/li>\n<li>Gornja gumirana ru\u010dka za no\u0161enje<\/li>\n<li>Prozirni gornji dio za pregled sadr\u017eaja<\/li>\n<li>Unutarnje polje s petljama za dodatne opcije organizacije<\/li>\n<li>Stra\u017enja strana s kukicama za montiranje na razli\u010dite povr\u0161ine<\/li>\n<\/ul>\n<p>Mo\u017ee se koristiti s Blue Force Gear ruksacima, Dapper umetcima ili za prilago\u0111ene primjene.<\/p>\n<\/div>\n","protected":false},"excerpt":{"rendered":"<p>Vi\u0161enamjenska, odvojiva torbica za svakodnevnu opremu i neophodne stvari za misije.<\/p>\n","protected":false},"featured_media":49328,"template":"","meta":{"_acf_changed":false},"product_brand":[11122],"product_cat":[13536,13527],"product_tag":[],"class_list":{"0":"post-49324","1":"product","2":"type-product","3":"status-publish","4":"has-post-thumbnail","6":"product_brand-blue-force-gear","7":"product_cat-oprema","8":"product_cat-torbice","10":"first","11":"instock","12":"taxable","13":"shipping-taxable","14":"purchasable","15":"product-type-simple"},"acf":[],"_links":{"self":[{"href":"https:\/\/staging.nbg.eu\/hr\/wp-json\/wp\/v2\/product\/49324","targetHints":{"allow":["GET"]}}],"collection":[{"href":"https:\/\/staging.nbg.eu\/hr\/wp-json\/wp\/v2\/product"}],"about":[{"href":"https:\/\/staging.nbg.eu\/hr\/wp-json\/wp\/v2\/types\/product"}],"wp:featuredmedia":[{"embeddable":true,"href":"https:\/\/staging.nbg.eu\/hr\/wp-json\/wp\/v2\/media\/49328"}],"wp:attachment":[{"href":"https:\/\/staging.nbg.eu\/hr\/wp-json\/wp\/v2\/media?parent=49324"}],"wp:term":[{"taxonomy":"product_brand","embeddable":true,"href":"https:\/\/staging.nbg.eu\/hr\/wp-json\/wp\/v2\/product_brand?post=49324"},{"taxonomy":"product_cat","embeddable":true,"href":"https:\/\/staging.nbg.eu\/hr\/wp-json\/wp\/v2\/product_cat?post=49324"},{"taxonomy":"product_tag","embeddable":true,"href":"https:\/\/staging.nbg.eu\/hr\/wp-json\/wp\/v2\/product_tag?post=49324"}],"curies":[{"name":"wp","href":"https:\/\/api.w.org\/{rel}","templated":true}]}}