{"id":48916,"date":"2024-07-29T18:46:44","date_gmt":"2024-09-12T16:04:16","guid":{"rendered":"https:\/\/staging.nbg.eu\/product\/horizontal-ten-speed-single-m4-mag-pouch\/"},"modified":"2024-09-12T16:04:58","modified_gmt":"2024-09-12T16:04:58","slug":"horizontalna-ten-speed-jednostruka-m4-torbica-za-spremnik","status":"publish","type":"product","link":"https:\/\/staging.nbg.eu\/hr\/proizvod\/horizontalna-ten-speed-jednostruka-m4-torbica-za-spremnik\/","title":{"rendered":"Horizontalna Ten-Speed\u00ae Jednostruka M4 Torbica za Spremnik"},"content":{"rendered":"<h2>Vodoravni Ten-Speed\u00ae Pojedina\u010dni M4 Spremnik za Okvire<\/h2>\n<p>Horizontalni Ten-Speed\u00ae M4 spremnik za okvire nudi rje\u0161enje za no\u0161enje streljiva. Izra\u0111en od elasti\u010dne konstrukcije vojne kvalitete, ovaj spremnik je dizajniran za postavljanje na neiskori\u0161tene MOLLE sekcije na prslucima, nosa\u010dima plo\u010da ili pojasevima.<\/p>\n<ul>\n<li>Kompatibilan s 30-metnim STANAG M4 okvirima i ve\u0107inom 5.56 okvira<\/li>\n<li>Prima ve\u0107e SMG okvire (UMP, CZ Scorpion, P90) i neke AK-74 okvire<\/li>\n<li>Opcije fleksibilnog spremanja: metci gore\/dolje, naprijed\/natrag<\/li>\n<li>Dostupan u MOLLE-kompatibilnim Helium Whisper i verzijama za monta\u017eu na pojas<\/li>\n<li>Verzija za monta\u017eu na pojas odgovara pojasevima do 5 cm \u0161irine s podesivim \u010di\u010dak trakama<\/li>\n<\/ul>\n<p>Horizontalni Ten-Speed\u00ae Pojedina\u010dni M4 Spremnik za Okvire je rje\u0161enje za u\u010dinkovito upravljanje streljivom.<\/p>\n","protected":false},"excerpt":{"rendered":"<p>Vi\u0161enamjenska vodoravna torbica za M4\/5,56 spremnike. Montira se na MOLLE sustav ili pojas.<\/p>\n","protected":false},"featured_media":48923,"template":"","meta":{"_acf_changed":false},"product_brand":[11122],"product_cat":[13512,13536,13527],"product_tag":[],"class_list":{"0":"post-48916","1":"product","2":"type-product","3":"status-publish","4":"has-post-thumbnail","6":"product_brand-blue-force-gear","7":"product_cat-drzaci-spremnika","8":"product_cat-oprema","9":"product_cat-torbice","11":"first","12":"instock","13":"taxable","14":"shipping-taxable","15":"purchasable","16":"product-type-simple"},"acf":[],"_links":{"self":[{"href":"https:\/\/staging.nbg.eu\/hr\/wp-json\/wp\/v2\/product\/48916","targetHints":{"allow":["GET"]}}],"collection":[{"href":"https:\/\/staging.nbg.eu\/hr\/wp-json\/wp\/v2\/product"}],"about":[{"href":"https:\/\/staging.nbg.eu\/hr\/wp-json\/wp\/v2\/types\/product"}],"wp:featuredmedia":[{"embeddable":true,"href":"https:\/\/staging.nbg.eu\/hr\/wp-json\/wp\/v2\/media\/48923"}],"wp:attachment":[{"href":"https:\/\/staging.nbg.eu\/hr\/wp-json\/wp\/v2\/media?parent=48916"}],"wp:term":[{"taxonomy":"product_brand","embeddable":true,"href":"https:\/\/staging.nbg.eu\/hr\/wp-json\/wp\/v2\/product_brand?post=48916"},{"taxonomy":"product_cat","embeddable":true,"href":"https:\/\/staging.nbg.eu\/hr\/wp-json\/wp\/v2\/product_cat?post=48916"},{"taxonomy":"product_tag","embeddable":true,"href":"https:\/\/staging.nbg.eu\/hr\/wp-json\/wp\/v2\/product_tag?post=48916"}],"curies":[{"name":"wp","href":"https:\/\/api.w.org\/{rel}","templated":true}]}}