{"id":48694,"date":"2024-07-29T18:47:29","date_gmt":"2024-09-12T15:57:34","guid":{"rendered":"https:\/\/staging.nbg.eu\/product\/ten-speed-triple-m4-mag-pouch\/"},"modified":"2024-09-12T15:58:17","modified_gmt":"2024-09-12T15:58:17","slug":"ten-speed-trostruka-m4-torbica-za-spremnike","status":"publish","type":"product","link":"https:\/\/staging.nbg.eu\/hr\/proizvod\/ten-speed-trostruka-m4-torbica-za-spremnike\/","title":{"rendered":"Ten-Speed\u00ae Trostruka M4 Torbica za Spremnike"},"content":{"rendered":"<div class=\"product-description\">\n<h2>Ten-Speed\u00ae trostruki M4 spremnik za okvire od BFG<\/h2>\n<p>Ovaj lagani spremnik dr\u017ei tri AR\/M4 ili M16 okvira. Izra\u0111en je od vojnog elasti\u010dnog materijala i ULTRAcomp\u00ae laminata, te je ravan kada je prazan.<\/p>\n<ul>\n<li>Dr\u017ei polimerne ili metalne okvire<\/li>\n<li>Vi\u0161enamjenski dizajn za medicinske potrep\u0161tine, \u0161ok bombe, itd.<\/li>\n<li>MOLLE kompatibilan s Helium Whisper\u00ae priklju\u010dkom<\/li>\n<li>Dimenzije: 0,32 cm x 22,86 cm x 15,24 cm<\/li>\n<li>Zahtijeva 3 x 6 MOLLE polje<\/li>\n<\/ul>\n<p>Ten-Speed\u00ae tehnologija u kompaktnom pakiranju. Prikladno za vojsku, policiju i takti\u010dke entuzijaste.<\/p>\n<\/div>\n","protected":false},"excerpt":{"rendered":"<p>Lagana, fleksibilna MOLLE torbica za 3 AR\/M4 spremnika ili sli\u010dne predmete.<\/p>\n","protected":false},"featured_media":48704,"template":"","meta":{"_acf_changed":false},"product_brand":[11122],"product_cat":[13512,13536,13527],"product_tag":[],"class_list":{"0":"post-48694","1":"product","2":"type-product","3":"status-publish","4":"has-post-thumbnail","6":"product_brand-blue-force-gear","7":"product_cat-drzaci-spremnika","8":"product_cat-oprema","9":"product_cat-torbice","11":"first","12":"instock","13":"taxable","14":"shipping-taxable","15":"purchasable","16":"product-type-simple"},"acf":[],"_links":{"self":[{"href":"https:\/\/staging.nbg.eu\/hr\/wp-json\/wp\/v2\/product\/48694","targetHints":{"allow":["GET"]}}],"collection":[{"href":"https:\/\/staging.nbg.eu\/hr\/wp-json\/wp\/v2\/product"}],"about":[{"href":"https:\/\/staging.nbg.eu\/hr\/wp-json\/wp\/v2\/types\/product"}],"wp:featuredmedia":[{"embeddable":true,"href":"https:\/\/staging.nbg.eu\/hr\/wp-json\/wp\/v2\/media\/48704"}],"wp:attachment":[{"href":"https:\/\/staging.nbg.eu\/hr\/wp-json\/wp\/v2\/media?parent=48694"}],"wp:term":[{"taxonomy":"product_brand","embeddable":true,"href":"https:\/\/staging.nbg.eu\/hr\/wp-json\/wp\/v2\/product_brand?post=48694"},{"taxonomy":"product_cat","embeddable":true,"href":"https:\/\/staging.nbg.eu\/hr\/wp-json\/wp\/v2\/product_cat?post=48694"},{"taxonomy":"product_tag","embeddable":true,"href":"https:\/\/staging.nbg.eu\/hr\/wp-json\/wp\/v2\/product_tag?post=48694"}],"curies":[{"name":"wp","href":"https:\/\/api.w.org\/{rel}","templated":true}]}}