{"id":48672,"date":"2024-07-29T19:00:12","date_gmt":"2024-09-12T15:53:30","guid":{"rendered":"https:\/\/staging.nbg.eu\/product\/ten-speed-single-pistol-mag-pouch\/"},"modified":"2024-09-12T15:54:11","modified_gmt":"2024-09-12T15:54:11","slug":"ten-speed-jednostruka-torbica-za-pistoljski-spremnik","status":"publish","type":"product","link":"https:\/\/staging.nbg.eu\/hr\/proizvod\/ten-speed-jednostruka-torbica-za-pistoljski-spremnik\/","title":{"rendered":"Ten-Speed\u00ae Jednostruka Torbica za Pi\u0161toljski Spremnik"},"content":{"rendered":"<h2>Ten-Speed\u00ae Pojedina\u010dna futrola za pi\u0161toljski okvir<\/h2>\n<p>Na\u0161a Ten-Speed\u00ae pojedina\u010dna futrola za pi\u0161toljski okvir dizajnirana je za moderne takti\u010dke operatere. Ova vi\u0161enamjenska futrola mo\u017ee primiti:<\/p>\n<ul>\n<li>Jednostruke ili dvostruke pi\u0161toljske okvire (do veli\u010dine HK 45)<\/li>\n<li>Vi\u0161enamjenske alate<\/li>\n<li>Svjetiljke<\/li>\n<li>No\u017eeve<\/li>\n<li>Male OC sprejeve<\/li>\n<\/ul>\n<p>Izra\u0111ena od elasti\u010dne tkanine vojne kvalitete i ULTRAcomp\u2122 materijala, ova lagana futrola le\u017ei ravno kada nije u upotrebi. Patentirani Helium Whisper\u00ae sustav pri\u010dvr\u0161\u0107ivanja osigurava MOLLE kompatibilnost i smanjuje te\u017einu do 60% bez ugro\u017eavanja izdr\u017eljivosti.<\/p>\n<p>Veli\u010dina: 0,3175 cm x 5,08 cm x 10,16 cm (potrebno 2&#215;1 MOLLE polje)<\/p>\n<p>Ova futrola pru\u017ea pobolj\u0161ano zadr\u017eavanje i izdr\u017eljivost.<\/p>\n","protected":false},"excerpt":{"rendered":"<p>Brzo dostupan, ultra lagani spremnik za pi\u0161toljske okvire s jednim ili dvostrukim slogom.<\/p>\n","protected":false},"featured_media":33807,"template":"","meta":{"_acf_changed":false},"product_brand":[11122],"product_cat":[13512,13536,13527],"product_tag":[],"class_list":{"0":"post-48672","1":"product","2":"type-product","3":"status-publish","4":"has-post-thumbnail","6":"product_brand-blue-force-gear","7":"product_cat-drzaci-spremnika","8":"product_cat-oprema","9":"product_cat-torbice","11":"first","12":"instock","13":"taxable","14":"shipping-taxable","15":"purchasable","16":"product-type-variable","17":"wvs-archive-product-wrapper"},"acf":[],"_links":{"self":[{"href":"https:\/\/staging.nbg.eu\/hr\/wp-json\/wp\/v2\/product\/48672","targetHints":{"allow":["GET"]}}],"collection":[{"href":"https:\/\/staging.nbg.eu\/hr\/wp-json\/wp\/v2\/product"}],"about":[{"href":"https:\/\/staging.nbg.eu\/hr\/wp-json\/wp\/v2\/types\/product"}],"wp:featuredmedia":[{"embeddable":true,"href":"https:\/\/staging.nbg.eu\/hr\/wp-json\/wp\/v2\/media\/33807"}],"wp:attachment":[{"href":"https:\/\/staging.nbg.eu\/hr\/wp-json\/wp\/v2\/media?parent=48672"}],"wp:term":[{"taxonomy":"product_brand","embeddable":true,"href":"https:\/\/staging.nbg.eu\/hr\/wp-json\/wp\/v2\/product_brand?post=48672"},{"taxonomy":"product_cat","embeddable":true,"href":"https:\/\/staging.nbg.eu\/hr\/wp-json\/wp\/v2\/product_cat?post=48672"},{"taxonomy":"product_tag","embeddable":true,"href":"https:\/\/staging.nbg.eu\/hr\/wp-json\/wp\/v2\/product_tag?post=48672"}],"curies":[{"name":"wp","href":"https:\/\/api.w.org\/{rel}","templated":true}]}}