{"id":48590,"date":"2024-07-29T19:02:28","date_gmt":"2024-09-12T15:49:45","guid":{"rendered":"https:\/\/staging.nbg.eu\/product\/ten-speed-single-308-mag-pouch\/"},"modified":"2024-09-12T15:50:25","modified_gmt":"2024-09-12T15:50:25","slug":"ten-speed-jednostruka-308-torbica-za-spremnik","status":"publish","type":"product","link":"https:\/\/staging.nbg.eu\/hr\/proizvod\/ten-speed-jednostruka-308-torbica-za-spremnik\/","title":{"rendered":"Ten-Speed\u00ae Jednostruka 308 Torbica za Spremnik"},"content":{"rendered":"<div class=\"product-description\">\n<h2>Ten-Speed\u00ae Pojedina\u010dna 308 Mag Torbica<\/h2>\n<p>Rje\u0161enje za no\u0161enje .308 spremnika i vi\u0161e. Ova vi\u0161enamjenska torbica prima jedan .308 spremnik (kompatibilan sa SR-25, SIG 716, M110, FAL, SCAR-17, NGSW, XM7) ili sli\u010dne predmete poput pribora za prvu pomo\u0107, malih radio ure\u0111aja ili GPS jedinica.<\/p>\n<h3>Klju\u010dne zna\u010dajke:<\/h3>\n<ul>\n<li>Lagani i tanki dizajn<\/li>\n<li>Elastika i ULTRAcomp\u2122 laminat vojnog standarda<\/li>\n<li>Patentirani Helium Whisper\u00ae sustav pri\u010dvr\u0161\u0107ivanja<\/li>\n<li>MOLLE kompatibilno<\/li>\n<li>Pobolj\u0161ano zadr\u017eavanje i izdr\u017eljivost<\/li>\n<li>Te\u017ei 60% manje od tradicionalnih torbica<\/li>\n<\/ul>\n<p>Ten-Speed\u00ae Pojedina\u010dna 308 Mag Torbica kombinira brzinu i sigurnost.<\/p>\n<\/div>\n","protected":false},"excerpt":{"rendered":"<p>Lagani, vi\u0161enamjenski spremnik za .308 metke s sigurnim elasti\u010dnim dr\u017ea\u010dem.<\/p>\n","protected":false},"featured_media":48593,"template":"","meta":{"_acf_changed":false},"product_brand":[11122],"product_cat":[13512,13536,13527],"product_tag":[],"class_list":{"0":"post-48590","1":"product","2":"type-product","3":"status-publish","4":"has-post-thumbnail","6":"product_brand-blue-force-gear","7":"product_cat-drzaci-spremnika","8":"product_cat-oprema","9":"product_cat-torbice","11":"first","12":"instock","13":"taxable","14":"shipping-taxable","15":"purchasable","16":"product-type-simple"},"acf":[],"_links":{"self":[{"href":"https:\/\/staging.nbg.eu\/hr\/wp-json\/wp\/v2\/product\/48590","targetHints":{"allow":["GET"]}}],"collection":[{"href":"https:\/\/staging.nbg.eu\/hr\/wp-json\/wp\/v2\/product"}],"about":[{"href":"https:\/\/staging.nbg.eu\/hr\/wp-json\/wp\/v2\/types\/product"}],"wp:featuredmedia":[{"embeddable":true,"href":"https:\/\/staging.nbg.eu\/hr\/wp-json\/wp\/v2\/media\/48593"}],"wp:attachment":[{"href":"https:\/\/staging.nbg.eu\/hr\/wp-json\/wp\/v2\/media?parent=48590"}],"wp:term":[{"taxonomy":"product_brand","embeddable":true,"href":"https:\/\/staging.nbg.eu\/hr\/wp-json\/wp\/v2\/product_brand?post=48590"},{"taxonomy":"product_cat","embeddable":true,"href":"https:\/\/staging.nbg.eu\/hr\/wp-json\/wp\/v2\/product_cat?post=48590"},{"taxonomy":"product_tag","embeddable":true,"href":"https:\/\/staging.nbg.eu\/hr\/wp-json\/wp\/v2\/product_tag?post=48590"}],"curies":[{"name":"wp","href":"https:\/\/api.w.org\/{rel}","templated":true}]}}