{"id":48488,"date":"2024-07-30T17:57:46","date_gmt":"2024-07-30T17:57:46","guid":{"rendered":"https:\/\/staging.nbg.eu\/product\/red-dot-sight-holosun-hs503gu\/"},"modified":"2024-09-12T15:42:13","modified_gmt":"2024-09-12T15:42:13","slug":"crveni-dot-nisan-holosun-hs503gu","status":"publish","type":"product","link":"https:\/\/staging.nbg.eu\/hr\/proizvod\/crveni-dot-nisan-holosun-hs503gu\/","title":{"rendered":"Crveni Dot Ni\u0161an Holosun HS503GU"},"content":{"rendered":"<h2>Holosun HS503GU crvena to\u010dkasta optika<\/h2>\n<p>Holosun HS503GU crvena to\u010dkasta optika ima sljede\u0107e zna\u010dajke:<\/p>\n<ul>\n<li>Kru\u017ena mre\u017eica s to\u010dkom od 2 MOA i krugom od 65 MOA<\/li>\n<li>Smje\u0161taj baterije u vij\u010danom tornju<\/li>\n<li>Za\u0161titno ku\u0107i\u0161te za tornjeve za pode\u0161avanje po visini i \u0161irini<\/li>\n<li>Trajanje baterije do 2 godine uz stalnu upotrebu<\/li>\n<li>Uklju\u010divanje\/isklju\u010divanje aktivirano pokretom za du\u017ee trajanje baterije<\/li>\n<li>LED tehnologija<\/li>\n<li>Pozicioniranje le\u0107e izvan osi za odraz svjetlosti<\/li>\n<li>Aluminijska konstrukcija (0,18 kg)<\/li>\n<li>Dimenzije: 6,6 cm D x 3,8 cm \u0160 x 6,9 cm V<\/li>\n<li>Pove\u0107anje 1x<\/li>\n<li>Kompatibilnost s Picatinny monta\u017eom<\/li>\n<\/ul>\n<p>HS503GU je namijenjen za lov i takti\u010dko sportsko strelja\u0161tvo. Nudi preciznost i izdr\u017eljivost.<\/p>\n","protected":false},"excerpt":{"rendered":"<p>Kompaktni crveni ciljnik s kru\u017enim to\u010dkastim kon\u010danicama i dugim trajanjem baterije.<\/p>\n","protected":false},"featured_media":48489,"template":"","meta":{"_acf_changed":false},"product_brand":[11422],"product_cat":[13546,13545,13579],"product_tag":[],"class_list":{"0":"post-48488","1":"product","2":"type-product","3":"status-publish","4":"has-post-thumbnail","6":"product_brand-holosun","7":"product_cat-crvene-tocke","8":"product_cat-nisanjenje","9":"product_cat-puskovni-nisani","11":"first","12":"outofstock","13":"taxable","14":"shipping-taxable","15":"purchasable","16":"product-type-simple"},"acf":[],"_links":{"self":[{"href":"https:\/\/staging.nbg.eu\/hr\/wp-json\/wp\/v2\/product\/48488","targetHints":{"allow":["GET"]}}],"collection":[{"href":"https:\/\/staging.nbg.eu\/hr\/wp-json\/wp\/v2\/product"}],"about":[{"href":"https:\/\/staging.nbg.eu\/hr\/wp-json\/wp\/v2\/types\/product"}],"wp:featuredmedia":[{"embeddable":true,"href":"https:\/\/staging.nbg.eu\/hr\/wp-json\/wp\/v2\/media\/48489"}],"wp:attachment":[{"href":"https:\/\/staging.nbg.eu\/hr\/wp-json\/wp\/v2\/media?parent=48488"}],"wp:term":[{"taxonomy":"product_brand","embeddable":true,"href":"https:\/\/staging.nbg.eu\/hr\/wp-json\/wp\/v2\/product_brand?post=48488"},{"taxonomy":"product_cat","embeddable":true,"href":"https:\/\/staging.nbg.eu\/hr\/wp-json\/wp\/v2\/product_cat?post=48488"},{"taxonomy":"product_tag","embeddable":true,"href":"https:\/\/staging.nbg.eu\/hr\/wp-json\/wp\/v2\/product_tag?post=48488"}],"curies":[{"name":"wp","href":"https:\/\/api.w.org\/{rel}","templated":true}]}}