{"id":48306,"date":"2024-07-30T17:59:23","date_gmt":"2024-09-12T15:32:51","guid":{"rendered":"https:\/\/staging.nbg.eu\/product\/red-dot-sight-holosun-he508t-rd-x2\/"},"modified":"2024-09-12T15:33:26","modified_gmt":"2024-09-12T15:33:26","slug":"crveni-dot-nisan-holosun-he508t-rd-x2","status":"publish","type":"product","link":"https:\/\/staging.nbg.eu\/hr\/proizvod\/crveni-dot-nisan-holosun-he508t-rd-x2\/","title":{"rendered":"Crveni Dot Ni\u0161an Holosun HE508T-RD-X2"},"content":{"rendered":"<div class=\"product-description\">\n<h2>Holosun HE508T-RD X2 crvena to\u010dkasta optika<\/h2>\n<p>Holosun HE508T-RD X2 je otvorena refleksna optika za pi\u0161tolje dizajnirana za zahtjevne primjene. Ova optika kombinira izdr\u017eljivost, svestranost i naprednu tehnologiju.<\/p>\n<h2>Glavne zna\u010dajke:<\/h2>\n<ul>\n<li><strong>Titanska konstrukcija:<\/strong> Ku\u0107i\u0161te od titana razreda 5 za izdr\u017eljivost i malu te\u017einu.<\/li>\n<li><strong>Vi\u0161e-retikl sustav (MRS):<\/strong> Izbor izme\u0111u to\u010dke od 2 MOA, kruga od 32 MOA ili kombinacije krug-to\u010dka.<\/li>\n<li><strong>Dugotrajna baterija:<\/strong> Do 50.000 sati rada s jednom CR1632 baterijom na postavci 6.<\/li>\n<li><strong>Solarno napajanje:<\/strong> Osigurava kontinuirani rad ako baterija zaka\u017ee.<\/li>\n<li><strong>Tehnologija bu\u0111enja na pokret:<\/strong> \u0160tedi bateriju aktiviraju\u0107i optiku kada se otkrije pokret.<\/li>\n<li><strong>Mod zaklju\u010davanja:<\/strong> Sprje\u010dava slu\u010dajne promjene postavki tijekom kori\u0161tenja.<\/li>\n<li><strong>Kompatibilnost s no\u0107nim vidom:<\/strong> Dvije od 12 postavki svjetline optimizirane su za ure\u0111aje za no\u0107ni vid.<\/li>\n<\/ul>\n<h2>Tehni\u010dke specifikacije:<\/h2>\n<ul>\n<li>Veli\u010dina prozora: 0,63&#8243; x 0,91&#8243;<\/li>\n<li>Dimenzije: 1,78&#8243; x 1,15&#8243; x 1,15&#8243;<\/li>\n<li>Te\u017eina: 2 oz<\/li>\n<li>Pode\u0161avanje po kliku: 1 MOA<\/li>\n<li>Raspon kretanja po visini i \u0161irini: \u00b150 MOA<\/li>\n<li>Radna temperatura: -22\u00b0F do 140\u00b0F (-30\u00b0C do 60\u00b0C)<\/li>\n<li>Otpornost na vodu: IP67 ocjena<\/li>\n<li>Otpornost na vibracije: 5000G<\/li>\n<\/ul>\n<p>Holosun HE508T-RD X2 dizajniran je za izdr\u017eavanje te\u0161kih uvjeta. Njegov dizajn bez paralakse i neograni\u010deno odstojanje oka \u010dine ga pogodnim za brze situacije ga\u0111anja. Prakti\u010dni pretinac za bateriju omogu\u0107uje laku zamjenu baterije bez uklanjanja optike s vatrenog oru\u017eja.<\/p>\n<p>HE508T-RD X2 nudi pouzdanost, preciznost i svestranost za natjecateljske strijelce, profesionalce u provedbi zakona i entuzijaste vatrenog oru\u017eja.<\/p>\n<\/div>\n","protected":false},"excerpt":{"rendered":"<p>Titanijski otvoreni refleksni ciljnik za pi\u0161tolje. Vi\u0161estruki kon\u010danici, dugotrajna baterija.<\/p>\n","protected":false},"featured_media":48307,"template":"","meta":{"_acf_changed":false},"product_brand":[11422],"product_cat":[13546,13545,13526,13525],"product_tag":[],"class_list":{"0":"post-48306","1":"product","2":"type-product","3":"status-publish","4":"has-post-thumbnail","6":"product_brand-holosun","7":"product_cat-crvene-tocke","8":"product_cat-nisanjenje","9":"product_cat-pistolj","10":"product_cat-pistoljski-dotovi","12":"first","13":"instock","14":"taxable","15":"shipping-taxable","16":"purchasable","17":"product-type-simple"},"acf":[],"_links":{"self":[{"href":"https:\/\/staging.nbg.eu\/hr\/wp-json\/wp\/v2\/product\/48306","targetHints":{"allow":["GET"]}}],"collection":[{"href":"https:\/\/staging.nbg.eu\/hr\/wp-json\/wp\/v2\/product"}],"about":[{"href":"https:\/\/staging.nbg.eu\/hr\/wp-json\/wp\/v2\/types\/product"}],"wp:featuredmedia":[{"embeddable":true,"href":"https:\/\/staging.nbg.eu\/hr\/wp-json\/wp\/v2\/media\/48307"}],"wp:attachment":[{"href":"https:\/\/staging.nbg.eu\/hr\/wp-json\/wp\/v2\/media?parent=48306"}],"wp:term":[{"taxonomy":"product_brand","embeddable":true,"href":"https:\/\/staging.nbg.eu\/hr\/wp-json\/wp\/v2\/product_brand?post=48306"},{"taxonomy":"product_cat","embeddable":true,"href":"https:\/\/staging.nbg.eu\/hr\/wp-json\/wp\/v2\/product_cat?post=48306"},{"taxonomy":"product_tag","embeddable":true,"href":"https:\/\/staging.nbg.eu\/hr\/wp-json\/wp\/v2\/product_tag?post=48306"}],"curies":[{"name":"wp","href":"https:\/\/api.w.org\/{rel}","templated":true}]}}