{"id":48164,"date":"2024-07-30T18:00:01","date_gmt":"2024-09-12T15:20:55","guid":{"rendered":"https:\/\/staging.nbg.eu\/product\/red-dot-sight-holosun-hs507k\/"},"modified":"2024-09-12T15:21:30","modified_gmt":"2024-09-12T15:21:30","slug":"crveni-dot-nisan-holosun-hs507k","status":"publish","type":"product","link":"https:\/\/staging.nbg.eu\/hr\/proizvod\/crveni-dot-nisan-holosun-hs507k\/","title":{"rendered":"Crveni Dot Ni\u0161an Holosun HS507K"},"content":{"rendered":"<h2>Holosun HS507K X2 crvena to\u010dkasta optika<\/h2>\n<p>Holosun HS507K X2 je otvorena refleksna optika namijenjena za primjenu na kompaktnim pi\u0161toljima. Ova optika pobolj\u0161ava prethodni model dodavanjem na\u010dina zaklju\u010davanja, zna\u010dajke koja osigurava postavke gumba kako bi se sprije\u010dile slu\u010dajne promjene.<\/p>\n<h2>Glavne zna\u010dajke:<\/h2>\n<ul>\n<li>Crvena Super LED s trajanjem baterije do 50.000 sati<\/li>\n<li>Sustav s vi\u0161e kon\u010danica: kru\u017ena to\u010dka, to\u010dka 2 MOA i krug 32 MOA<\/li>\n<li>Tehnologija bu\u0111enja tre\u0161njom za trenutnu aktivaciju<\/li>\n<li>Ku\u0107i\u0161te od aluminija 7075<\/li>\n<li>Bo\u010dno postavljeni pretinac za jednostavnu zamjenu baterije 1632<\/li>\n<li>Kompatibilno s P365X\/XL (potreban adapter za kliza\u010de s \u010detiri upori\u0161ta)<\/li>\n<\/ul>\n<h2>Specifikacije:<\/h2>\n<ul>\n<li>12 postavki svjetline: 10 dnevnih i 2 kompatibilne s no\u0107nim vidom<\/li>\n<li>Bez paralakse i neograni\u010deno odstupanje oka<\/li>\n<li>IP67 vodootporna ocjena<\/li>\n<li>Veli\u010dina prozora: 0,58&#8243; x 0,77&#8243;<\/li>\n<li>Dimenzije: 1,6&#8243; x 0,98&#8243; x 0,95&#8243;<\/li>\n<li>Te\u017eina: 1 unca<\/li>\n<li>Pode\u0161avanje klika 1 MOA<\/li>\n<li>\u00b130 MOA raspon kretanja po \u0161irini i visini<\/li>\n<li>Radna temperatura: -20\u00b0C do 51\u00b0C<\/li>\n<li>Temperatura skladi\u0161tenja: -20\u00b0C do 65\u00b0C<\/li>\n<li>Otpornost na vibracije: 5000G<\/li>\n<\/ul>\n<p>HS507K X2 je pogodan za skriveno no\u0161enje oru\u017eja, nude\u0107i kompaktno rje\u0161enje za pobolj\u0161ano stjecanje cilja. Njegova izdr\u017eljiva konstrukcija i napredne zna\u010dajke \u010dine ga izborom za entuzijaste i profesionalce. HS507K X2 crvena to\u010dkasta optika omogu\u0107uje pobolj\u0161anu preciznost i br\u017ee stjecanje cilja.<\/p>\n","protected":false},"excerpt":{"rendered":"<p>Kompaktni crveni ciljnik za pi\u0161tolje. Vi\u0161estruki kon\u010danici, dugo trajanje baterije, izdr\u017eljiv.<\/p>\n","protected":false},"featured_media":48165,"template":"","meta":{"_acf_changed":false},"product_brand":[11422],"product_cat":[13546,13545,13526,13525],"product_tag":[],"class_list":{"0":"post-48164","1":"product","2":"type-product","3":"status-publish","4":"has-post-thumbnail","6":"product_brand-holosun","7":"product_cat-crvene-tocke","8":"product_cat-nisanjenje","9":"product_cat-pistolj","10":"product_cat-pistoljski-dotovi","12":"first","13":"instock","14":"taxable","15":"shipping-taxable","16":"purchasable","17":"product-type-simple"},"acf":[],"_links":{"self":[{"href":"https:\/\/staging.nbg.eu\/hr\/wp-json\/wp\/v2\/product\/48164","targetHints":{"allow":["GET"]}}],"collection":[{"href":"https:\/\/staging.nbg.eu\/hr\/wp-json\/wp\/v2\/product"}],"about":[{"href":"https:\/\/staging.nbg.eu\/hr\/wp-json\/wp\/v2\/types\/product"}],"wp:featuredmedia":[{"embeddable":true,"href":"https:\/\/staging.nbg.eu\/hr\/wp-json\/wp\/v2\/media\/48165"}],"wp:attachment":[{"href":"https:\/\/staging.nbg.eu\/hr\/wp-json\/wp\/v2\/media?parent=48164"}],"wp:term":[{"taxonomy":"product_brand","embeddable":true,"href":"https:\/\/staging.nbg.eu\/hr\/wp-json\/wp\/v2\/product_brand?post=48164"},{"taxonomy":"product_cat","embeddable":true,"href":"https:\/\/staging.nbg.eu\/hr\/wp-json\/wp\/v2\/product_cat?post=48164"},{"taxonomy":"product_tag","embeddable":true,"href":"https:\/\/staging.nbg.eu\/hr\/wp-json\/wp\/v2\/product_tag?post=48164"}],"curies":[{"name":"wp","href":"https:\/\/api.w.org\/{rel}","templated":true}]}}