{"id":47868,"date":"2024-01-30T18:01:01","date_gmt":"2024-01-30T18:01:01","guid":{"rendered":"https:\/\/staging.nbg.eu\/product\/red-dot-sight-hs507comp-rd\/"},"modified":"2024-09-12T13:59:06","modified_gmt":"2024-09-12T13:59:06","slug":"crvena-tocka-nisan-hs507comp-rd","status":"publish","type":"product","link":"https:\/\/staging.nbg.eu\/hr\/proizvod\/crvena-tocka-nisan-hs507comp-rd\/","title":{"rendered":"Crvena To\u010dka Ni\u0161an HS507COMP-RD"},"content":{"rendered":"<div class=\"product-description\">\n<h2>Holosun HS507COMP-RD Crvena to\u010dkasta optika<\/h2>\n<p>Holosun HS507COMP-RD je optika za pi\u0161tolj namijenjena natjecateljskim strijelcima i entuzijastima. Ima objektiv dimenzija 1,1&#8243; x 0,87&#8243; koji pru\u017ea \u0161iroko vidno polje za brzo uo\u010davanje meta.<\/p>\n<h3>Glavne zna\u010dajke:<\/h3>\n<ul>\n<li>Sustav natjecateljskih kon\u010danica (CRS) s vi\u0161e opcija<\/li>\n<li>650nm crvena Super LED za to\u010dku ciljanja<\/li>\n<li>Trajanje baterije do 50.000 sati s CR1632 \u0107elijom<\/li>\n<li>Izra\u0111ena od 7075 aluminija<\/li>\n<li>Shake Awake tehnologija za trenutno aktiviranje<\/li>\n<li>8 postavki svjetline (6 dnevnih, 2 kompatibilne s no\u0107nim vidom)<\/li>\n<li>Dizajn bez paralakse s neograni\u010denim odmakom oka<\/li>\n<\/ul>\n<p>CRS sustav HS507COMP-RD nudi to\u010dku od 2 MOA, krug od 8 MOA, krug od 20 MOA i krug od 32 MOA, omogu\u0107uju\u0107i strijelcima prilagodbu slike za razli\u010dite primjene. Ova optika ima standardni oblik podno\u017eja i robusnu konstrukciju za natjecateljsko strelja\u0161tvo i obrambenu uporabu.<\/p>\n<\/div>\n","protected":false},"excerpt":{"rendered":"<p>Crvena to\u010dka za ciljanje s velikom le\u0107om, vi\u0161estrukim kon\u010danicama i dugim trajanjem baterije.<\/p>\n","protected":false},"featured_media":47869,"template":"","meta":{"_acf_changed":false},"product_brand":[11422],"product_cat":[13546,13545,13525],"product_tag":[],"class_list":{"0":"post-47868","1":"product","2":"type-product","3":"status-publish","4":"has-post-thumbnail","6":"product_brand-holosun","7":"product_cat-crvene-tocke","8":"product_cat-nisanjenje","9":"product_cat-pistoljski-dotovi","11":"first","12":"instock","13":"taxable","14":"shipping-taxable","15":"purchasable","16":"product-type-simple"},"acf":[],"_links":{"self":[{"href":"https:\/\/staging.nbg.eu\/hr\/wp-json\/wp\/v2\/product\/47868","targetHints":{"allow":["GET"]}}],"collection":[{"href":"https:\/\/staging.nbg.eu\/hr\/wp-json\/wp\/v2\/product"}],"about":[{"href":"https:\/\/staging.nbg.eu\/hr\/wp-json\/wp\/v2\/types\/product"}],"wp:featuredmedia":[{"embeddable":true,"href":"https:\/\/staging.nbg.eu\/hr\/wp-json\/wp\/v2\/media\/47869"}],"wp:attachment":[{"href":"https:\/\/staging.nbg.eu\/hr\/wp-json\/wp\/v2\/media?parent=47868"}],"wp:term":[{"taxonomy":"product_brand","embeddable":true,"href":"https:\/\/staging.nbg.eu\/hr\/wp-json\/wp\/v2\/product_brand?post=47868"},{"taxonomy":"product_cat","embeddable":true,"href":"https:\/\/staging.nbg.eu\/hr\/wp-json\/wp\/v2\/product_cat?post=47868"},{"taxonomy":"product_tag","embeddable":true,"href":"https:\/\/staging.nbg.eu\/hr\/wp-json\/wp\/v2\/product_tag?post=47868"}],"curies":[{"name":"wp","href":"https:\/\/api.w.org\/{rel}","templated":true}]}}