{"id":47660,"date":"2024-07-30T18:21:46","date_gmt":"2024-09-12T13:52:04","guid":{"rendered":"https:\/\/staging.nbg.eu\/product\/surefire-supressor-alighnment-rod\/"},"modified":"2024-09-12T13:52:49","modified_gmt":"2024-09-12T13:52:49","slug":"surefire-sipka-za-poravnanje-prigusivaca","status":"publish","type":"product","link":"https:\/\/staging.nbg.eu\/hr\/proizvod\/surefire-sipka-za-poravnanje-prigusivaca\/","title":{"rendered":"SureFire \u0160ipka za Poravnanje Prigu\u0161iva\u010da"},"content":{"rendered":"<p style=\"text-align: center\"><span style=\"font-size: 170%\"><strong>SureFire \u0161ipke za poravnanje cijevi<\/strong><\/span><\/p>\n<p>SureFire \u0161ipke za cijevi su alati koji osiguravaju pravilnu koncentri\u010dnost du\u017e putanje metka pri pucanju s prigu\u0161iva\u010dem na novoj platformi. \u0160ipka najbolje predstavlja putanju metka i pokazat \u0107e svako neporavnanje, ako postoji. SureFire preporu\u010duje da operateri provjere poravnanje cijevi, adaptera i prigu\u0161iva\u010da na svakoj novoj konstrukciji ili prethodno nekori\u0161tenom postavu, a SureFire \u0161ipke za cijevi su naju\u010dinkovitiji na\u010din za to. Jednostavno odaberite odgovaraju\u0107u \u0161ipku za kalibar va\u0161e pu\u0161ke ili karabina.<\/p>\n<p><span style=\"color: #282828\"><strong><span style=\"font-size: 150%\">ZNA\u010cAJKE:<\/span><\/strong><\/span><\/p>\n<p style=\"padding-left: 40px\"><span style=\"color: #282828\"><strong>\u2588 <\/strong><\/span>Proizvedeno u SAD-u.<\/p>\n<p style=\"padding-left: 40px\"><span style=\"color: #282828\"><strong>\u2588 <\/strong><\/span>Toplinski obra\u0111eni nehr\u0111aju\u0107i \u010delik.<\/p>\n<p style=\"padding-left: 40px\"><span style=\"color: #282828\"><strong>\u2588 <\/strong><\/span>Za provjeru postavljanja prije prvog ispaljenog metka.<\/p>\n<p style=\"padding-left: 40px\"><span style=\"color: #282828\"><strong>\u2588 <\/strong><\/span>Precizno obra\u0111ene \u0161ipke za najto\u010dniju provjeru.<\/p>\n<p style=\"padding-left: 40px\"><span style=\"color: #282828\"><strong>\u2588 <\/strong><\/span>Precizno obra\u0111ena \u0161ipka pokazat \u0107e svako odstupanje u poravnanju.<\/p>\n<p style=\"padding-left: 40px\"><span style=\"color: #282828\"><strong>\u2588 <\/strong><\/span>SureFire odobreni na\u010din provjere pravilnog poravnanja prigu\u0161iva\u010da.<\/p>\n<p style=\"padding-left: 40px\"><span style=\"color: #282828\"><strong>\u2588 <\/strong><\/span>\u0160ipke za specifi\u010dne kalibre za najpopularnije opcije na tr\u017ei\u0161tu danas.<\/p>\n<p style=\"padding-left: 40px\"><span style=\"color: #282828\"><strong>\u2588 <\/strong><\/span>Jednak razmak treba biti vidljiv izme\u0111u otvora prigu\u0161iva\u010da i centrirane \u0161ipke.<\/p>\n<p style=\"padding-left: 40px\"><span style=\"color: #282828\"><strong>\u2588 <\/strong><\/span>Jednostavno umetnite \u0161ipku kroz montirani prigu\u0161iva\u010d nenapunjenog oru\u017eja.<\/p>\n<p style=\"padding-left: 40px\"><span style=\"color: #282828\"><strong>\u2588 <\/strong><\/span>Dostupne su specifi\u010dne \u0161ipke za najpopularnije kalibre, npr. (5,56 mm, 6,5 mm, 6,8 mm, 7,62 mm, 9 mm, .338)<\/p>\n<table width=\"595\">\n<tbody>\n<tr>\n<td colspan=\"2\" width=\"595\"><span style=\"font-size: 150%;color: #282828\"><b>KLJU\u010cNE KARAKTERISTIKE<\/b><\/span><\/td>\n<\/tr>\n<tr>\n<td width=\"198\"><b>KALIBAR<\/b><\/td>\n<td width=\"397\">5,56 mm, 6,5 mm, 6,8 mm, 7,62 mm, 9 mm, .338 cal<\/td>\n<\/tr>\n<tr>\n<td width=\"198\"><b>KONSTRUKCIJA<\/b><\/td>\n<td width=\"397\">\n","protected":false},"excerpt":{"rendered":"<p><strong>SureFire alati za poravnanje prigu\u0161iva\u010da<\/strong><\/p>\n","protected":false},"featured_media":47662,"template":"","meta":{"_acf_changed":false},"product_brand":[11859],"product_cat":[13572,13541,13504],"product_tag":[],"class_list":{"0":"post-47660","1":"product","2":"type-product","3":"status-publish","4":"has-post-thumbnail","6":"product_brand-surefire","7":"product_cat-alati","8":"product_cat-pribor-za-prigusivace","9":"product_cat-prigusivaci","11":"first","12":"instock","13":"taxable","14":"shipping-taxable","15":"purchasable","16":"product-type-variable","17":"wvs-archive-product-wrapper"},"acf":[],"_links":{"self":[{"href":"https:\/\/staging.nbg.eu\/hr\/wp-json\/wp\/v2\/product\/47660","targetHints":{"allow":["GET"]}}],"collection":[{"href":"https:\/\/staging.nbg.eu\/hr\/wp-json\/wp\/v2\/product"}],"about":[{"href":"https:\/\/staging.nbg.eu\/hr\/wp-json\/wp\/v2\/types\/product"}],"wp:featuredmedia":[{"embeddable":true,"href":"https:\/\/staging.nbg.eu\/hr\/wp-json\/wp\/v2\/media\/47662"}],"wp:attachment":[{"href":"https:\/\/staging.nbg.eu\/hr\/wp-json\/wp\/v2\/media?parent=47660"}],"wp:term":[{"taxonomy":"product_brand","embeddable":true,"href":"https:\/\/staging.nbg.eu\/hr\/wp-json\/wp\/v2\/product_brand?post=47660"},{"taxonomy":"product_cat","embeddable":true,"href":"https:\/\/staging.nbg.eu\/hr\/wp-json\/wp\/v2\/product_cat?post=47660"},{"taxonomy":"product_tag","embeddable":true,"href":"https:\/\/staging.nbg.eu\/hr\/wp-json\/wp\/v2\/product_tag?post=47660"}],"curies":[{"name":"wp","href":"https:\/\/api.w.org\/{rel}","templated":true}]}}