{"id":47390,"date":"2024-07-30T18:47:47","date_gmt":"2024-09-12T13:39:43","guid":{"rendered":"https:\/\/staging.nbg.eu\/product\/surefire-x400t-a-rd\/"},"modified":"2025-02-19T15:09:44","modified_gmt":"2025-02-19T15:09:44","slug":"surefire-x400t-a-rd","status":"publish","type":"product","link":"https:\/\/staging.nbg.eu\/hr\/proizvod\/surefire-x400t-a-rd\/","title":{"rendered":"SureFire X400T-A-RD"},"content":{"rendered":"<div class=\"product-description\">\n<h2>SureFire X400T-A-RD (Crveni laser) Oru\u017eano svjetlo<\/h2>\n<p>SureFire X400T-A-RD je takti\u010dko svjetlo za profesionalnu uporabu. S intenzitetom zrake od 66.000 kandela i izlazom od 650 lumena, ovo svjetlo pru\u017ea:<\/p>\n<ul>\n<li>Integrirani crveni laser snage 5 milivata za ciljanje<\/li>\n<li>Turbo uzorak zrake za identifikaciju meta na velikim udaljenostima<\/li>\n<li>Sustav za brzo montiranje na univerzalne i Picatinny \u0161ine<\/li>\n<li>Obostrani prekida\u010d za aktivaciju<\/li>\n<li>Kompatibilnost s postoje\u0107im X300U-A futr\u043e\u043b\u0430\u043c\u0430<\/li>\n<li>Tijelo od zrakoplovnog aluminija s tvrdom anodiziranom zavr\u0161nom obradom prema vojnim specifikacijama<\/li>\n<li>IPX7 vodootporna ocjena (1 metar tijekom 30 minuta)<\/li>\n<li>1,5 sati rada s dvije uklju\u010dene 123A litijske baterije<\/li>\n<\/ul>\n<p>X400T-A-RD kombinira bijelo svjetlo i crveni laser za identifikaciju prijetnji na velikim udaljenostima. S obostranim prekida\u010dem za kontrolu jednim prstom i \u010dvrstim tijelom otpornim na koroziju, ovo oru\u017eano svjetlo pru\u017ea pouzdanost.<\/p>\n<\/div>\n","protected":false},"excerpt":{"rendered":"<p>SureFire X400T-A-RD: 650-lumenska takti\u010dka svjetiljka s crvenim laserom, montirana na \u0161inu.<\/p>\n","protected":false},"featured_media":47391,"template":"","meta":{"_acf_changed":false},"product_brand":[11859],"product_cat":[13526,13553,13560],"product_tag":[],"class_list":{"0":"post-47390","1":"product","2":"type-product","3":"status-publish","4":"has-post-thumbnail","6":"product_brand-surefire","7":"product_cat-pistolj","8":"product_cat-pistoljska-svjetla","9":"product_cat-svjetla","11":"first","12":"instock","13":"taxable","14":"shipping-taxable","15":"purchasable","16":"product-type-simple"},"acf":[],"_links":{"self":[{"href":"https:\/\/staging.nbg.eu\/hr\/wp-json\/wp\/v2\/product\/47390","targetHints":{"allow":["GET"]}}],"collection":[{"href":"https:\/\/staging.nbg.eu\/hr\/wp-json\/wp\/v2\/product"}],"about":[{"href":"https:\/\/staging.nbg.eu\/hr\/wp-json\/wp\/v2\/types\/product"}],"wp:featuredmedia":[{"embeddable":true,"href":"https:\/\/staging.nbg.eu\/hr\/wp-json\/wp\/v2\/media\/47391"}],"wp:attachment":[{"href":"https:\/\/staging.nbg.eu\/hr\/wp-json\/wp\/v2\/media?parent=47390"}],"wp:term":[{"taxonomy":"product_brand","embeddable":true,"href":"https:\/\/staging.nbg.eu\/hr\/wp-json\/wp\/v2\/product_brand?post=47390"},{"taxonomy":"product_cat","embeddable":true,"href":"https:\/\/staging.nbg.eu\/hr\/wp-json\/wp\/v2\/product_cat?post=47390"},{"taxonomy":"product_tag","embeddable":true,"href":"https:\/\/staging.nbg.eu\/hr\/wp-json\/wp\/v2\/product_tag?post=47390"}],"curies":[{"name":"wp","href":"https:\/\/api.w.org\/{rel}","templated":true}]}}