{"id":47184,"date":"2024-07-30T18:50:58","date_gmt":"2024-07-30T18:50:58","guid":{"rendered":"https:\/\/staging.nbg.eu\/product\/surefire-sflfp123-batteries-charger\/"},"modified":"2024-09-12T13:08:17","modified_gmt":"2024-09-12T13:08:17","slug":"surefire-sflfp123-baterije-punjac","status":"publish","type":"product","link":"https:\/\/staging.nbg.eu\/hr\/proizvod\/surefire-sflfp123-baterije-punjac\/","title":{"rendered":"SureFire SFLFP123 Baterije + Punja\u010d"},"content":{"rendered":"<p>SureFire SFLFP123 BATERIJE + Komplet punja\u010da:<\/p>\n<ul>\n<li>Punjive SFLFP123 baterije \u0161tede novac u usporedbi s jednokratnim 123A litijskim baterijama<\/li>\n<li>Ne sadr\u017ei opasne te\u0161ke metale<\/li>\n<li>Punja\u010d s dva utora za punjenje kod ku\u0107e ili u pokretu<\/li>\n<li>Komplet uklju\u010duje:\n<ul>\n<li>Dvije litij \u017eeljezne fosfatne (LiFePO4) punjive \u0107elije od 450mAh 3,2V<\/li>\n<li>Punja\u010d baterija s dva utora<\/li>\n<li>MICRO-USB na USB-A kabel<\/li>\n<\/ul>\n<\/li>\n<\/ul>\n<p>SureFire SFLFP123 BATERIJE + Punja\u010d<\/p>\n","protected":false},"excerpt":{"rendered":"<p>Punjive LiFePO4 baterije s punja\u010dem. Ekolo\u0161ke, ekonomi\u010dne.<\/p>\n","protected":false},"featured_media":47163,"template":"","meta":{"_acf_changed":false},"product_brand":[11859],"product_cat":[13508,13584,13560],"product_tag":[],"class_list":{"0":"post-47184","1":"product","2":"type-product","3":"status-publish","4":"has-post-thumbnail","6":"product_brand-surefire","7":"product_cat-baterije","8":"product_cat-dodaci-za-svjetla","9":"product_cat-svjetla","11":"first","12":"outofstock","13":"taxable","14":"shipping-taxable","15":"purchasable","16":"product-type-simple"},"acf":[],"_links":{"self":[{"href":"https:\/\/staging.nbg.eu\/hr\/wp-json\/wp\/v2\/product\/47184","targetHints":{"allow":["GET"]}}],"collection":[{"href":"https:\/\/staging.nbg.eu\/hr\/wp-json\/wp\/v2\/product"}],"about":[{"href":"https:\/\/staging.nbg.eu\/hr\/wp-json\/wp\/v2\/types\/product"}],"wp:featuredmedia":[{"embeddable":true,"href":"https:\/\/staging.nbg.eu\/hr\/wp-json\/wp\/v2\/media\/47163"}],"wp:attachment":[{"href":"https:\/\/staging.nbg.eu\/hr\/wp-json\/wp\/v2\/media?parent=47184"}],"wp:term":[{"taxonomy":"product_brand","embeddable":true,"href":"https:\/\/staging.nbg.eu\/hr\/wp-json\/wp\/v2\/product_brand?post=47184"},{"taxonomy":"product_cat","embeddable":true,"href":"https:\/\/staging.nbg.eu\/hr\/wp-json\/wp\/v2\/product_cat?post=47184"},{"taxonomy":"product_tag","embeddable":true,"href":"https:\/\/staging.nbg.eu\/hr\/wp-json\/wp\/v2\/product_tag?post=47184"}],"curies":[{"name":"wp","href":"https:\/\/api.w.org\/{rel}","templated":true}]}}