{"id":47102,"date":"2024-07-30T18:50:58","date_gmt":"2024-07-30T18:50:58","guid":{"rendered":"https:\/\/staging.nbg.eu\/product\/surefire-sflfp123-batteries-2-pack\/"},"modified":"2024-09-12T13:04:05","modified_gmt":"2024-09-12T13:04:05","slug":"surefire-sflfp123-baterije-2-kom","status":"publish","type":"product","link":"https:\/\/staging.nbg.eu\/hr\/proizvod\/surefire-sflfp123-baterije-2-kom\/","title":{"rendered":"SureFire SFLFP123 Baterije 2 kom"},"content":{"rendered":"<div class=\"product-description\">\n<h2>SureFire SFLFP123 Baterije &#8211; 2 Komada<\/h2>\n<p>Napajajte svoje ure\u0111aje SureFire SFLFP123 baterijama. Ovo pakiranje od 2 litij-fosfatne baterije nudi:<\/p>\n<ul>\n<li>Napajanje za svjetiljke, oru\u017eana svjetla i druge ure\u0111aje<\/li>\n<li>3.2V nominalni napon s kapacitetom od 1500mAh<\/li>\n<li>Otpornost na ekstremne temperature (-40\u00b0C do 60\u00b0C)<\/li>\n<li>10-godi\u0161nji rok trajanja za pripravnost u hitnim slu\u010dajevima<\/li>\n<li>Mogu\u0107nost punjenja do 500 puta<\/li>\n<li>Proizvedeno u SAD-u<\/li>\n<\/ul>\n<p>Ove kompaktne i lagane baterije pru\u017eaju dosljedne performanse u zahtjevnim situacijama.<\/p>\n<\/div>\n","protected":false},"excerpt":{"rendered":"<p>SureFire SFLFP123 baterije: Visoko u\u010dinkovite 3V litij-fosfatne \u0107elije dizajnirane za maksimalnu izlaznu snagu i dugotrajnost. Ovo pakiranje od 2 komada nudi pouzdanu energiju za svjetiljke, oru\u017eane svjetiljke i druge ure\u0111aje. Pouzdajte se u SureFire-ovu kvalitetu za dosljednu, dugotrajnu energiju u kompaktnoj veli\u010dini.<\/p>\n","protected":false},"featured_media":47103,"template":"","meta":{"_acf_changed":false},"product_brand":[11859],"product_cat":[13508,13584,13559,13528,13560],"product_tag":[],"class_list":{"0":"post-47102","1":"product","2":"type-product","3":"status-publish","4":"has-post-thumbnail","6":"product_brand-surefire","7":"product_cat-baterije","8":"product_cat-dodaci-za-svjetla","9":"product_cat-edc","10":"product_cat-edc-svjetla","11":"product_cat-svjetla","13":"first","14":"instock","15":"taxable","16":"shipping-taxable","17":"purchasable","18":"product-type-simple"},"acf":[],"_links":{"self":[{"href":"https:\/\/staging.nbg.eu\/hr\/wp-json\/wp\/v2\/product\/47102","targetHints":{"allow":["GET"]}}],"collection":[{"href":"https:\/\/staging.nbg.eu\/hr\/wp-json\/wp\/v2\/product"}],"about":[{"href":"https:\/\/staging.nbg.eu\/hr\/wp-json\/wp\/v2\/types\/product"}],"wp:featuredmedia":[{"embeddable":true,"href":"https:\/\/staging.nbg.eu\/hr\/wp-json\/wp\/v2\/media\/47103"}],"wp:attachment":[{"href":"https:\/\/staging.nbg.eu\/hr\/wp-json\/wp\/v2\/media?parent=47102"}],"wp:term":[{"taxonomy":"product_brand","embeddable":true,"href":"https:\/\/staging.nbg.eu\/hr\/wp-json\/wp\/v2\/product_brand?post=47102"},{"taxonomy":"product_cat","embeddable":true,"href":"https:\/\/staging.nbg.eu\/hr\/wp-json\/wp\/v2\/product_cat?post=47102"},{"taxonomy":"product_tag","embeddable":true,"href":"https:\/\/staging.nbg.eu\/hr\/wp-json\/wp\/v2\/product_tag?post=47102"}],"curies":[{"name":"wp","href":"https:\/\/api.w.org\/{rel}","templated":true}]}}