{"id":46915,"date":"2024-07-30T19:11:42","date_gmt":"2024-09-12T12:42:55","guid":{"rendered":"https:\/\/staging.nbg.eu\/product\/surefire-scout-light-rear-cap\/"},"modified":"2024-09-12T12:43:33","modified_gmt":"2024-09-12T12:43:33","slug":"surefire-scout-light-straznji-poklopac","status":"publish","type":"product","link":"https:\/\/staging.nbg.eu\/hr\/proizvod\/surefire-scout-light-straznji-poklopac\/","title":{"rendered":"SureFire Scout Light Stra\u017enji Poklopac"},"content":{"rendered":"<div class=\"product-description\">\n<h2>SureFire SCOUT LIGHT STRA\u017dNJI POKLOPAC<\/h2>\n<p>Nadogradite svoj Scout Light sa SureFire SCOUT LIGHT STRA\u017dNJIM POKLOPCEM, zamjenskim stra\u017enjim sklopom poklopca dizajniranim za pobolj\u0161anu svestranost i funkcionalnost.<\/p>\n<h3>Glavne zna\u010dajke:<\/h3>\n<ul>\n<li>Kompatibilan s SureFire trakastim prekida\u010dima (ST07 nije uklju\u010den)<\/li>\n<li>Funkcija zaklju\u010davanja sprje\u010dava slu\u010dajno aktiviranje<\/li>\n<li>Konstrukcija od aluminija zrakoplovne kvalitete<\/li>\n<li>Mil-Spec Tip III tvrdo anodizirana zavr\u0161na obrada<\/li>\n<li>Dostupno u crnoj ili pustinjskoj boji<\/li>\n<\/ul>\n<p>Ovaj stra\u017enji sklop poklopca omogu\u0107uje vam priklju\u010divanje SureFire trakastog prekida\u010da, pru\u017eaju\u0107i ve\u0107u kontrolu i fleksibilnost tijekom takti\u010dkih operacija. Funkcija zaklju\u010davanja osigurava sigurnost tijekom transporta i skladi\u0161tenja.<\/p>\n<h3>Kompatibilnost:<\/h3>\n<p>Odgovara Scout Light oru\u017eanim svjetlima i baterijskim lampama s prekida\u010dem promjera 0,75&#8243;, uklju\u010duju\u0107i:<\/p>\n<ul>\n<li>E1E-HA, E1B, E1L-HA-WH<\/li>\n<li>E2D-BK, E2DL-BK, E2L-HA-WH<\/li>\n<li>L4-HA-WH<\/li>\n<\/ul>\n<p><strong>Napomena:<\/strong> Nije kompatibilan s Micro Scout Light Pro<\/p>\n<p>Pobolj\u0161ajte performanse va\u0161eg Scout Light-a s ovim izdr\u017eljivim i svestranim stra\u017enjim sklopom poklopca.<\/p>\n<\/div>\n","protected":false},"excerpt":{"rendered":"<p>Zamjenska stra\u017enja kapica za Scout svjetiljke. Omogu\u0107uje kori\u0161tenje prekida\u010da na traci.<\/p>\n","protected":false},"featured_media":46916,"template":"","meta":{"_acf_changed":false},"product_brand":[11859],"product_cat":[13584,13569,13560],"product_tag":[],"class_list":{"0":"post-46915","1":"product","2":"type-product","3":"status-publish","4":"has-post-thumbnail","6":"product_brand-surefire","7":"product_cat-dodaci-za-svjetla","8":"product_cat-puska","9":"product_cat-svjetla","11":"first","12":"instock","13":"taxable","14":"shipping-taxable","15":"purchasable","16":"product-type-variable","17":"wvs-archive-product-wrapper"},"acf":[],"_links":{"self":[{"href":"https:\/\/staging.nbg.eu\/hr\/wp-json\/wp\/v2\/product\/46915","targetHints":{"allow":["GET"]}}],"collection":[{"href":"https:\/\/staging.nbg.eu\/hr\/wp-json\/wp\/v2\/product"}],"about":[{"href":"https:\/\/staging.nbg.eu\/hr\/wp-json\/wp\/v2\/types\/product"}],"wp:featuredmedia":[{"embeddable":true,"href":"https:\/\/staging.nbg.eu\/hr\/wp-json\/wp\/v2\/media\/46916"}],"wp:attachment":[{"href":"https:\/\/staging.nbg.eu\/hr\/wp-json\/wp\/v2\/media?parent=46915"}],"wp:term":[{"taxonomy":"product_brand","embeddable":true,"href":"https:\/\/staging.nbg.eu\/hr\/wp-json\/wp\/v2\/product_brand?post=46915"},{"taxonomy":"product_cat","embeddable":true,"href":"https:\/\/staging.nbg.eu\/hr\/wp-json\/wp\/v2\/product_cat?post=46915"},{"taxonomy":"product_tag","embeddable":true,"href":"https:\/\/staging.nbg.eu\/hr\/wp-json\/wp\/v2\/product_tag?post=46915"}],"curies":[{"name":"wp","href":"https:\/\/api.w.org\/{rel}","templated":true}]}}