{"id":46854,"date":"2024-07-30T19:11:42","date_gmt":"2024-09-12T12:28:27","guid":{"rendered":"https:\/\/staging.nbg.eu\/product\/surefire-csm-07-weaponlight-switch\/"},"modified":"2024-09-12T12:29:04","modified_gmt":"2024-09-12T12:29:04","slug":"surefire-csm-07-prekidac-za-lampu","status":"publish","type":"product","link":"https:\/\/staging.nbg.eu\/hr\/proizvod\/surefire-csm-07-prekidac-za-lampu\/","title":{"rendered":"SureFire CSM-07 Prekida\u010d za Lampu"},"content":{"rendered":"<h2>SureFire CSM-07 PREKIDA\u010c ZA ORU\u017dNU SVJETILJKU<\/h2>\n<p>SureFire CSM-07 PREKIDA\u010c ZA ORU\u017dNU SVJETILJKU je sustav za daljinsku aktivaciju namijenjen za bilo koju SureFire oru\u017enu svjetiljku s uti\u010dnicom za prekida\u010d.<\/p>\n<h2>Glavne zna\u010dajke:<\/h2>\n<ul>\n<li>Jedan prekida\u010d za trenuta\u010dno i stalno uklju\u010divanje<\/li>\n<li>Pri\u010dvr\u0161\u0107ivanje na M-LOK \u0161inu s uklju\u010denom stezaljkom<\/li>\n<li>Dizajn koji \u0161tedi prostor<\/li>\n<li>Ku\u0107i\u0161te od izdr\u017eljivog polimera<\/li>\n<li>Izra\u0111eno prema SureFire standardima<\/li>\n<\/ul>\n<p>CSM-07 nudi trenuta\u010dnu kontrolu: lagani pritisak za trenuta\u010dno uklju\u010divanje ili klik za stalno uklju\u010divanje. Kompaktni dizajn \u0161tedi prostor na \u0161ini.<\/p>\n<h2>Kompatibilnost:<\/h2>\n<p>Odgovara SureFire oru\u017enim svjetiljkama s uti\u010dnicama, uklju\u010duju\u0107i Millennium Universal, Classic Universal, Scout Light (s repnim poklopcem s uti\u010dnicom), X300 i X400 (s XT repnim sklopom).<\/p>\n<p>CSM-07 pru\u017ea pouzdanu aktivaciju svjetla.<\/p>\n","protected":false},"excerpt":{"rendered":"<p>Daljinski prekida\u010d SureFire WeaponLight za M-LOK \u0161ine. Kompaktan dizajn.<\/p>\n","protected":false},"featured_media":46855,"template":"","meta":{"_acf_changed":false},"product_brand":[11859],"product_cat":[13584,13560],"product_tag":[],"class_list":{"0":"post-46854","1":"product","2":"type-product","3":"status-publish","4":"has-post-thumbnail","6":"product_brand-surefire","7":"product_cat-dodaci-za-svjetla","8":"product_cat-svjetla","10":"first","11":"instock","12":"taxable","13":"shipping-taxable","14":"purchasable","15":"product-type-simple"},"acf":[],"_links":{"self":[{"href":"https:\/\/staging.nbg.eu\/hr\/wp-json\/wp\/v2\/product\/46854","targetHints":{"allow":["GET"]}}],"collection":[{"href":"https:\/\/staging.nbg.eu\/hr\/wp-json\/wp\/v2\/product"}],"about":[{"href":"https:\/\/staging.nbg.eu\/hr\/wp-json\/wp\/v2\/types\/product"}],"wp:featuredmedia":[{"embeddable":true,"href":"https:\/\/staging.nbg.eu\/hr\/wp-json\/wp\/v2\/media\/46855"}],"wp:attachment":[{"href":"https:\/\/staging.nbg.eu\/hr\/wp-json\/wp\/v2\/media?parent=46854"}],"wp:term":[{"taxonomy":"product_brand","embeddable":true,"href":"https:\/\/staging.nbg.eu\/hr\/wp-json\/wp\/v2\/product_brand?post=46854"},{"taxonomy":"product_cat","embeddable":true,"href":"https:\/\/staging.nbg.eu\/hr\/wp-json\/wp\/v2\/product_cat?post=46854"},{"taxonomy":"product_tag","embeddable":true,"href":"https:\/\/staging.nbg.eu\/hr\/wp-json\/wp\/v2\/product_tag?post=46854"}],"curies":[{"name":"wp","href":"https:\/\/api.w.org\/{rel}","templated":true}]}}