{"id":46748,"date":"2024-07-30T19:41:53","date_gmt":"2024-09-12T12:04:09","guid":{"rendered":"https:\/\/staging.nbg.eu\/product\/iosso-pistol-brush\/"},"modified":"2024-09-12T12:05:09","modified_gmt":"2024-09-12T12:05:09","slug":"iosso-cetka-za-pistolj","status":"publish","type":"product","link":"https:\/\/staging.nbg.eu\/hr\/proizvod\/iosso-cetka-za-pistolj\/","title":{"rendered":"Iosso \u010cetka za Pi\u0161tolj"},"content":{"rendered":"<p>\n<strong>Iosso \u010detka za pi\u0161tolj<\/strong> je alat za \u010di\u0161\u0107enje cijevi:<\/p>\n<ul>\n<li>Plava vlakna za lak\u0161u identifikaciju<\/li>\n<li>Deblje, \u010dvr\u0161\u0107e \u010dekinje omogu\u0107uju pomicanje naprijed-natrag<\/li>\n<li>8-10 puta trajnija od tradicionalnih \u010detki<\/li>\n<li>Gusto namotana s vi\u0161e vlakana po centimetru<\/li>\n<li>Pogodna za upotrebu s Iosso sredstvom za \u010di\u0161\u0107enje cijevi i trostrukim otopinom<\/li>\n<li>U\u010dinkovito uklanja sve vrste one\u010di\u0161\u0107enja<\/li>\n<li>Smanjuje vrijeme \u010di\u0161\u0107enja za \u010distu cijev<\/li>\n<\/ul>\n<p>Dostupno u razli\u010ditim veli\u010dinama za vatreno oru\u017eje. Plave \u010detke su za\u0161titni znak Iosso proizvoda.<\/p>\n","protected":false},"excerpt":{"rendered":"<p>Izdr\u017eljiva \u010detkica za \u010di\u0161\u0107enje cijevi pi\u0161tolja u kobaltno plavoj boji za u\u010dinkovito i temeljito \u010di\u0161\u0107enje.<\/p>\n","protected":false},"featured_media":107484,"template":"","meta":{"_acf_changed":false},"product_brand":[11467],"product_cat":[13577,13550],"product_tag":[],"class_list":{"0":"post-46748","1":"product","2":"type-product","3":"status-publish","4":"has-post-thumbnail","6":"product_brand-iosso","7":"product_cat-cetke","8":"product_cat-ciscenje-oruzja","10":"first","11":"instock","12":"taxable","13":"shipping-taxable","14":"purchasable","15":"product-type-variable","16":"wvs-archive-product-wrapper"},"acf":[],"_links":{"self":[{"href":"https:\/\/staging.nbg.eu\/hr\/wp-json\/wp\/v2\/product\/46748","targetHints":{"allow":["GET"]}}],"collection":[{"href":"https:\/\/staging.nbg.eu\/hr\/wp-json\/wp\/v2\/product"}],"about":[{"href":"https:\/\/staging.nbg.eu\/hr\/wp-json\/wp\/v2\/types\/product"}],"wp:featuredmedia":[{"embeddable":true,"href":"https:\/\/staging.nbg.eu\/hr\/wp-json\/wp\/v2\/media\/107484"}],"wp:attachment":[{"href":"https:\/\/staging.nbg.eu\/hr\/wp-json\/wp\/v2\/media?parent=46748"}],"wp:term":[{"taxonomy":"product_brand","embeddable":true,"href":"https:\/\/staging.nbg.eu\/hr\/wp-json\/wp\/v2\/product_brand?post=46748"},{"taxonomy":"product_cat","embeddable":true,"href":"https:\/\/staging.nbg.eu\/hr\/wp-json\/wp\/v2\/product_cat?post=46748"},{"taxonomy":"product_tag","embeddable":true,"href":"https:\/\/staging.nbg.eu\/hr\/wp-json\/wp\/v2\/product_tag?post=46748"}],"curies":[{"name":"wp","href":"https:\/\/api.w.org\/{rel}","templated":true}]}}