{"id":46517,"date":"2024-07-30T19:46:24","date_gmt":"2024-09-11T16:03:52","guid":{"rendered":"https:\/\/staging.nbg.eu\/product\/iosso-rifle-brush\/"},"modified":"2024-09-11T16:05:20","modified_gmt":"2024-09-11T16:05:20","slug":"iosso-cetka-za-pusku","status":"publish","type":"product","link":"https:\/\/staging.nbg.eu\/hr\/proizvod\/iosso-cetka-za-pusku\/","title":{"rendered":"Iosso \u010cetka za Pu\u0161ku"},"content":{"rendered":"<p>\n\u010cetka za pu\u0161ku u kobaltno plavoj boji od tvrtke Iosso Products. Zna\u010dajke:<\/p>\n<ul>\n<li>Deblja, \u010dvr\u0161\u0107a vlakna za \u010di\u0161\u0107enje naprijed-nazad<\/li>\n<li>Gusto namotana s vi\u0161e vlakana po centimetru<\/li>\n<li>Vi\u0161ekratno upotrebljiva<\/li>\n<li>Pogodna za uporabu s Iosso sredstvom za \u010di\u0161\u0107enje cijevi<\/li>\n<li>Uklanja sve vrste one\u010di\u0161\u0107enja<\/li>\n<li>Zna\u010dajno smanjuje vrijeme \u010di\u0161\u0107enja<\/li>\n<\/ul>\n<p>Efikasno \u010di\u0161\u0107enje cijevi.<\/p>\n","protected":false},"excerpt":{"rendered":"<p>Izdr\u017eljiva kobaltno plava \u010detkica za pu\u0161ku za u\u010dinkovito i dugotrajno \u010di\u0161\u0107enje cijevi.<\/p>\n","protected":false},"featured_media":107415,"template":"","meta":{"_acf_changed":false},"product_brand":[11467],"product_cat":[13577,13550],"product_tag":[],"class_list":{"0":"post-46517","1":"product","2":"type-product","3":"status-publish","4":"has-post-thumbnail","6":"product_brand-iosso","7":"product_cat-cetke","8":"product_cat-ciscenje-oruzja","10":"first","11":"instock","12":"taxable","13":"shipping-taxable","14":"purchasable","15":"product-type-variable","16":"wvs-archive-product-wrapper"},"acf":[],"_links":{"self":[{"href":"https:\/\/staging.nbg.eu\/hr\/wp-json\/wp\/v2\/product\/46517","targetHints":{"allow":["GET"]}}],"collection":[{"href":"https:\/\/staging.nbg.eu\/hr\/wp-json\/wp\/v2\/product"}],"about":[{"href":"https:\/\/staging.nbg.eu\/hr\/wp-json\/wp\/v2\/types\/product"}],"wp:featuredmedia":[{"embeddable":true,"href":"https:\/\/staging.nbg.eu\/hr\/wp-json\/wp\/v2\/media\/107415"}],"wp:attachment":[{"href":"https:\/\/staging.nbg.eu\/hr\/wp-json\/wp\/v2\/media?parent=46517"}],"wp:term":[{"taxonomy":"product_brand","embeddable":true,"href":"https:\/\/staging.nbg.eu\/hr\/wp-json\/wp\/v2\/product_brand?post=46517"},{"taxonomy":"product_cat","embeddable":true,"href":"https:\/\/staging.nbg.eu\/hr\/wp-json\/wp\/v2\/product_cat?post=46517"},{"taxonomy":"product_tag","embeddable":true,"href":"https:\/\/staging.nbg.eu\/hr\/wp-json\/wp\/v2\/product_tag?post=46517"}],"curies":[{"name":"wp","href":"https:\/\/api.w.org\/{rel}","templated":true}]}}