{"id":46392,"date":"2024-07-31T20:54:52","date_gmt":"2024-09-11T15:52:47","guid":{"rendered":"https:\/\/staging.nbg.eu\/product\/shotgun-brush\/"},"modified":"2024-09-11T15:53:28","modified_gmt":"2024-09-11T15:53:28","slug":"cetka-za-sacmare","status":"publish","type":"product","link":"https:\/\/staging.nbg.eu\/hr\/proizvod\/cetka-za-sacmare\/","title":{"rendered":"\u010cetka za Sa\u010dmare"},"content":{"rendered":"<p>\n\u010cetka za sa\u010dmaricu od Iosso Products. Zna\u010dajke:<\/p>\n<ul>\n<li>Deblja, \u010dvr\u0161\u0107a vlakna za \u010di\u0161\u0107enje naprijed-natrag<\/li>\n<li>\u010cvrsto namotana s vi\u0161e vlakana po centimetru<\/li>\n<li>Vi\u0161ekratno upotrebljiva<\/li>\n<li>Pogodna za upotrebu s Iosso sredstvom za \u010di\u0161\u0107enje cijevi<\/li>\n<li>Uklanja sve vrste one\u010di\u0161\u0107enja<\/li>\n<li>Zna\u010dajno smanjuje vrijeme \u010di\u0161\u0107enja<\/li>\n<\/ul>\n<p>U\u010dinkovito \u010di\u0161\u0107enje cijevi.<\/p>\n","protected":false},"excerpt":{"rendered":"<p>Vrhunska \u010detka za \u010di\u0161\u0107enje sa\u010dmarice od kobaltno plave boje za u\u010dinkovito i temeljito \u010di\u0161\u0107enje.<\/p>\n","protected":false},"featured_media":46393,"template":"","meta":{"_acf_changed":false},"product_brand":[],"product_cat":[13577,13550],"product_tag":[],"class_list":{"0":"post-46392","1":"product","2":"type-product","3":"status-publish","4":"has-post-thumbnail","6":"product_cat-cetke","7":"product_cat-ciscenje-oruzja","9":"first","10":"instock","11":"taxable","12":"shipping-taxable","13":"purchasable","14":"product-type-variable","15":"wvs-archive-product-wrapper"},"acf":[],"_links":{"self":[{"href":"https:\/\/staging.nbg.eu\/hr\/wp-json\/wp\/v2\/product\/46392","targetHints":{"allow":["GET"]}}],"collection":[{"href":"https:\/\/staging.nbg.eu\/hr\/wp-json\/wp\/v2\/product"}],"about":[{"href":"https:\/\/staging.nbg.eu\/hr\/wp-json\/wp\/v2\/types\/product"}],"wp:featuredmedia":[{"embeddable":true,"href":"https:\/\/staging.nbg.eu\/hr\/wp-json\/wp\/v2\/media\/46393"}],"wp:attachment":[{"href":"https:\/\/staging.nbg.eu\/hr\/wp-json\/wp\/v2\/media?parent=46392"}],"wp:term":[{"taxonomy":"product_brand","embeddable":true,"href":"https:\/\/staging.nbg.eu\/hr\/wp-json\/wp\/v2\/product_brand?post=46392"},{"taxonomy":"product_cat","embeddable":true,"href":"https:\/\/staging.nbg.eu\/hr\/wp-json\/wp\/v2\/product_cat?post=46392"},{"taxonomy":"product_tag","embeddable":true,"href":"https:\/\/staging.nbg.eu\/hr\/wp-json\/wp\/v2\/product_tag?post=46392"}],"curies":[{"name":"wp","href":"https:\/\/api.w.org\/{rel}","templated":true}]}}