{"id":46143,"date":"2024-08-03T08:31:54","date_gmt":"2024-09-11T15:10:48","guid":{"rendered":"https:\/\/staging.nbg.eu\/product\/rh-owb-tac-duty-holster\/"},"modified":"2024-09-11T15:11:39","modified_gmt":"2024-09-11T15:11:39","slug":"rh-owb-tacduty-futrola","status":"publish","type":"product","link":"https:\/\/staging.nbg.eu\/hr\/proizvod\/rh-owb-tacduty-futrola\/","title":{"rendered":"RH OWB Tac\/Duty Futrola"},"content":{"rendered":"<p>RH OWB Tac\/Duty Holster je kydex futrola za takti\u010dku i slu\u017ebenu upotrebu. Zna\u010dajke uklju\u010duju:<\/p>\n<ul>\n<li>Kompatibilnost s lampama montiranim na oru\u017eje<\/li>\n<li>Odgovara Safariland, Blackhawk ili Blade-Tech platformama<\/li>\n<li>Prikladno za no\u0161enje na spu\u0161tenoj bedrenoj poziciji<\/li>\n<li>Jednostavno odr\u017eavanje i \u010di\u0161\u0107enje<\/li>\n<li>Koriste ga \u010ce\u0161ke oru\u017eane snage i policija<\/li>\n<\/ul>\n<p>Prikladno za slu\u017ebeno oru\u017eje, obuku i takti\u010dke operacije.<\/p>\n","protected":false},"excerpt":{"rendered":"<p>Izdr\u017eljiva Kydex futrola za slu\u017ebenu uporabu. Odgovara slu\u017ebenom oru\u017eju i svjetiljkama.<\/p>\n","protected":false},"featured_media":46144,"template":"","meta":{"_acf_changed":false},"product_brand":[11629],"product_cat":[13523,13561,13510],"product_tag":[],"class_list":{"0":"post-46143","1":"product","2":"type-product","3":"status-publish","4":"has-post-thumbnail","6":"product_brand-rh-holsters","7":"product_cat-futrola","8":"product_cat-sportska-futrola","9":"product_cat-takticka-futrola","10":"pa_light-surefire-x300-ultra-a-hr","11":"pa_model-glock-17-hr","12":"pa_safety-automatic-hr","13":"pa_strong-hand-right-hr","15":"first","16":"instock","17":"taxable","18":"shipping-taxable","19":"purchasable","20":"product-type-variable","21":"wvs-archive-product-wrapper"},"acf":[],"_links":{"self":[{"href":"https:\/\/staging.nbg.eu\/hr\/wp-json\/wp\/v2\/product\/46143","targetHints":{"allow":["GET"]}}],"collection":[{"href":"https:\/\/staging.nbg.eu\/hr\/wp-json\/wp\/v2\/product"}],"about":[{"href":"https:\/\/staging.nbg.eu\/hr\/wp-json\/wp\/v2\/types\/product"}],"wp:featuredmedia":[{"embeddable":true,"href":"https:\/\/staging.nbg.eu\/hr\/wp-json\/wp\/v2\/media\/46144"}],"wp:attachment":[{"href":"https:\/\/staging.nbg.eu\/hr\/wp-json\/wp\/v2\/media?parent=46143"}],"wp:term":[{"taxonomy":"product_brand","embeddable":true,"href":"https:\/\/staging.nbg.eu\/hr\/wp-json\/wp\/v2\/product_brand?post=46143"},{"taxonomy":"product_cat","embeddable":true,"href":"https:\/\/staging.nbg.eu\/hr\/wp-json\/wp\/v2\/product_cat?post=46143"},{"taxonomy":"product_tag","embeddable":true,"href":"https:\/\/staging.nbg.eu\/hr\/wp-json\/wp\/v2\/product_tag?post=46143"}],"curies":[{"name":"wp","href":"https:\/\/api.w.org\/{rel}","templated":true}]}}