{"id":46039,"date":"2024-08-03T09:01:48","date_gmt":"2024-09-11T09:29:17","guid":{"rendered":"https:\/\/staging.nbg.eu\/product\/rh-sharky-iwb-holster\/"},"modified":"2024-09-11T09:30:05","modified_gmt":"2024-09-11T09:30:05","slug":"rh-sharky-iwb-futrola","status":"publish","type":"product","link":"https:\/\/staging.nbg.eu\/hr\/proizvod\/rh-sharky-iwb-futrola\/","title":{"rendered":"RH Sharky IWB Futrola"},"content":{"rendered":"<p>RH Sharky IWB futrola za skriveno no\u0161enje. Zna\u010dajke uklju\u010duju:<\/p>\n<ul>\n<li>Konstrukcija izra\u0111ena vakuumskim pre\u0161anjem<\/li>\n<li>Dvostruka kop\u010da za siguran prihvat<\/li>\n<li>Podesivi nagib i visina<\/li>\n<li>Prihva\u0107a crvene to\u010dkaste ciljnike i produ\u017eene cijevi<\/li>\n<li>Integrirani klin za bolje prikrivanje<\/li>\n<li>Pode\u0161avanje rukohvata za individualni fit<\/li>\n<\/ul>\n<p>Futrola za no\u0161enje unutar pojasa.<\/p>\n","protected":false},"excerpt":{"rendered":"<p>Sigurna, podesiva unutarnja pojasna futrola za skriveno no\u0161enje s crvenom to\u010dkom.<\/p>\n","protected":false},"featured_media":46042,"template":"","meta":{"_acf_changed":false},"product_brand":[11629],"product_cat":[13523,13510],"product_tag":[],"class_list":{"0":"post-46039","1":"product","2":"type-product","3":"status-publish","4":"has-post-thumbnail","6":"product_brand-rh-holsters","7":"product_cat-futrola","8":"product_cat-takticka-futrola","9":"pa_clips-monoblock-hr","10":"pa_light-surefire-x300-ultra-a-hr","11":"pa_light-without-light-hr","12":"pa_model-glock-17-hr","13":"pa_model-glock-43x-hr","14":"pa_strong-hand-left-hr","15":"pa_strong-hand-right-hr","17":"first","18":"instock","19":"taxable","20":"shipping-taxable","21":"purchasable","22":"product-type-variable","23":"wvs-archive-product-wrapper"},"acf":[],"_links":{"self":[{"href":"https:\/\/staging.nbg.eu\/hr\/wp-json\/wp\/v2\/product\/46039","targetHints":{"allow":["GET"]}}],"collection":[{"href":"https:\/\/staging.nbg.eu\/hr\/wp-json\/wp\/v2\/product"}],"about":[{"href":"https:\/\/staging.nbg.eu\/hr\/wp-json\/wp\/v2\/types\/product"}],"wp:featuredmedia":[{"embeddable":true,"href":"https:\/\/staging.nbg.eu\/hr\/wp-json\/wp\/v2\/media\/46042"}],"wp:attachment":[{"href":"https:\/\/staging.nbg.eu\/hr\/wp-json\/wp\/v2\/media?parent=46039"}],"wp:term":[{"taxonomy":"product_brand","embeddable":true,"href":"https:\/\/staging.nbg.eu\/hr\/wp-json\/wp\/v2\/product_brand?post=46039"},{"taxonomy":"product_cat","embeddable":true,"href":"https:\/\/staging.nbg.eu\/hr\/wp-json\/wp\/v2\/product_cat?post=46039"},{"taxonomy":"product_tag","embeddable":true,"href":"https:\/\/staging.nbg.eu\/hr\/wp-json\/wp\/v2\/product_tag?post=46039"}],"curies":[{"name":"wp","href":"https:\/\/api.w.org\/{rel}","templated":true}]}}