{"id":45747,"date":"2024-08-03T14:31:50","date_gmt":"2024-09-10T15:00:52","guid":{"rendered":"https:\/\/staging.nbg.eu\/product\/rh-frogy-owb-holster\/"},"modified":"2024-09-10T15:01:38","modified_gmt":"2024-09-10T15:01:38","slug":"rh-frogy-owb-futrola","status":"publish","type":"product","link":"https:\/\/staging.nbg.eu\/hr\/proizvod\/rh-frogy-owb-futrola\/","title":{"rendered":"RH Frogy OWB Futrola"},"content":{"rendered":"<div class=\"product-description\">\n<h2>RH Frogy OWB Futrola<\/h2>\n<p>Do\u017eivite vrhunsko prikriveno no\u0161enje s RH Frogy OWB futralom. Dizajnirana za no\u0161enje izvan pojasa, ova futrola ima sljede\u0107e zna\u010dajke:<\/p>\n<ul>\n<li>Jedinstvena konstrukcija s integriranom zna\u010dajkom pritiska za bolje prikrivanje oru\u017eja<\/li>\n<li>Udobno no\u0161enje s dizajnom koji ispunjava prostor ispod pojasa za stabilno pozicioniranje<\/li>\n<li>Vakuumski pre\u0161ani Kydex debljine 2,5 mm s rebrima za pobolj\u0161anu izdr\u017eljivost i krutost<\/li>\n<li>Ru\u010dno polirani rubovi za maksimalnu udobnost<\/li>\n<li>Nagnuti polo\u017eaj oru\u017eja za bolje prikrivanje i izvla\u010denje<\/li>\n<li>Podesivi hvat i nagib<\/li>\n<li>Kompatibilna s crvenim to\u010dkastim ni\u0161anima i produ\u017eenim cijevima\/navojima<\/li>\n<\/ul>\n<p>Precizno oblikovana i izra\u0111ena od jednog komada Kydexa, ova futrola nudi optimalno prikrivanje i udobnost. Njezin otvoreni dizajn omogu\u0107uje lako \u010di\u0161\u0107enje i prilago\u0111ava se razli\u010ditim modifikacijama oru\u017eja.<\/p>\n<\/div>\n","protected":false},"excerpt":{"rendered":"<p>RH Frogy OWB futrola: Skriveno, udobno, podesivo kydex no\u0161enje.<\/p>\n","protected":false},"featured_media":45751,"template":"","meta":{"_acf_changed":false},"product_brand":[11629],"product_cat":[13523,13561,13510],"product_tag":[],"class_list":{"0":"post-45747","1":"product","2":"type-product","3":"status-publish","4":"has-post-thumbnail","6":"product_brand-rh-holsters","7":"product_cat-futrola","8":"product_cat-sportska-futrola","9":"product_cat-takticka-futrola","10":"pa_belt-size-40mm-hr","11":"pa_model-glock-17-hr","12":"pa_model-glock-19-23-32-hr","13":"pa_strong-hand-right-hr","15":"first","16":"instock","17":"taxable","18":"shipping-taxable","19":"purchasable","20":"product-type-variable","21":"wvs-archive-product-wrapper"},"acf":[],"_links":{"self":[{"href":"https:\/\/staging.nbg.eu\/hr\/wp-json\/wp\/v2\/product\/45747","targetHints":{"allow":["GET"]}}],"collection":[{"href":"https:\/\/staging.nbg.eu\/hr\/wp-json\/wp\/v2\/product"}],"about":[{"href":"https:\/\/staging.nbg.eu\/hr\/wp-json\/wp\/v2\/types\/product"}],"wp:featuredmedia":[{"embeddable":true,"href":"https:\/\/staging.nbg.eu\/hr\/wp-json\/wp\/v2\/media\/45751"}],"wp:attachment":[{"href":"https:\/\/staging.nbg.eu\/hr\/wp-json\/wp\/v2\/media?parent=45747"}],"wp:term":[{"taxonomy":"product_brand","embeddable":true,"href":"https:\/\/staging.nbg.eu\/hr\/wp-json\/wp\/v2\/product_brand?post=45747"},{"taxonomy":"product_cat","embeddable":true,"href":"https:\/\/staging.nbg.eu\/hr\/wp-json\/wp\/v2\/product_cat?post=45747"},{"taxonomy":"product_tag","embeddable":true,"href":"https:\/\/staging.nbg.eu\/hr\/wp-json\/wp\/v2\/product_tag?post=45747"}],"curies":[{"name":"wp","href":"https:\/\/api.w.org\/{rel}","templated":true}]}}