{"id":45682,"date":"2024-08-03T14:57:22","date_gmt":"2024-09-10T14:56:30","guid":{"rendered":"https:\/\/staging.nbg.eu\/product\/rh-sport-pistol-mag-holder\/"},"modified":"2024-09-10T14:57:18","modified_gmt":"2024-09-10T14:57:18","slug":"rh-sport-drzac-spremnika-za-pistolj","status":"publish","type":"product","link":"https:\/\/staging.nbg.eu\/hr\/proizvod\/rh-sport-drzac-spremnika-za-pistolj\/","title":{"rendered":"RH Sport Dr\u017ea\u010d Spremnika za Pi\u0161tolj"},"content":{"rendered":"<p>RH Sport dr\u017ea\u010d za pi\u0161toljski okvir je premium rje\u0161enje za no\u0161enje izvan pojasa, pogodno za prikriveno no\u0161enje i kori\u0161tenje na streljani. Zna\u010dajke uklju\u010duju:<\/p>\n<ul>\n<li>Konstrukciju od 2 mm Kydexa oblikovanog vakuumskim pre\u0161anjem<\/li>\n<li>Precizno pristajanje za no\u0161enje jednog ili dva okvira<\/li>\n<li>O\u0161tre udubine s glatkim, ru\u010dno rezanim rubovima<\/li>\n<li>Izdr\u017eljivu konstrukciju sa \u0161upljim zakovicama<\/li>\n<li>Laku dostupnost za brzo ponovno punjenje<\/li>\n<\/ul>\n<p>Dizajniran za udobnost i pouzdanost, savr\u0161en je pratitelj za va\u0161e vatreno oru\u017eje.<\/p>\n","protected":false},"excerpt":{"rendered":"<p>Sigurni OWB Kydex dr\u017ea\u010d spremnika za brzi pristup na streli\u0161tu ili za skriveno no\u0161enje.<\/p>\n","protected":false},"featured_media":45683,"template":"","meta":{"_acf_changed":false},"product_brand":[11629],"product_cat":[13512,13523],"product_tag":[],"class_list":{"0":"post-45682","1":"product","2":"type-product","3":"status-publish","4":"has-post-thumbnail","6":"product_brand-rh-holsters","7":"product_cat-drzaci-spremnika","8":"product_cat-futrola","9":"pa_model-kmr-spectra-hr","10":"pa_strong-hand-right-hr","12":"first","13":"instock","14":"taxable","15":"shipping-taxable","16":"purchasable","17":"product-type-variable","18":"wvs-archive-product-wrapper"},"acf":[],"_links":{"self":[{"href":"https:\/\/staging.nbg.eu\/hr\/wp-json\/wp\/v2\/product\/45682","targetHints":{"allow":["GET"]}}],"collection":[{"href":"https:\/\/staging.nbg.eu\/hr\/wp-json\/wp\/v2\/product"}],"about":[{"href":"https:\/\/staging.nbg.eu\/hr\/wp-json\/wp\/v2\/types\/product"}],"wp:featuredmedia":[{"embeddable":true,"href":"https:\/\/staging.nbg.eu\/hr\/wp-json\/wp\/v2\/media\/45683"}],"wp:attachment":[{"href":"https:\/\/staging.nbg.eu\/hr\/wp-json\/wp\/v2\/media?parent=45682"}],"wp:term":[{"taxonomy":"product_brand","embeddable":true,"href":"https:\/\/staging.nbg.eu\/hr\/wp-json\/wp\/v2\/product_brand?post=45682"},{"taxonomy":"product_cat","embeddable":true,"href":"https:\/\/staging.nbg.eu\/hr\/wp-json\/wp\/v2\/product_cat?post=45682"},{"taxonomy":"product_tag","embeddable":true,"href":"https:\/\/staging.nbg.eu\/hr\/wp-json\/wp\/v2\/product_tag?post=45682"}],"curies":[{"name":"wp","href":"https:\/\/api.w.org\/{rel}","templated":true}]}}