{"id":45598,"date":"2024-08-04T20:46:31","date_gmt":"2024-09-10T14:51:57","guid":{"rendered":"https:\/\/staging.nbg.eu\/product\/rh-ar15-m4-owb-mag-holder\/"},"modified":"2024-09-10T14:52:44","modified_gmt":"2024-09-10T14:52:44","slug":"rh-ar15m4-owb-drzac-spremnika","status":"publish","type":"product","link":"https:\/\/staging.nbg.eu\/hr\/proizvod\/rh-ar15m4-owb-drzac-spremnika\/","title":{"rendered":"RH AR15\/M4 OWB Dr\u017ea\u010d Spremnika"},"content":{"rendered":"<p>RH AR15\/M4 OWB dr\u017ea\u010d za spremnik savr\u0161en je za IPSC i slu\u017ebenu uporabu. Zna\u010dajke uklju\u010duju:<\/p>\n<ul>\n<li>Podesivi stisak za optimalnu otpornost<\/li>\n<li>Laka dostupnost<\/li>\n<li>Kompatibilnost sa sportskim i takti\u010dkim pojasevima<\/li>\n<li>Precizno oblikovan za savr\u0161eno pristajanje<\/li>\n<li>O\u0161tri urezi s glatkim rubovima<\/li>\n<\/ul>\n<p>Idealan za PCC spremnike, ovaj dr\u017ea\u010d nudi vrhunske performanse i udobnost.<\/p>\n","protected":false},"excerpt":{"rendered":"<p>Podesivi IPSC\/service dr\u017ea\u010d spremnika za jednostavan pristup na takti\u010dkim pojasevima<\/p>\n","protected":false},"featured_media":45600,"template":"","meta":{"_acf_changed":false},"product_brand":[11629],"product_cat":[13512,13523],"product_tag":[],"class_list":{"0":"post-45598","1":"product","2":"type-product","3":"status-publish","4":"has-post-thumbnail","6":"product_brand-rh-holsters","7":"product_cat-drzaci-spremnika","8":"product_cat-futrola","9":"pa_model-ar-15-hr","10":"pa_strong-hand-right-hr","12":"first","13":"instock","14":"taxable","15":"shipping-taxable","16":"purchasable","17":"product-type-variable","18":"wvs-archive-product-wrapper"},"acf":[],"_links":{"self":[{"href":"https:\/\/staging.nbg.eu\/hr\/wp-json\/wp\/v2\/product\/45598","targetHints":{"allow":["GET"]}}],"collection":[{"href":"https:\/\/staging.nbg.eu\/hr\/wp-json\/wp\/v2\/product"}],"about":[{"href":"https:\/\/staging.nbg.eu\/hr\/wp-json\/wp\/v2\/types\/product"}],"wp:featuredmedia":[{"embeddable":true,"href":"https:\/\/staging.nbg.eu\/hr\/wp-json\/wp\/v2\/media\/45600"}],"wp:attachment":[{"href":"https:\/\/staging.nbg.eu\/hr\/wp-json\/wp\/v2\/media?parent=45598"}],"wp:term":[{"taxonomy":"product_brand","embeddable":true,"href":"https:\/\/staging.nbg.eu\/hr\/wp-json\/wp\/v2\/product_brand?post=45598"},{"taxonomy":"product_cat","embeddable":true,"href":"https:\/\/staging.nbg.eu\/hr\/wp-json\/wp\/v2\/product_cat?post=45598"},{"taxonomy":"product_tag","embeddable":true,"href":"https:\/\/staging.nbg.eu\/hr\/wp-json\/wp\/v2\/product_tag?post=45598"}],"curies":[{"name":"wp","href":"https:\/\/api.w.org\/{rel}","templated":true}]}}