{"id":45512,"date":"2024-08-16T11:10:46","date_gmt":"2024-09-10T14:47:15","guid":{"rendered":"https:\/\/staging.nbg.eu\/product\/barwarus-knob-for-ak47-charging-handle\/"},"modified":"2024-09-10T14:47:54","modified_gmt":"2024-09-10T14:47:54","slug":"barwarus-gumb-za-ak47-rucica-za-punjenje","status":"publish","type":"product","link":"https:\/\/staging.nbg.eu\/hr\/proizvod\/barwarus-gumb-za-ak47-rucica-za-punjenje\/","title":{"rendered":"Barwarus Gumb za AK47 (ru\u010dica za punjenje)"},"content":{"rendered":"<div class=\"product-description\">\n<h2>Barwarus ru\u010dica za zatvara\u010d AK47<\/h2>\n<p>Nadogradite svoj AK47 s Barwarus ru\u010dicom, vrhunskim dodatkom za va\u0161 zatvara\u010d. Ovaj precizno izra\u0111en dodatak lako se pri\u010dvr\u0161\u0107uje na postoje\u0107i zatvara\u010d, pru\u017eaju\u0107i glatku, pove\u0107anu ru\u010dicu za jednostavno rukovanje oru\u017ejem.<\/p>\n<ul>\n<li>Pa\u017eljivo dizajnirana za AK47 i sli\u010dne modele<\/li>\n<li>Ergonomski oblik udobno pristaje u bilo kojem polo\u017eaju prsta<\/li>\n<li>Sigurno prijanjanje sprje\u010dava probleme s otpu\u0161tanjem uobi\u010dajene kod drugih ru\u010dica<\/li>\n<li>Nije potrebno zavarivanje &#8211; koristi postoje\u0107i vijak za jednostavnu instalaciju<\/li>\n<li>Kompatibilno s ve\u0107inom AK47 varijanti<\/li>\n<\/ul>\n<p>Iskusite pobolj\u0161ano rukovanje i pouzdanost s Barwarus ru\u010dicom. Unaprijedite svoje iskustvo pucanja ve\u0107 danas!<\/p>\n<\/div>\n","protected":false},"excerpt":{"rendered":"<p>Pobolj\u0161ano dugme za ru\u010dicu za repetiranje AK47 za gla\u0111i rad<\/p>\n","protected":false},"featured_media":101451,"template":"","meta":{"_acf_changed":false},"product_brand":[11100],"product_cat":[13503,13518],"product_tag":[],"class_list":{"0":"post-45512","1":"product","2":"type-product","3":"status-publish","4":"has-post-thumbnail","6":"product_brand-barwarus","7":"product_cat-ak-tuning","8":"product_cat-rifle-tuning","10":"first","11":"outofstock","12":"taxable","13":"shipping-taxable","14":"purchasable","15":"product-type-variable","16":"wvs-archive-product-wrapper"},"acf":[],"_links":{"self":[{"href":"https:\/\/staging.nbg.eu\/hr\/wp-json\/wp\/v2\/product\/45512","targetHints":{"allow":["GET"]}}],"collection":[{"href":"https:\/\/staging.nbg.eu\/hr\/wp-json\/wp\/v2\/product"}],"about":[{"href":"https:\/\/staging.nbg.eu\/hr\/wp-json\/wp\/v2\/types\/product"}],"wp:featuredmedia":[{"embeddable":true,"href":"https:\/\/staging.nbg.eu\/hr\/wp-json\/wp\/v2\/media\/101451"}],"wp:attachment":[{"href":"https:\/\/staging.nbg.eu\/hr\/wp-json\/wp\/v2\/media?parent=45512"}],"wp:term":[{"taxonomy":"product_brand","embeddable":true,"href":"https:\/\/staging.nbg.eu\/hr\/wp-json\/wp\/v2\/product_brand?post=45512"},{"taxonomy":"product_cat","embeddable":true,"href":"https:\/\/staging.nbg.eu\/hr\/wp-json\/wp\/v2\/product_cat?post=45512"},{"taxonomy":"product_tag","embeddable":true,"href":"https:\/\/staging.nbg.eu\/hr\/wp-json\/wp\/v2\/product_tag?post=45512"}],"curies":[{"name":"wp","href":"https:\/\/api.w.org\/{rel}","templated":true}]}}