{"id":45465,"date":"2024-08-16T17:57:18","date_gmt":"2024-09-10T14:26:01","guid":{"rendered":"https:\/\/staging.nbg.eu\/product\/clips-ulticlip-3\/"},"modified":"2024-09-10T14:26:35","modified_gmt":"2024-09-10T14:26:35","slug":"kopce-ulticlip-3","status":"publish","type":"product","link":"https:\/\/staging.nbg.eu\/hr\/proizvod\/kopce-ulticlip-3\/","title":{"rendered":"Kop\u010de Ulticlip 3+"},"content":{"rendered":"<div class=\"product-description\">\n<h2>Clips Ulticlip 3+: Vrhunsko prikrivanje i zadr\u017eavanje<\/h2>\n<p>Do\u017eivite neusporedivo prikrivanje i zadr\u017eavanje s Ulticlip3+. Ova 100% ameri\u010dka kop\u010da nudi:<\/p>\n<ul>\n<li>Vrhunsku opciju no\u0161enja bez remena<\/li>\n<li>Vojnu crnu oksidnu zavr\u0161nu obradu<\/li>\n<li>Toplinski obra\u0111eni C-1075 opru\u017eni \u010delik (RC 42-49)<\/li>\n<li>Tretiran voskom\/uljem za glatko funkcioniranje i prevenciju hr\u0111e<\/li>\n<li>Preko 10 puta bolje zadr\u017eavanje u usporedbi sa standardnim kop\u010dama za futrole<\/li>\n<\/ul>\n<p>Ulticlip3+ ima ravno podru\u010dje za monta\u017eu s 2 utora i 1 rupom, omogu\u0107uju\u0107i raznovrsne opcije pri\u010dvr\u0161\u0107ivanja s razmakom rupa do 1,70&#8243;. S dimenzijama od samo 3,5&#8243; x 7\/8&#8243; i te\u017einom od samo 0,78 oz, nudi minimalni profil uz maksimalno prikrivanje.<\/p>\n<p>Nadogradite svoj sustav no\u0161enja s Ulticlip3+ danas!<\/p>\n<\/div>\n","protected":false},"excerpt":{"rendered":"<p>Siguran, tanki kop\u010da za no\u0161enje bez remena. Vi\u0161e opcija za montiranje.<\/p>\n","protected":false},"featured_media":22711,"template":"","meta":{"_acf_changed":false},"product_brand":[],"product_cat":[13556,13536],"product_tag":[],"class_list":{"0":"post-45465","1":"product","2":"type-product","3":"status-publish","4":"has-post-thumbnail","6":"product_cat-dodaci-za-futrole","7":"product_cat-oprema","9":"first","10":"instock","11":"taxable","12":"shipping-taxable","13":"purchasable","14":"product-type-simple"},"acf":[],"_links":{"self":[{"href":"https:\/\/staging.nbg.eu\/hr\/wp-json\/wp\/v2\/product\/45465","targetHints":{"allow":["GET"]}}],"collection":[{"href":"https:\/\/staging.nbg.eu\/hr\/wp-json\/wp\/v2\/product"}],"about":[{"href":"https:\/\/staging.nbg.eu\/hr\/wp-json\/wp\/v2\/types\/product"}],"wp:featuredmedia":[{"embeddable":true,"href":"https:\/\/staging.nbg.eu\/hr\/wp-json\/wp\/v2\/media\/22711"}],"wp:attachment":[{"href":"https:\/\/staging.nbg.eu\/hr\/wp-json\/wp\/v2\/media?parent=45465"}],"wp:term":[{"taxonomy":"product_brand","embeddable":true,"href":"https:\/\/staging.nbg.eu\/hr\/wp-json\/wp\/v2\/product_brand?post=45465"},{"taxonomy":"product_cat","embeddable":true,"href":"https:\/\/staging.nbg.eu\/hr\/wp-json\/wp\/v2\/product_cat?post=45465"},{"taxonomy":"product_tag","embeddable":true,"href":"https:\/\/staging.nbg.eu\/hr\/wp-json\/wp\/v2\/product_tag?post=45465"}],"curies":[{"name":"wp","href":"https:\/\/api.w.org\/{rel}","templated":true}]}}