{"id":45443,"date":"2024-08-16T17:59:54","date_gmt":"2024-09-10T14:23:58","guid":{"rendered":"https:\/\/staging.nbg.eu\/product\/clips-ulticlip-xl\/"},"modified":"2024-09-10T14:24:31","modified_gmt":"2024-09-10T14:24:31","slug":"kopce-ulticlip-xl","status":"publish","type":"product","link":"https:\/\/staging.nbg.eu\/hr\/proizvod\/kopce-ulticlip-xl\/","title":{"rendered":"Kop\u010de Ulticlip XL"},"content":{"rendered":"<div class=\"product-description\">\n<h2>Clips Ulticlip XL: Vrhunska vi\u0161enamjenska kop\u010da za futrolu<\/h2>\n<p>Predstavljamo Ulticlip XL, prvu svjetsku vi\u0161enamjensku kop\u010du za futrolu i zaklju\u010davaju\u0107u \u010deli\u010dnu petlju za remen u jednom. Ovaj inovativni ure\u0111aj nudi neusporedivu svestranost za no\u0161enje futrola, korica za no\u017eeve i dodatne opreme.<\/p>\n<ul>\n<li>Dvostruka funkcionalnost: Koristite kao kop\u010du za futrolu ili petlju za remen<\/li>\n<li>Kompatibilno s IWB i OWB no\u0161enjem<\/li>\n<li>Ugra\u0111eni vi\u0161enamjenski klju\u010d (1\/4&#8243;, 5\/16&#8243;, 3\/8&#8243;) i ravni odvija\u010d<\/li>\n<li>Vi\u0161estruke to\u010dke pri\u010dvr\u0161\u0107ivanja za razli\u010dite proizvode<\/li>\n<li>Zaklju\u010davaju\u0107a \u010deli\u010dna petlja za remene \u0161irine 1,5&#8243; (do 3\/8&#8243; debljine)<\/li>\n<li>Zavr\u0161na obrada crnim oksidom vojne kvalitete<\/li>\n<li>Konstrukcija od toplinski obra\u0111enog 1075 i 1050 opru\u017enog \u010delika<\/li>\n<li>Veli\u010dina: 3,5&#8243; x 7\/8&#8243;, Te\u017eina: 1,37 oz.<\/li>\n<\/ul>\n<p>Do\u017eivite vrhunsko rje\u0161enje za no\u0161enje s Ulticlip XL-om!<\/p>\n<\/div>\n","protected":false},"excerpt":{"rendered":"<p>Ulticlip XL: Vi\u0161enamjenski kop\u010da za futrolu i zaklju\u010davaju\u0107a petlja za remen za svestrano no\u0161enje.<\/p>\n","protected":false},"featured_media":22987,"template":"","meta":{"_acf_changed":false},"product_brand":[],"product_cat":[13556,13536],"product_tag":[],"class_list":{"0":"post-45443","1":"product","2":"type-product","3":"status-publish","4":"has-post-thumbnail","6":"product_cat-dodaci-za-futrole","7":"product_cat-oprema","9":"first","10":"instock","11":"taxable","12":"shipping-taxable","13":"purchasable","14":"product-type-simple"},"acf":[],"_links":{"self":[{"href":"https:\/\/staging.nbg.eu\/hr\/wp-json\/wp\/v2\/product\/45443","targetHints":{"allow":["GET"]}}],"collection":[{"href":"https:\/\/staging.nbg.eu\/hr\/wp-json\/wp\/v2\/product"}],"about":[{"href":"https:\/\/staging.nbg.eu\/hr\/wp-json\/wp\/v2\/types\/product"}],"wp:featuredmedia":[{"embeddable":true,"href":"https:\/\/staging.nbg.eu\/hr\/wp-json\/wp\/v2\/media\/22987"}],"wp:attachment":[{"href":"https:\/\/staging.nbg.eu\/hr\/wp-json\/wp\/v2\/media?parent=45443"}],"wp:term":[{"taxonomy":"product_brand","embeddable":true,"href":"https:\/\/staging.nbg.eu\/hr\/wp-json\/wp\/v2\/product_brand?post=45443"},{"taxonomy":"product_cat","embeddable":true,"href":"https:\/\/staging.nbg.eu\/hr\/wp-json\/wp\/v2\/product_cat?post=45443"},{"taxonomy":"product_tag","embeddable":true,"href":"https:\/\/staging.nbg.eu\/hr\/wp-json\/wp\/v2\/product_tag?post=45443"}],"curies":[{"name":"wp","href":"https:\/\/api.w.org\/{rel}","templated":true}]}}