{"id":45319,"date":"2024-08-16T18:09:38","date_gmt":"2024-08-16T18:09:38","guid":{"rendered":"https:\/\/staging.nbg.eu\/product\/weather-dot\/"},"modified":"2024-10-16T09:41:49","modified_gmt":"2024-10-16T09:41:49","slug":"calypso-weather-dot","status":"publish","type":"product","link":"https:\/\/staging.nbg.eu\/hr\/proizvod\/calypso-weather-dot\/","title":{"rendered":"Calypso Weather DOT"},"content":{"rendered":"<div class=\"product-description\">\n<h2>WeatherDot: Prijenosna meteorolo\u0161ka stanica<\/h2>\n<p>Do\u017eivite precizno pra\u0107enje vremena s WeatherDot-om, va\u0161om kompaktnom i svestranom meteorolo\u0161kom stanicom. Opremljena senzorima za temperaturu, tlak i vla\u017enost, ovaj lagani ure\u0111aj nudi:<\/p>\n<ul>\n<li>Bluetooth povezivost<\/li>\n<li>Pohranu 24.000 podatkovnih to\u010daka<\/li>\n<li>Kompatibilnost s trono\u0161cem<\/li>\n<li>400 sati trajanja baterije s be\u017ei\u010dnim QI punjenjem<\/li>\n<li>Kompatibilnost s besplatnom Anemotracker aplikacijom (iOS\/Android)<\/li>\n<\/ul>\n<p>Savr\u0161en za samostalnu upotrebu ili u kombinaciji s na\u0161im ultrazvu\u010dnim prijenosnim mini anemometrom. Paket uklju\u010duje WeatherDot ure\u0111aj, be\u017ei\u010dni QI punja\u010d s USB kabelom i kratki korisni\u010dki vodi\u010d.<\/p>\n<p>Budite informirani o svom okru\u017eenju s WeatherDot-om \u2013 va\u0161im prijenosnim vremenskim pratiteljem!<\/p>\n<\/div>\n","protected":false},"excerpt":{"rendered":"<p>Prijenosna meteorolo\u0161ka stanica: temperatura, tlak, vla\u017enost. Bluetooth, kompatibilna s aplikacijom.<\/p>\n","protected":false},"featured_media":102234,"template":"","meta":{"_acf_changed":false},"product_brand":[11169],"product_cat":[13572,13511],"product_tag":[],"class_list":{"0":"post-45319","1":"product","2":"type-product","3":"status-publish","4":"has-post-thumbnail","6":"product_brand-calypso","7":"product_cat-alati","8":"product_cat-meteoroloski-mjeraci","10":"first","11":"outofstock","12":"taxable","13":"shipping-taxable","14":"purchasable","15":"product-type-simple"},"acf":[],"_links":{"self":[{"href":"https:\/\/staging.nbg.eu\/hr\/wp-json\/wp\/v2\/product\/45319","targetHints":{"allow":["GET"]}}],"collection":[{"href":"https:\/\/staging.nbg.eu\/hr\/wp-json\/wp\/v2\/product"}],"about":[{"href":"https:\/\/staging.nbg.eu\/hr\/wp-json\/wp\/v2\/types\/product"}],"wp:featuredmedia":[{"embeddable":true,"href":"https:\/\/staging.nbg.eu\/hr\/wp-json\/wp\/v2\/media\/102234"}],"wp:attachment":[{"href":"https:\/\/staging.nbg.eu\/hr\/wp-json\/wp\/v2\/media?parent=45319"}],"wp:term":[{"taxonomy":"product_brand","embeddable":true,"href":"https:\/\/staging.nbg.eu\/hr\/wp-json\/wp\/v2\/product_brand?post=45319"},{"taxonomy":"product_cat","embeddable":true,"href":"https:\/\/staging.nbg.eu\/hr\/wp-json\/wp\/v2\/product_cat?post=45319"},{"taxonomy":"product_tag","embeddable":true,"href":"https:\/\/staging.nbg.eu\/hr\/wp-json\/wp\/v2\/product_tag?post=45319"}],"curies":[{"name":"wp","href":"https:\/\/api.w.org\/{rel}","templated":true}]}}